{"id":3521,"date":"2025-11-03T08:04:07","date_gmt":"2025-11-03T08:04:07","guid":{"rendered":"https:\/\/www.profumeriadolcevita.com\/?post_type=product&#038;p=3521"},"modified":"2026-04-08T16:15:56","modified_gmt":"2026-04-08T16:15:56","slug":"lancome-oui-la-vie-est-belle-eau-de-parfum","status":"publish","type":"product","link":"https:\/\/www.profumeriadolcevita.com\/en\/shop\/lancome-oui-la-vie-est-belle-eau-de-parfum\/","title":{"rendered":"Lanc\u00f4me Oui La Vie Est Belle Eau De Parfum"},"content":{"rendered":"<p>Profumo donna <strong>Lanc\u00f4me Oui La Vie Est Belle <\/strong>eau de parfum<\/p>\n<p>Scopri l&#8217;aspetto migliore della felicit\u00e0: <strong>Oui La Vie est Belle<\/strong>, la prima Iris Gourmand sublimata dalla Rosa. Per questa nuova Eau de Parfum, l&#8217;iconica firma olfattiva de La Vie Est Belle \u00e8 esaltata da un duo eccezionale dei fiori pi\u00f9 <strong>nobili<\/strong> e <strong>preziosi<\/strong> della profumeria: l&#8217;essenza di Rose di sparta e un prezioso concentrato di Iris Pallida. Una fragranza come un bouquet floreale <strong>gourmet<\/strong>: sofisticato, <strong>ricco<\/strong> e <strong>generoso<\/strong>. Il flacone con l\u2019iconico <strong>&#8220;Sorriso di Cristallo&#8221;<\/strong> de La Vie Est Belle rivela un&#8217;esplosione di glitter dorati, come un fuoco d&#8217;artificio che emana <strong>gioia <\/strong>e <strong>felicit\u00e0.<\/strong><\/p>\n<p><em>Piramide Olfattiva:<\/em><\/p>\n<p><em>Note di testa:<\/em> Iris Pallida Concentrato, Accord Gourmand<br \/>\n<em>Note di Cuore:<\/em> Essenza di Petalo di Rosa d&#8217;Isparta<br \/>\n<em>Note di Fondo:<\/em> Vaniglia del Madagascar, Essenza di Patchouli di Bali<\/p>","protected":false},"excerpt":{"rendered":"<p>Ora pi\u00f9 che mai \u00e8 il momento di celebrare la bellezza della vita, di dire s\u00ec ad ogni opportunit\u00e0. Con il nuovo profumo Oui La Vie Est Belle, Lanc\u00f4me esprime una nuova dichiarazione di felicit\u00e0, che esprime la gioia di vivere. Un invito a dire s\u00ec alla felicit\u00e0, rendendo ogni momento unico.<\/p>\n<div class=\"woocommerce-product-details__short-description\">\n<div class=\"woocommerce-product-details__short-description\">\n<div class=\"woocommerce-product-details__short-description\">\n<div class=\"woocommerce-product-details__short-description\">\n<div class=\"woocommerce-product-details__short-description\">\n<div class=\"woocommerce-product-details__short-description\">\n<div class=\"woocommerce-product-details__short-description\">\n<div class=\"woocommerce-product-details__short-description\">\n<p>Profumeria\u00a0<strong>Dolce Vita<\/strong>\u00a0sita a\u00a0<strong>Copertino<\/strong>\u00a0in\u00a0<strong>provincia di Lecce<\/strong>\u00a0spedisce online in tutta Italia,\u00a0<strong>Europa<\/strong> e non solo: offre anche il ritiro in sede in provincia di Lecce<\/p>\n<\/div>\n<\/div>\n<\/div>\n<\/div>\n<\/div>\n<\/div>\n<\/div>\n<\/div>","protected":false},"featured_media":3551,"comment_status":"open","ping_status":"closed","template":"","meta":[],"product_cat":[82],"product_tag":[83,84,85,86,87,88,89],"class_list":{"0":"post-3521","1":"product","2":"type-product","3":"status-publish","4":"has-post-thumbnail","6":"product_cat-profumi-donna","7":"product_tag-lancome","8":"product_tag-oui-la-vie-est-belle","9":"product_tag-profumeria-dolce-vita-copertino","10":"product_tag-profumeria-in-provincia-di-lecce","11":"product_tag-profumo-donna","12":"product_tag-profumo-donna-acquisto-online","13":"product_tag-spedizione-rapida","15":"first","16":"instock","17":"sale","18":"shipping-taxable","19":"purchasable","20":"product-type-variable"},"_links":{"self":[{"href":"https:\/\/www.profumeriadolcevita.com\/en\/wp-json\/wp\/v2\/product\/3521","targetHints":{"allow":["GET"]}}],"collection":[{"href":"https:\/\/www.profumeriadolcevita.com\/en\/wp-json\/wp\/v2\/product"}],"about":[{"href":"https:\/\/www.profumeriadolcevita.com\/en\/wp-json\/wp\/v2\/types\/product"}],"replies":[{"embeddable":true,"href":"https:\/\/www.profumeriadolcevita.com\/en\/wp-json\/wp\/v2\/comments?post=3521"}],"version-history":[{"count":0,"href":"https:\/\/www.profumeriadolcevita.com\/en\/wp-json\/wp\/v2\/product\/3521\/revisions"}],"wp:featuredmedia":[{"embeddable":true,"href":"https:\/\/www.profumeriadolcevita.com\/en\/wp-json\/wp\/v2\/media\/3551"}],"wp:attachment":[{"href":"https:\/\/www.profumeriadolcevita.com\/en\/wp-json\/wp\/v2\/media?parent=3521"}],"wp:term":[{"taxonomy":"product_cat","embeddable":true,"href":"https:\/\/www.profumeriadolcevita.com\/en\/wp-json\/wp\/v2\/product_cat?post=3521"},{"taxonomy":"product_tag","embeddable":true,"href":"https:\/\/www.profumeriadolcevita.com\/en\/wp-json\/wp\/v2\/product_tag?post=3521"}],"curies":[{"name":"wp","href":"https:\/\/api.w.org\/{rel}","templated":true}]}}