{"id":3531,"date":"2025-11-03T08:04:10","date_gmt":"2025-11-03T08:04:10","guid":{"rendered":"https:\/\/www.profumeriadolcevita.com\/?post_type=product&#038;p=3531"},"modified":"2026-01-29T18:09:19","modified_gmt":"2026-01-29T18:09:19","slug":"paco-rabanne-lady-million-royal","status":"publish","type":"product","link":"https:\/\/www.profumeriadolcevita.com\/en\/shop\/paco-rabanne-lady-million-royal\/","title":{"rendered":"Paco Rabanne Lady Million Royal"},"content":{"rendered":"<p>Profumo donna<strong> Paco Rabanne Lady Million Royal <\/strong>eau de parfum<\/p>\n<p>Entra nel regno di\u00a0<strong>Lady Million Royal\u00a0<\/strong>e scopri la nuova eau de parfum <strong>femminile<\/strong>, creata per mostrare il meglio di te. Ispirato ai codici iconici di Lady Million, il flacone\u00a0<strong>Lady Million Royal\u00a0<\/strong>abbraccia la forma sartoriale del diamante come simbolo di bellezza e desiderio.\u00a0 Immaginato con un disegno floreale rosso, rispecchia le molteplici sfaccettature della <strong>femminilit\u00e0<\/strong>, apportando un tocco di irriverente divertimento, ispirandosi alle creazioni di moda del direttore creativo Julien Dossena.<br \/>\nLa fragranza parte con sentori di mandarino e melograno evolvendosi poi in un cuore floreale composto da fiori d&#8217;arancio, gelsomino e tuberosa. Il fondo caldo \u00e8 composto da cashmeran, muschio e patchouli.<\/p>\n<p><em>Piramide olfattiva:<\/em><br \/>\n<em>Note di testa:<\/em>\u00a0Melograno, Mandarino, Accordo Vegetale<br \/>\n<em>Note di cuore:<\/em>\u00a0\u00a0Fiore d&#8217;Arancio, Gelsomino, Accordo di Tuberosa<br \/>\n<em>Note di fondo: <\/em>Cashmeran, Patchouli, Accordo di Muschio<\/p>","protected":false},"excerpt":{"rendered":"<p>Come manifesto dell&#8217;individualit\u00e0 femminile,\u00a0Lady Million Royal\u00a0\u00e8 l&#8217;espressione audace di una sensualit\u00e0 glamour, racchiusa in una fragranza floreale deliziosamente fruttata che libera la tua personalit\u00e0 autentica e attira un divertimento sfrenato.<\/p>\n<div class=\"woocommerce-product-details__short-description\">\n<div class=\"woocommerce-product-details__short-description\">\n<div class=\"woocommerce-product-details__short-description\">\n<div class=\"woocommerce-product-details__short-description\">\n<div class=\"woocommerce-product-details__short-description\">\n<p>&nbsp;<\/p>\n<p>Profumeria\u00a0<strong>Dolce Vita<\/strong>\u00a0sita a\u00a0<strong>Copertino<\/strong>\u00a0in\u00a0<strong>provincia di Lecce<\/strong>\u00a0spedisce online in tutta Italia,\u00a0<strong>Europa<\/strong>\u00a0e non solo: offre anche il ritiro in sede in provincia di Lecce!<\/p>\n<\/div>\n<\/div>\n<\/div>\n<\/div>\n<\/div>","protected":false},"featured_media":3580,"comment_status":"open","ping_status":"closed","template":"","meta":[],"product_cat":[82],"product_tag":[95,145,146,349,86,87],"class_list":{"0":"post-3531","1":"product","2":"type-product","3":"status-publish","4":"has-post-thumbnail","6":"product_cat-profumi-donna","7":"product_tag-dolcevita-profumeria-copertino","8":"product_tag-lady-million","9":"product_tag-lady-million-royal","10":"product_tag-paco-rabanne","11":"product_tag-profumeria-in-provincia-di-lecce","12":"product_tag-profumo-donna","14":"first","15":"instock","16":"sale","17":"shipping-taxable","18":"purchasable","19":"product-type-variable"},"_links":{"self":[{"href":"https:\/\/www.profumeriadolcevita.com\/en\/wp-json\/wp\/v2\/product\/3531","targetHints":{"allow":["GET"]}}],"collection":[{"href":"https:\/\/www.profumeriadolcevita.com\/en\/wp-json\/wp\/v2\/product"}],"about":[{"href":"https:\/\/www.profumeriadolcevita.com\/en\/wp-json\/wp\/v2\/types\/product"}],"replies":[{"embeddable":true,"href":"https:\/\/www.profumeriadolcevita.com\/en\/wp-json\/wp\/v2\/comments?post=3531"}],"version-history":[{"count":0,"href":"https:\/\/www.profumeriadolcevita.com\/en\/wp-json\/wp\/v2\/product\/3531\/revisions"}],"wp:featuredmedia":[{"embeddable":true,"href":"https:\/\/www.profumeriadolcevita.com\/en\/wp-json\/wp\/v2\/media\/3580"}],"wp:attachment":[{"href":"https:\/\/www.profumeriadolcevita.com\/en\/wp-json\/wp\/v2\/media?parent=3531"}],"wp:term":[{"taxonomy":"product_cat","embeddable":true,"href":"https:\/\/www.profumeriadolcevita.com\/en\/wp-json\/wp\/v2\/product_cat?post=3531"},{"taxonomy":"product_tag","embeddable":true,"href":"https:\/\/www.profumeriadolcevita.com\/en\/wp-json\/wp\/v2\/product_tag?post=3531"}],"curies":[{"name":"wp","href":"https:\/\/api.w.org\/{rel}","templated":true}]}}