{"id":3536,"date":"2025-11-03T08:04:16","date_gmt":"2025-11-03T08:04:16","guid":{"rendered":"https:\/\/www.profumeriadolcevita.com\/?post_type=product&#038;p=3536"},"modified":"2026-03-26T11:49:01","modified_gmt":"2026-03-26T11:49:01","slug":"ischia-scrub-corpo-bava-di-lumaca","status":"publish","type":"product","link":"https:\/\/www.profumeriadolcevita.com\/en\/shop\/ischia-scrub-corpo-bava-di-lumaca\/","title":{"rendered":"Ischia Scrub Corpo Bava Di Lumaca"},"content":{"rendered":"<p>Trattamento cosmetico<strong> Scrub <\/strong>corpo bava di lumaca 300ml<\/p>\n<p>I microgranuli naturali, con la loro efficace azione esfoliante eliminano cellule morte e impurit\u00e0 che soffocano l&#8217;epidermide; per azione degli oli essenziali la pelle ricever\u00e0 pi\u00f9 energia e nuova luce, mentre le propriet\u00e0 lenitive ed idratanti agiranno grazie al succo di aloe Bio.<\/p>\n<p>&nbsp;<\/p>","protected":false},"excerpt":{"rendered":"<p>I microgranuli naturali, con la loro efficace azione esfoliante eliminano cellule morte e impurit\u00e0 che soffocano l&#8217;epidermide; per azione degli oli essenziali la pelle ricever\u00e0 pi\u00f9 energia e nuova luce, mentre le propriet\u00e0 lenitive ed idratanti agiranno grazie al succo di aloe Bio.<\/p>\n<div class=\"woocommerce-product-details__short-description\">\n<p>Profumeria\u00a0<strong>Dolce Vita<\/strong>\u00a0sita a\u00a0<strong>Copertino<\/strong>\u00a0in\u00a0<strong>provincia di Lecce<\/strong>\u00a0spedisce online in tutta Italia,\u00a0<strong>Europa<\/strong> e non solo: offre anche il ritiro in sede in provincia di Lecce!<\/p>\n<\/div>","protected":false},"featured_media":3587,"comment_status":"open","ping_status":"closed","template":"","meta":[],"product_cat":[153],"product_tag":[154,155,156,91,137,157],"class_list":{"0":"post-3536","1":"product","2":"type-product","3":"status-publish","4":"has-post-thumbnail","6":"product_cat-linea-corpo","7":"product_tag-bava-di-lumaca-ischia-online","8":"product_tag-crema-corpo","9":"product_tag-crema-corpo-online","10":"product_tag-dolcevita-parfumes","11":"product_tag-profumeria-dolcevita","12":"product_tag-vendita-creme-online","14":"first","15":"instock","16":"sale","17":"shipping-taxable","18":"purchasable","19":"product-type-simple"},"_links":{"self":[{"href":"https:\/\/www.profumeriadolcevita.com\/en\/wp-json\/wp\/v2\/product\/3536","targetHints":{"allow":["GET"]}}],"collection":[{"href":"https:\/\/www.profumeriadolcevita.com\/en\/wp-json\/wp\/v2\/product"}],"about":[{"href":"https:\/\/www.profumeriadolcevita.com\/en\/wp-json\/wp\/v2\/types\/product"}],"replies":[{"embeddable":true,"href":"https:\/\/www.profumeriadolcevita.com\/en\/wp-json\/wp\/v2\/comments?post=3536"}],"version-history":[{"count":0,"href":"https:\/\/www.profumeriadolcevita.com\/en\/wp-json\/wp\/v2\/product\/3536\/revisions"}],"wp:featuredmedia":[{"embeddable":true,"href":"https:\/\/www.profumeriadolcevita.com\/en\/wp-json\/wp\/v2\/media\/3587"}],"wp:attachment":[{"href":"https:\/\/www.profumeriadolcevita.com\/en\/wp-json\/wp\/v2\/media?parent=3536"}],"wp:term":[{"taxonomy":"product_cat","embeddable":true,"href":"https:\/\/www.profumeriadolcevita.com\/en\/wp-json\/wp\/v2\/product_cat?post=3536"},{"taxonomy":"product_tag","embeddable":true,"href":"https:\/\/www.profumeriadolcevita.com\/en\/wp-json\/wp\/v2\/product_tag?post=3536"}],"curies":[{"name":"wp","href":"https:\/\/api.w.org\/{rel}","templated":true}]}}