{"id":3729,"date":"2025-11-03T08:07:34","date_gmt":"2025-11-03T08:07:34","guid":{"rendered":"https:\/\/www.profumeriadolcevita.com\/?post_type=product&#038;p=3729"},"modified":"2025-11-03T08:08:25","modified_gmt":"2025-11-03T08:08:25","slug":"police-to-be-born-to-shine-eau-de-toilette","status":"publish","type":"product","link":"https:\/\/www.profumeriadolcevita.com\/en\/shop\/police-to-be-born-to-shine-eau-de-toilette\/","title":{"rendered":"Police To Be Born To Shine Eau De Toilette"},"content":{"rendered":"<p>Profumo uomo <strong>Police to be born to shine for man<\/strong> eau de toilette 125ml<\/p>\n<div class=\"product-description-correction\">\n<p><strong>Police To Be Born To Shine For Man <\/strong>\u00a0\u00e8 un profumo <strong>esuberante<\/strong> e <strong>seducente<\/strong> per un ragazzo che vive al massimo. Note <strong>fresche<\/strong> e <strong>luminose<\/strong> in apparente contrasto con note <strong>calde<\/strong> e <strong>morbide<\/strong>, danno vita ad un connubio <strong>esplosivo<\/strong>. La creazione si apre con note verdi di <strong>menta<\/strong>\u00a0con\u00a0<strong>mela<\/strong>\u00a0e\u00a0<strong>mandarino<\/strong>, avvolti in un cuore ricco della magnifica\u00a0<strong>cannella<\/strong>\u00a0del Madagascar unita a una\u00a0<strong>lavanda<\/strong>\u00a0speziata al\u00a0<strong>cardamomo<\/strong>. La scia legnosa \u00e8 potente, grintosa, ambrata ed elegantemente\u00a0<strong>sfumata di cuoio<\/strong>.<\/p>\n<\/div>\n<div class=\"mt-2 mb-2\"><em>Piramide olfattiva<\/em><\/div>\n<div><em>Note di Testa:<\/em> Mela, Mandarino e Menta<\/div>\n<div><em>Note di Cuore:<\/em> Cannella, Cardamomo e Lavanda<br \/>\n<em>Note di Base:<\/em> Ambra, Cuoio e Patchouli.<\/div>","protected":false},"excerpt":{"rendered":"<p>Non fermarti davanti a nulla e concediti una sferzata di energia in ogni occasione. Police To be Born to Shine ti regaler\u00e0 una scarica di energia a livello sensoriale che ti stimoler\u00e0 dandoti la forza di superare tutti gli ostacoli con facilit\u00e0 e leggerezza.<\/p>\n<div class=\"woocommerce-product-details__short-description\">\n<div class=\"woocommerce-product-details__short-description\">\n<div class=\"woocommerce-product-details__short-description\">\n<div class=\"woocommerce-product-details__short-description\">\n<div class=\"woocommerce-product-details__short-description\">\n<div class=\"woocommerce-product-details__short-description\">\n<div class=\"woocommerce-product-details__short-description\">\n<div class=\"woocommerce-product-details__short-description\">\n<div class=\"woocommerce-product-details__short-description\">\n<div class=\"woocommerce-product-details__short-description\">\n<p>&nbsp;<\/p>\n<p>Profumeria\u00a0<strong>Dolce Vita<\/strong>\u00a0sita a\u00a0<strong>Copertino<\/strong>\u00a0in\u00a0<strong>provincia di Lecce<\/strong>\u00a0spedisce online in tutta Italia,\u00a0<strong>Europa<\/strong>\u00a0e non solo: offre anche il ritiro in sede in provincia di Lecce!<\/p>\n<\/div>\n<\/div>\n<\/div>\n<\/div>\n<\/div>\n<\/div>\n<\/div>\n<\/div>\n<\/div>\n<\/div>","protected":false},"featured_media":3790,"comment_status":"open","ping_status":"closed","template":"","meta":[],"product_cat":[198],"product_tag":[272,199,273,96,92,86,274],"class_list":{"0":"post-3729","1":"product","2":"type-product","3":"status-publish","4":"has-post-thumbnail","6":"product_cat-offerte-uomo","7":"product_tag-copertino-profumeria-dolcevita","8":"product_tag-police-profumo-uomo","9":"product_tag-police-to-be-born-shine","10":"product_tag-profumeria-copertino","11":"product_tag-profumeria-dolcevita-copertino","12":"product_tag-profumeria-in-provincia-di-lecce","13":"product_tag-profumo-police","15":"first","16":"outofstock","17":"shipping-taxable","18":"purchasable","19":"product-type-simple"},"_links":{"self":[{"href":"https:\/\/www.profumeriadolcevita.com\/en\/wp-json\/wp\/v2\/product\/3729","targetHints":{"allow":["GET"]}}],"collection":[{"href":"https:\/\/www.profumeriadolcevita.com\/en\/wp-json\/wp\/v2\/product"}],"about":[{"href":"https:\/\/www.profumeriadolcevita.com\/en\/wp-json\/wp\/v2\/types\/product"}],"replies":[{"embeddable":true,"href":"https:\/\/www.profumeriadolcevita.com\/en\/wp-json\/wp\/v2\/comments?post=3729"}],"version-history":[{"count":0,"href":"https:\/\/www.profumeriadolcevita.com\/en\/wp-json\/wp\/v2\/product\/3729\/revisions"}],"wp:featuredmedia":[{"embeddable":true,"href":"https:\/\/www.profumeriadolcevita.com\/en\/wp-json\/wp\/v2\/media\/3790"}],"wp:attachment":[{"href":"https:\/\/www.profumeriadolcevita.com\/en\/wp-json\/wp\/v2\/media?parent=3729"}],"wp:term":[{"taxonomy":"product_cat","embeddable":true,"href":"https:\/\/www.profumeriadolcevita.com\/en\/wp-json\/wp\/v2\/product_cat?post=3729"},{"taxonomy":"product_tag","embeddable":true,"href":"https:\/\/www.profumeriadolcevita.com\/en\/wp-json\/wp\/v2\/product_tag?post=3729"}],"curies":[{"name":"wp","href":"https:\/\/api.w.org\/{rel}","templated":true}]}}