{"id":4065,"date":"2025-11-03T08:13:01","date_gmt":"2025-11-03T08:13:01","guid":{"rendered":"https:\/\/www.profumeriadolcevita.com\/?post_type=product&#038;p=4065"},"modified":"2026-01-19T17:08:29","modified_gmt":"2026-01-19T17:08:29","slug":"police-frozen-man-eau-de-toilette","status":"publish","type":"product","link":"https:\/\/www.profumeriadolcevita.com\/en\/shop\/police-frozen-man-eau-de-toilette\/","title":{"rendered":"Police Frozen Man Eau De Toilette"},"content":{"rendered":"<p>Profumo Uomo <strong>Police Frozen Man<\/strong> Eau de Toilette da 100 ml<\/p>\n<p>Non perdere il ritmo neanche a fine giornata. L\u2019eau de toilette da uomo Police Frozen \u00e8 una ricca combinazione di ingredienti profumati che non smetter\u00e0 di divertirti e non ti far\u00e0 mai perdere il ritmo giusto.<\/p>\n<p><em>Piramide Olfattiva<\/em><br \/>\n<em>Note di Testa: <\/em>Mela Verde<br \/>\n<em>Note di Cuore: <\/em>Pepe, Noce Moscata, Gelsomino, Cardamomo<br \/>\n<em>Note di Fondo: <\/em>Muschio, Ambra<\/p>","protected":false},"excerpt":{"rendered":"<div class=\"woocommerce-product-details__short-description\">\n<div class=\"woocommerce-product-details__short-description\">\n<div class=\"woocommerce-product-details__short-description\">\n<div class=\"woocommerce-product-details__short-description\">\n<div class=\"woocommerce-product-details__short-description\">\n<div class=\"woocommerce-product-details__short-description\">\n<div class=\"woocommerce-product-details__short-description\">\n<p>Frozen \u00e8 una\u00a0fragranza energizzante e legnosa che esprime un carattere di potenza e mascolinit\u00e0.<\/p>\n<p>&nbsp;<\/p>\n<p>Profumeria\u00a0<strong>Dolce Vita<\/strong>\u00a0sita a\u00a0<strong>Copertino<\/strong>\u00a0in\u00a0<strong>provincia di Lecce<\/strong>\u00a0spedisce online in tutta Italia,\u00a0<strong>Europa<\/strong>\u00a0e non solo: offre anche il ritiro in sede in provincia di Lecce!<\/p>\n<\/div>\n<\/div>\n<\/div>\n<\/div>\n<\/div>\n<\/div>\n<\/div>","protected":false},"featured_media":4125,"comment_status":"open","ping_status":"closed","template":"","meta":[],"product_cat":[198],"product_tag":[272,507,508,509,96,85,86,143],"class_list":{"0":"post-4065","1":"product","2":"type-product","3":"status-publish","4":"has-post-thumbnail","6":"product_cat-offerte-uomo","7":"product_tag-copertino-profumeria-dolcevita","8":"product_tag-police-frozen","9":"product_tag-police-frozen-eau-de-toilette","10":"product_tag-police-uomo","11":"product_tag-profumeria-copertino","12":"product_tag-profumeria-dolce-vita-copertino","13":"product_tag-profumeria-in-provincia-di-lecce","14":"product_tag-profumo-uomo","16":"first","17":"outofstock","18":"shipping-taxable","19":"purchasable","20":"product-type-simple"},"_links":{"self":[{"href":"https:\/\/www.profumeriadolcevita.com\/en\/wp-json\/wp\/v2\/product\/4065","targetHints":{"allow":["GET"]}}],"collection":[{"href":"https:\/\/www.profumeriadolcevita.com\/en\/wp-json\/wp\/v2\/product"}],"about":[{"href":"https:\/\/www.profumeriadolcevita.com\/en\/wp-json\/wp\/v2\/types\/product"}],"replies":[{"embeddable":true,"href":"https:\/\/www.profumeriadolcevita.com\/en\/wp-json\/wp\/v2\/comments?post=4065"}],"version-history":[{"count":0,"href":"https:\/\/www.profumeriadolcevita.com\/en\/wp-json\/wp\/v2\/product\/4065\/revisions"}],"wp:featuredmedia":[{"embeddable":true,"href":"https:\/\/www.profumeriadolcevita.com\/en\/wp-json\/wp\/v2\/media\/4125"}],"wp:attachment":[{"href":"https:\/\/www.profumeriadolcevita.com\/en\/wp-json\/wp\/v2\/media?parent=4065"}],"wp:term":[{"taxonomy":"product_cat","embeddable":true,"href":"https:\/\/www.profumeriadolcevita.com\/en\/wp-json\/wp\/v2\/product_cat?post=4065"},{"taxonomy":"product_tag","embeddable":true,"href":"https:\/\/www.profumeriadolcevita.com\/en\/wp-json\/wp\/v2\/product_tag?post=4065"}],"curies":[{"name":"wp","href":"https:\/\/api.w.org\/{rel}","templated":true}]}}