{"id":4298,"date":"2025-11-03T08:16:00","date_gmt":"2025-11-03T08:16:00","guid":{"rendered":"https:\/\/www.profumeriadolcevita.com\/?post_type=product&#038;p=4298"},"modified":"2026-03-23T19:19:03","modified_gmt":"2026-03-23T19:19:03","slug":"hermes-twilly-dhermes-eau-de-parfum","status":"publish","type":"product","link":"https:\/\/www.profumeriadolcevita.com\/en\/shop\/hermes-twilly-dhermes-eau-de-parfum\/","title":{"rendered":"Herm\u00e8s Twilly D&#8217;Herm\u00e8s Eau De Parfum"},"content":{"rendered":"<p>Profumo donna <strong>Twilly D&#8217;Herm\u00e8s<\/strong> eau de parfum 50ml<\/p>\n<div>Il profumo delle giovani <strong>donne<\/strong> <strong>Herm\u00e8s<\/strong>, l\u2019impertinenza di uno <strong>zenzero<\/strong> <strong>impetuoso<\/strong> intessuto con una tuberosa conturbante. Un\u2019Eau de Parfum <strong>floreale<\/strong>, <strong>speziata<\/strong> e <strong>orientale.<\/strong> \u00c8 con questo spirito che Christine Nagel, maestra-parfumeur della maison, ha creato <strong>Twilly d\u2019Herm\u00e8s<\/strong>. <strong>Zenzero<\/strong>, <strong>tuberosa<\/strong> e <strong>sandalo<\/strong>, mixati in modo diverso, si trasformano in grinta <strong>impetuosa<\/strong>, conturbante <strong>attrazione<\/strong>, <strong>passionalit\u00e0<\/strong> da scoprire. Uno \u201cspaghetto\u201d di seta, annodato a mano, cinge il tappo, ultimo tocco di esuberante fantasia.<\/div>\n<div><\/div>\n<div><em>Piramide olfattiva<\/em><\/div>\n<div class=\"iayHgKPIUZWrzT4fpACP\"><span class=\"PHtNB5LNBAR0ej2bv6Bf\"><em>Nota di testa:<\/em> z<\/span>enzero<\/div>\n<div class=\"iayHgKPIUZWrzT4fpACP\"><span class=\"PHtNB5LNBAR0ej2bv6Bf\"><em>Nota di cuore:<\/em> t<\/span>uberosa<\/div>\n<div class=\"iayHgKPIUZWrzT4fpACP\"><span class=\"PHtNB5LNBAR0ej2bv6Bf\"><em>Nota di base:<\/em> s<\/span>andalo<\/div>","protected":false},"excerpt":{"rendered":"<p>\u00c8 pensando alle giovani donne, guardandole vivere, che ho creato Twilly d\u2019Herm\u00e8s. Libere, audaci, connesse, vivaci e imprevedibili, contraddicono ogni aspettativa, fanno di testa loro, impongono il loro ritmo, inventandone una cadenza inedita.&#8221;<\/p>\n<div class=\"woocommerce-product-details__short-description\">\n<p>Profumeria\u00a0<strong>Dolce Vita<\/strong>\u00a0sita a\u00a0<strong>Copertino<\/strong>\u00a0in\u00a0<strong>provincia di Lecce<\/strong>\u00a0spedisce online in tutta Italia,\u00a0<strong>Europa<\/strong> e non solo: offre anche il ritiro in sede in provincia di Lecce!<\/p>\n<\/div>","protected":false},"featured_media":4344,"comment_status":"open","ping_status":"closed","template":"","meta":[],"product_cat":[82],"product_tag":[95,625,96,85,86,87,626,627],"class_list":{"0":"post-4298","1":"product","2":"type-product","3":"status-publish","4":"has-post-thumbnail","6":"product_cat-profumi-donna","7":"product_tag-dolcevita-profumeria-copertino","8":"product_tag-hermes","9":"product_tag-profumeria-copertino","10":"product_tag-profumeria-dolce-vita-copertino","11":"product_tag-profumeria-in-provincia-di-lecce","12":"product_tag-profumo-donna","13":"product_tag-twilly-dhermes","14":"product_tag-twilly-dhermes-eau-de-parfum","16":"first","17":"instock","18":"sale","19":"shipping-taxable","20":"purchasable","21":"product-type-simple"},"_links":{"self":[{"href":"https:\/\/www.profumeriadolcevita.com\/en\/wp-json\/wp\/v2\/product\/4298","targetHints":{"allow":["GET"]}}],"collection":[{"href":"https:\/\/www.profumeriadolcevita.com\/en\/wp-json\/wp\/v2\/product"}],"about":[{"href":"https:\/\/www.profumeriadolcevita.com\/en\/wp-json\/wp\/v2\/types\/product"}],"replies":[{"embeddable":true,"href":"https:\/\/www.profumeriadolcevita.com\/en\/wp-json\/wp\/v2\/comments?post=4298"}],"version-history":[{"count":0,"href":"https:\/\/www.profumeriadolcevita.com\/en\/wp-json\/wp\/v2\/product\/4298\/revisions"}],"wp:featuredmedia":[{"embeddable":true,"href":"https:\/\/www.profumeriadolcevita.com\/en\/wp-json\/wp\/v2\/media\/4344"}],"wp:attachment":[{"href":"https:\/\/www.profumeriadolcevita.com\/en\/wp-json\/wp\/v2\/media?parent=4298"}],"wp:term":[{"taxonomy":"product_cat","embeddable":true,"href":"https:\/\/www.profumeriadolcevita.com\/en\/wp-json\/wp\/v2\/product_cat?post=4298"},{"taxonomy":"product_tag","embeddable":true,"href":"https:\/\/www.profumeriadolcevita.com\/en\/wp-json\/wp\/v2\/product_tag?post=4298"}],"curies":[{"name":"wp","href":"https:\/\/api.w.org\/{rel}","templated":true}]}}