{"id":4301,"date":"2025-11-03T08:16:00","date_gmt":"2025-11-03T08:16:00","guid":{"rendered":"https:\/\/www.profumeriadolcevita.com\/?post_type=product&#038;p=4301"},"modified":"2026-03-19T17:09:01","modified_gmt":"2026-03-19T17:09:01","slug":"giorgio-armani-armani-code-eau-de-parfum","status":"publish","type":"product","link":"https:\/\/www.profumeriadolcevita.com\/en\/shop\/giorgio-armani-armani-code-eau-de-parfum\/","title":{"rendered":"Giorgio Armani Armani Code Eau De Parfum"},"content":{"rendered":"<p>Profumo Donna <strong>Armani Code<\/strong> Eau de Parfum<\/p>\n<p><strong>Elisir<\/strong> moderno, profumo dalla <strong>femminilit\u00e0<\/strong> sconvolgente e <strong>sublimata<\/strong>, Armani Code &#8216;rende omaggio alle donne dal potere magnetico&#8217;. La fragranza rivela il fascino <strong>sensuale<\/strong> e <strong>luminoso<\/strong> del fiore d`arancio in un flacone dalla silhouette notturna, ornato di un motivo orientale simile ad un merletto.<br \/>\nIl profumo ha un inizio <strong>luminoso<\/strong> intorno alla scorza di due arance : un&#8217;arancia bigarade dell&#8217;Africa ed una proveniente dall`Italia. La scia del fiore d`arancio si rivela <strong>sensuale<\/strong> nelle note di fondo dove troviamo un <strong>connubio<\/strong> dato dalla vaniglia del Madagascar e un tocco di miele.<\/p>\n<p><em>Piramide Olfattiva:<\/em><br \/>\n<em>Note di Testa:<\/em> Arancia bigarade, Arancia d`Italia<br \/>\n<em>Note di Cuore:<\/em> Assoluto di Fiore d`arancio, Gelsomino Sambac<br \/>\n<em>Note di Fondo:<\/em> Vaniglia del Madagascar, Miele<\/p>","protected":false},"excerpt":{"rendered":"<p>Armani propone nel 2006 un nuovo codice della femminilit\u00e0, magnetico e seducente, Armani Code pour femme. Con quel suo nome cos\u00ec enigmatico, simile a un messaggio in codice, Armani Code \u00e8 il riflesso del profumo maschile omonimo.<\/p>\n<div class=\"woocommerce-product-details__short-description\">\n<div class=\"woocommerce-product-details__short-description\">\n<div class=\"woocommerce-product-details__short-description\">\n<div class=\"woocommerce-product-details__short-description\">\n<div class=\"woocommerce-product-details__short-description\">\n<div class=\"woocommerce-product-details__short-description\">\n<div class=\"woocommerce-product-details__short-description\">\n<div class=\"woocommerce-product-details__short-description\">\n<p>Profumeria\u00a0<strong>Dolce Vita<\/strong>\u00a0sita a\u00a0<strong>Copertino<\/strong>\u00a0in\u00a0<strong>provincia di Lecce<\/strong>\u00a0spedisce online in tutta Italia,\u00a0<strong>Europa<\/strong>\u00a0e non solo: offre anche il ritiro in sede in provincia di Lecce!<\/p>\n<\/div>\n<\/div>\n<\/div>\n<\/div>\n<\/div>\n<\/div>\n<\/div>\n<\/div>","protected":false},"featured_media":4350,"comment_status":"open","ping_status":"closed","template":"","meta":[],"product_cat":[82],"product_tag":[144,639,137,92,86,87],"class_list":{"0":"post-4301","1":"product","2":"type-product","3":"status-publish","4":"has-post-thumbnail","6":"product_cat-profumi-donna","7":"product_tag-dolcevita-profumeria","8":"product_tag-giorgio-armani","9":"product_tag-profumeria-dolcevita","10":"product_tag-profumeria-dolcevita-copertino","11":"product_tag-profumeria-in-provincia-di-lecce","12":"product_tag-profumo-donna","14":"first","15":"instock","16":"sale","17":"shipping-taxable","18":"purchasable","19":"product-type-variable"},"_links":{"self":[{"href":"https:\/\/www.profumeriadolcevita.com\/en\/wp-json\/wp\/v2\/product\/4301","targetHints":{"allow":["GET"]}}],"collection":[{"href":"https:\/\/www.profumeriadolcevita.com\/en\/wp-json\/wp\/v2\/product"}],"about":[{"href":"https:\/\/www.profumeriadolcevita.com\/en\/wp-json\/wp\/v2\/types\/product"}],"replies":[{"embeddable":true,"href":"https:\/\/www.profumeriadolcevita.com\/en\/wp-json\/wp\/v2\/comments?post=4301"}],"version-history":[{"count":0,"href":"https:\/\/www.profumeriadolcevita.com\/en\/wp-json\/wp\/v2\/product\/4301\/revisions"}],"wp:featuredmedia":[{"embeddable":true,"href":"https:\/\/www.profumeriadolcevita.com\/en\/wp-json\/wp\/v2\/media\/4350"}],"wp:attachment":[{"href":"https:\/\/www.profumeriadolcevita.com\/en\/wp-json\/wp\/v2\/media?parent=4301"}],"wp:term":[{"taxonomy":"product_cat","embeddable":true,"href":"https:\/\/www.profumeriadolcevita.com\/en\/wp-json\/wp\/v2\/product_cat?post=4301"},{"taxonomy":"product_tag","embeddable":true,"href":"https:\/\/www.profumeriadolcevita.com\/en\/wp-json\/wp\/v2\/product_tag?post=4301"}],"curies":[{"name":"wp","href":"https:\/\/api.w.org\/{rel}","templated":true}]}}