{"id":4306,"date":"2025-11-03T08:16:01","date_gmt":"2025-11-03T08:16:01","guid":{"rendered":"https:\/\/www.profumeriadolcevita.com\/?post_type=product&#038;p=4306"},"modified":"2026-03-24T17:14:58","modified_gmt":"2026-03-24T17:14:58","slug":"hugo-boss-the-scent-for-her-eau-de-parfum","status":"publish","type":"product","link":"https:\/\/www.profumeriadolcevita.com\/en\/shop\/hugo-boss-the-scent-for-her-eau-de-parfum\/","title":{"rendered":"Hugo Boss The Scent For Her Eau De Parfum"},"content":{"rendered":"<p>Profumo Donna <strong>Boss The Scent for Her<\/strong> Eau de Parfum<\/p>\n<p>Con un cuore fortemente inebriante, <strong>Boss The Scent For Her<\/strong>\u00a0riflette il gioco amoroso dei due protagonisti che si avvicinano spinti dalla scintilla dell&#8217;attrazione, per poi arrendersi al potere ammaliante delle sue note. <strong>Attrazione<\/strong>: le note di testa di\u00a0<strong>pesca caramellata<\/strong>\u00a0e di\u00a0<strong>fresia<\/strong>\u00a0si fondono in una raffinata e insolita miscela che intriga entrambi i protagonisti con eleganza e leggerezza, accendendo in lui il desiderio di scoprire di pi\u00f9. <strong>Seduzione:<\/strong> pi\u00f9 i due protagonisti si avvicinano, pi\u00f9 emerge nel cuore di\u00a0<strong>Boss The Scent For Her<\/strong>\u00a0la forza nascosta del fiore orientale di\u00a0<strong>osmanto<\/strong>. All&#8217;inizio la sua scia \u00e8 leggera e delicata, poi si fa pi\u00f9 profonda e inebriante, diventando l&#8217;elemento catalizzante di questa fragranza ricca di sensualit\u00e0. <strong>Dipendenza:<\/strong> alla fine, le irresistibili note di fondo di\u00a0<strong>cacao<\/strong> tostato accendono i sensi dei protagonisti che, ormai privi di difese, stanno per cedere al loro desiderio.<\/p>\n<p><em>Piramide Olfattiva<\/em><br \/>\n<em>Note di Testa:<\/em> Pesca Caramellata, Fresia<br \/>\n<em>Note di Cuore:<\/em> Fiore di Osmanto<br \/>\n<em>Note di Fondo:<\/em> Cacao Tostato<\/p>","protected":false},"excerpt":{"rendered":"<p>Traboccante di eleganza, calore e sensualit\u00e0,\u00a0Boss The Scent For Her rispecchia l&#8217;intero percorso della seduzione, dalla fase dell&#8217;attrazione a quella della dipendenza vera e propria attraverso un&#8217;irresistibile combinazione di ingredienti.<\/p>\n<div class=\"woocommerce-product-details__short-description\">\n<div class=\"woocommerce-product-details__short-description\">\n<div class=\"woocommerce-product-details__short-description\">\n<div class=\"woocommerce-product-details__short-description\">\n<div class=\"woocommerce-product-details__short-description\">\n<div class=\"woocommerce-product-details__short-description\">\n<div class=\"woocommerce-product-details__short-description\">\n<div class=\"woocommerce-product-details__short-description\">\n<div class=\"woocommerce-product-details__short-description\">\n<div class=\"woocommerce-product-details__short-description\">\n<p>Profumeria\u00a0<strong>Dolce Vita<\/strong>\u00a0sita a\u00a0<strong>Copertino<\/strong>\u00a0in\u00a0<strong>provincia di Lecce<\/strong>\u00a0spedisce online in tutta Italia,\u00a0<strong>Europa<\/strong>\u00a0e non solo: offre anche il ritiro in sede in provincia di Lecce!<\/p>\n<\/div>\n<\/div>\n<\/div>\n<\/div>\n<\/div>\n<\/div>\n<\/div>\n<\/div>\n<\/div>\n<\/div>","protected":false},"featured_media":4368,"comment_status":"open","ping_status":"closed","template":"","meta":[],"product_cat":[82],"product_tag":[351,631,643,644,483,117,179,92,86],"class_list":{"0":"post-4306","1":"product","2":"type-product","3":"status-publish","4":"has-post-thumbnail","6":"product_cat-profumi-donna","7":"product_tag-boss","8":"product_tag-boss-profumo-donna","9":"product_tag-boss-the-scent","10":"product_tag-boss-the-scent-eau-de-parfum","11":"product_tag-hugo-boss","12":"product_tag-la-dolcevita-profumeria","13":"product_tag-profumeria-a-copertino","14":"product_tag-profumeria-dolcevita-copertino","15":"product_tag-profumeria-in-provincia-di-lecce","17":"first","18":"instock","19":"sale","20":"shipping-taxable","21":"purchasable","22":"product-type-variable"},"_links":{"self":[{"href":"https:\/\/www.profumeriadolcevita.com\/en\/wp-json\/wp\/v2\/product\/4306","targetHints":{"allow":["GET"]}}],"collection":[{"href":"https:\/\/www.profumeriadolcevita.com\/en\/wp-json\/wp\/v2\/product"}],"about":[{"href":"https:\/\/www.profumeriadolcevita.com\/en\/wp-json\/wp\/v2\/types\/product"}],"replies":[{"embeddable":true,"href":"https:\/\/www.profumeriadolcevita.com\/en\/wp-json\/wp\/v2\/comments?post=4306"}],"version-history":[{"count":0,"href":"https:\/\/www.profumeriadolcevita.com\/en\/wp-json\/wp\/v2\/product\/4306\/revisions"}],"wp:featuredmedia":[{"embeddable":true,"href":"https:\/\/www.profumeriadolcevita.com\/en\/wp-json\/wp\/v2\/media\/4368"}],"wp:attachment":[{"href":"https:\/\/www.profumeriadolcevita.com\/en\/wp-json\/wp\/v2\/media?parent=4306"}],"wp:term":[{"taxonomy":"product_cat","embeddable":true,"href":"https:\/\/www.profumeriadolcevita.com\/en\/wp-json\/wp\/v2\/product_cat?post=4306"},{"taxonomy":"product_tag","embeddable":true,"href":"https:\/\/www.profumeriadolcevita.com\/en\/wp-json\/wp\/v2\/product_tag?post=4306"}],"curies":[{"name":"wp","href":"https:\/\/api.w.org\/{rel}","templated":true}]}}