{"id":4407,"date":"2025-11-03T08:17:32","date_gmt":"2025-11-03T08:17:32","guid":{"rendered":"https:\/\/www.profumeriadolcevita.com\/?post_type=product&#038;p=4407"},"modified":"2026-02-03T17:14:17","modified_gmt":"2026-02-03T17:14:17","slug":"calvin-klein-euphoria-eau-de-parfum","status":"publish","type":"product","link":"https:\/\/www.profumeriadolcevita.com\/en\/shop\/calvin-klein-euphoria-eau-de-parfum\/","title":{"rendered":"Calvin Klein Euphoria Eau De Parfum Spray"},"content":{"rendered":"<p>Profumo Donna <strong>Calvin Klein<\/strong> <strong>Euphoria<\/strong> Eau de Parfum da 100ml<\/p>\n<p>Con un carattere <strong>luminoso<\/strong> e leggermente <strong>sensuale<\/strong>, incorporando diverse note <strong>esotiche<\/strong>, questa fragranza ha il potere di esaltare l&#8217;olfatto di chi ne \u00e8 avvinto, come se fosse un <strong>afrodisiaco<\/strong>. Come potrebbe non essere accattivante l&#8217;idea di prendere con s\u00e9 i fiori d&#8217;<strong>orchidea nera<\/strong> e avvicinarli ad un fiore raro come la <strong>rosa<\/strong> canina tipica delle regioni indiane. <strong>Innovativo<\/strong>, <strong>forte<\/strong>, <strong>esaltante<\/strong> questi gli aggettivi che accomunano un profumo pi\u00f9 unico che raro grazie alla volont\u00e0 di Dominique Ropion, Carlos Benaim e Loc Dong di riportare alla base di tutto ci\u00f2 diversi fiori di bosco dai colori ambrati e purpurei.<\/p>\n<p>Piramide Olfattiva:<br \/>\n<em>Note di Testa: <\/em>Melograno, Cachi e Accordo Verde<br \/>\n<em>Note di Cuore:<\/em> orchidea Nera, Loto e Champaca<br \/>\n<em>Note di Fondo: <\/em>Mogano, Ambra, Violetta Nera e Panna Montata<\/p>","protected":false},"excerpt":{"rendered":"<p>Il 2005 \u00e8 stato per la casa Calvin Klein un anno di innovazioni al limite delle aspettative. E&#8217; su quest&#8217;onda che nasce la linea Euphoria.<\/p>\n<div class=\"woocommerce-product-details__short-description\">\n<div class=\"woocommerce-product-details__short-description\">\n<div class=\"woocommerce-product-details__short-description\">\n<div class=\"woocommerce-product-details__short-description\">\n<div class=\"woocommerce-product-details__short-description\">\n<div class=\"woocommerce-product-details__short-description\">\n<div class=\"woocommerce-product-details__short-description\">\n<div class=\"woocommerce-product-details__short-description\">\n<div class=\"woocommerce-product-details__short-description\">\n<p>Profumeria\u00a0<strong>Dolce Vita<\/strong>\u00a0sita a\u00a0<strong>Copertino<\/strong>\u00a0in\u00a0<strong>provincia di Lecce<\/strong>\u00a0spedisce online in tutta Italia,\u00a0<strong>Europa<\/strong>\u00a0e non solo: offre anche il ritiro in sede in provincia di Lecce!<\/p>\n<\/div>\n<\/div>\n<\/div>\n<\/div>\n<\/div>\n<\/div>\n<\/div>\n<\/div>\n<\/div>","protected":false},"featured_media":4475,"comment_status":"open","ping_status":"closed","template":"","meta":[],"product_cat":[201,82],"product_tag":[711,1851,95,712,86,87],"class_list":{"0":"post-4407","1":"product","2":"type-product","3":"status-publish","4":"has-post-thumbnail","6":"product_cat-offerte-donna","7":"product_cat-profumi-donna","8":"product_tag-calvin-klein-donna","9":"product_tag-calvin-klein-profumo-donna","10":"product_tag-dolcevita-profumeria-copertino","11":"product_tag-euphoria-calvin-klein","12":"product_tag-profumeria-in-provincia-di-lecce","13":"product_tag-profumo-donna","15":"first","16":"instock","17":"sale","18":"shipping-taxable","19":"purchasable","20":"product-type-simple"},"_links":{"self":[{"href":"https:\/\/www.profumeriadolcevita.com\/en\/wp-json\/wp\/v2\/product\/4407","targetHints":{"allow":["GET"]}}],"collection":[{"href":"https:\/\/www.profumeriadolcevita.com\/en\/wp-json\/wp\/v2\/product"}],"about":[{"href":"https:\/\/www.profumeriadolcevita.com\/en\/wp-json\/wp\/v2\/types\/product"}],"replies":[{"embeddable":true,"href":"https:\/\/www.profumeriadolcevita.com\/en\/wp-json\/wp\/v2\/comments?post=4407"}],"version-history":[{"count":0,"href":"https:\/\/www.profumeriadolcevita.com\/en\/wp-json\/wp\/v2\/product\/4407\/revisions"}],"wp:featuredmedia":[{"embeddable":true,"href":"https:\/\/www.profumeriadolcevita.com\/en\/wp-json\/wp\/v2\/media\/4475"}],"wp:attachment":[{"href":"https:\/\/www.profumeriadolcevita.com\/en\/wp-json\/wp\/v2\/media?parent=4407"}],"wp:term":[{"taxonomy":"product_cat","embeddable":true,"href":"https:\/\/www.profumeriadolcevita.com\/en\/wp-json\/wp\/v2\/product_cat?post=4407"},{"taxonomy":"product_tag","embeddable":true,"href":"https:\/\/www.profumeriadolcevita.com\/en\/wp-json\/wp\/v2\/product_tag?post=4407"}],"curies":[{"name":"wp","href":"https:\/\/api.w.org\/{rel}","templated":true}]}}