{"id":4408,"date":"2025-11-03T08:17:32","date_gmt":"2025-11-03T08:17:32","guid":{"rendered":"https:\/\/www.profumeriadolcevita.com\/?post_type=product&#038;p=4408"},"modified":"2025-11-03T08:18:25","modified_gmt":"2025-11-03T08:18:25","slug":"shiseido-ginza-tokyo-eau-de-parfum","status":"publish","type":"product","link":"https:\/\/www.profumeriadolcevita.com\/en\/shop\/shiseido-ginza-tokyo-eau-de-parfum\/","title":{"rendered":"Shiseido Ginza Tokyo Eau De Parfum"},"content":{"rendered":"<p>Profumo donna <strong>Shiseido Ginza Tokyo<\/strong> eau de parfum 30ml<\/p>\n<p>Ginza, la fragranza di una donna <strong>irresistibile<\/strong> che esprime la sua <strong>femminilit\u00e0<\/strong> con tutti i suoi contrasti. Un&#8217;incantevole <strong>alchimia<\/strong> di forza e <strong>femminilit\u00e0<\/strong>, <strong>carattere<\/strong> e <strong>dolcezza<\/strong>, <strong>sensibilit\u00e0<\/strong> e <strong>determinazione<\/strong>. Ginza incoraggia le <strong>donne<\/strong> a rivelare la propria energia vitale. Ginza \u00e8 un <strong>bouquet floreale<\/strong> scolpito da note legnose. La naturale <strong>eleganza<\/strong> dei profumi floreali incontra l&#8217;intensit\u00e0 delle <strong>note legnose<\/strong>. Nel cuore del bouquet, il gelsomino dispiega <strong>delicatamente<\/strong> le sue sfaccettature pi\u00f9 preziose. <strong>Magnolia<\/strong>, <strong>fresia<\/strong> e <strong>petali di orchidea giapponese<\/strong> completano la <strong>sensualit\u00e0<\/strong> floreale che ad un tratto assume una dimensione pi\u00f9 potente, acuita dal<strong> legno di hinoki<\/strong>. <strong>Forte<\/strong> e <strong>delicato<\/strong> allo stesso tempo, il profumo di questo sacro cipresso giapponese si fonde con <strong>l&#8217;intensit\u00e0<\/strong> del <strong>patchouli<\/strong> e la <strong>profondit\u00e0<\/strong> del legno di sandalo. Sulla pelle, questa fragranza floreale legnosa \u00e8 tanto femminile quanto vibrante: <strong>decisamente unica.<\/strong><\/p>\n<p><em>Piramide olfattiva<\/em><\/p>\n<div class=\"iayHgKPIUZWrzT4fpACP\"><em><span class=\"PHtNB5LNBAR0ej2bv6Bf\">Nota di testa: <\/span><\/em>Melograno, Pepe<\/div>\n<div class=\"iayHgKPIUZWrzT4fpACP\"><em><span class=\"PHtNB5LNBAR0ej2bv6Bf\">Nota di cuore: <\/span><\/em>Gelsomino, Magnolia, Orchidea, Fragola<\/div>\n<div class=\"iayHgKPIUZWrzT4fpACP\"><span class=\"PHtNB5LNBAR0ej2bv6Bf\"><em>Nota di base:<\/em> <\/span>Sandalo, Patchouli<\/div>","protected":false},"excerpt":{"rendered":"<p>Ginza Eau de Parfum, la nuova fragranza da donna che esalta le sfaccettature pi\u00f9 audaci e potenti della femminilit\u00e0. Un bouquet floreale scolpito da note legnose, il perfetto equilibrio tra forza e femminilit\u00e0.<\/p>\n<div class=\"woocommerce-product-details__short-description\">\n<div class=\"woocommerce-product-details__short-description\">\n<div class=\"woocommerce-product-details__short-description\">\n<div>\n<div class=\"woocommerce-product-details__short-description\">\n<div class=\"woocommerce-product-details__short-description\">\n<div class=\"woocommerce-product-details__short-description\">\n<div class=\"woocommerce-product-details__short-description\">\n<div class=\"woocommerce-product-details__short-description\">\n<p>&nbsp;<\/p>\n<p>Profumeria\u00a0<strong>Dolce Vita<\/strong>\u00a0sita a\u00a0<strong>Copertino<\/strong>\u00a0in\u00a0<strong>provincia di Lecce<\/strong>\u00a0spedisce online in tutta Italia,\u00a0<strong>Europa<\/strong>\u00a0e non solo: offre anche il ritiro in sede in provincia di Lecce!<\/p>\n<\/div>\n<\/div>\n<\/div>\n<\/div>\n<\/div>\n<\/div>\n<\/div>\n<\/div>\n<\/div>","protected":false},"featured_media":4477,"comment_status":"open","ping_status":"closed","template":"","meta":[],"product_cat":[82],"product_tag":[95,96,152,86,714,715,716],"class_list":{"0":"post-4408","1":"product","2":"type-product","3":"status-publish","4":"has-post-thumbnail","6":"product_cat-profumi-donna","7":"product_tag-dolcevita-profumeria-copertino","8":"product_tag-profumeria-copertino","9":"product_tag-profumeria-dolce-vita","10":"product_tag-profumeria-in-provincia-di-lecce","11":"product_tag-profumo-donna-shiseido","12":"product_tag-shiseido","13":"product_tag-shiseido-ginza-tokyo","15":"first","16":"outofstock","17":"sale","18":"shipping-taxable","19":"purchasable","20":"product-type-simple"},"_links":{"self":[{"href":"https:\/\/www.profumeriadolcevita.com\/en\/wp-json\/wp\/v2\/product\/4408","targetHints":{"allow":["GET"]}}],"collection":[{"href":"https:\/\/www.profumeriadolcevita.com\/en\/wp-json\/wp\/v2\/product"}],"about":[{"href":"https:\/\/www.profumeriadolcevita.com\/en\/wp-json\/wp\/v2\/types\/product"}],"replies":[{"embeddable":true,"href":"https:\/\/www.profumeriadolcevita.com\/en\/wp-json\/wp\/v2\/comments?post=4408"}],"version-history":[{"count":0,"href":"https:\/\/www.profumeriadolcevita.com\/en\/wp-json\/wp\/v2\/product\/4408\/revisions"}],"wp:featuredmedia":[{"embeddable":true,"href":"https:\/\/www.profumeriadolcevita.com\/en\/wp-json\/wp\/v2\/media\/4477"}],"wp:attachment":[{"href":"https:\/\/www.profumeriadolcevita.com\/en\/wp-json\/wp\/v2\/media?parent=4408"}],"wp:term":[{"taxonomy":"product_cat","embeddable":true,"href":"https:\/\/www.profumeriadolcevita.com\/en\/wp-json\/wp\/v2\/product_cat?post=4408"},{"taxonomy":"product_tag","embeddable":true,"href":"https:\/\/www.profumeriadolcevita.com\/en\/wp-json\/wp\/v2\/product_tag?post=4408"}],"curies":[{"name":"wp","href":"https:\/\/api.w.org\/{rel}","templated":true}]}}