{"id":4410,"date":"2025-11-03T08:17:32","date_gmt":"2025-11-03T08:17:32","guid":{"rendered":"https:\/\/www.profumeriadolcevita.com\/?post_type=product&#038;p=4410"},"modified":"2026-04-08T16:31:05","modified_gmt":"2026-04-08T16:31:05","slug":"lancome-tresor-l-eau-de-parfum","status":"publish","type":"product","link":"https:\/\/www.profumeriadolcevita.com\/en\/shop\/lancome-tresor-l-eau-de-parfum\/","title":{"rendered":"Lanc\u00f4me Tr\u00e9sor L&#8217; Eau De Parfum"},"content":{"rendered":"<p>Profumo Donna <strong>Lanc\u00f4me Tr\u00e9sor<\/strong> eau de parfum<\/p>\n<p>Vuoi sentirti come una vera dama? Desideri ardentemente il <strong>fascino<\/strong> e la grazia francesi? Prova l\u2019eau de parfum<strong> Lanc\u00f4me Tr\u00e9sor<\/strong>, che \u00e8 stata testata da migliaia di donne. Rose eleganti, il magico mughetto, il delicato lill\u00e0 e una <strong>scintillante<\/strong> combinazione di fiori di pesco e albicocca: questi sono solo alcuni degli accordi che caratterizzano questo profumo <strong>romantico<\/strong> e <strong>delicato<\/strong>.<\/p>\n<p><em>Piramide Olfattiva:<\/em><br \/>\n<em>Note di Testa:<\/em> Pesca, Albicocca, Ananas, Bergamotto<br \/>\n<em>Note di Cuore:<\/em> Rosa, Iris, Eliotropio, Gelsomino<br \/>\n<em>Note di Fondo:<\/em> Sandalo, Muschio, Vaniglia<\/p>","protected":false},"excerpt":{"rendered":"<div class=\"sc-aohf13-4 kiYrYU\">\n<div class=\"sc-aohf13-20 kcUWPy\">\n<div class=\"sc-fmKFGs TMduv sc-aohf13-2 laOwJh\">\n<div class=\"sc-1otxejp-0 erbfYz\">\n<div id=\"tabAnchor\">\n<div id=\"description-tab\" role=\"tabpanel\" aria-hidden=\"false\">\n<div class=\"sc-b1ieoh-1 hOxXvK\">\n<section id=\"pdDescription\" class=\"sc-aohf13-13 sc-1eu1dd2-0 emApjc iXnJIz\">\n<div id=\"pd-description-wrapper\" class=\"sc-aohf13-14 sc-1eu1dd2-1 cDOhlm fXhpiT\" data-testid=\"pd-description-wrapper\">\n<div class=\"sc-1uodfit-0 dQOesq\">\n<div id=\"pd-description-text\" class=\"sc-1eu1dd2-3 iNzXLP\" data-testid=\"pd-description-text\">\n<div class=\"sc-aohf13-4 kiYrYU\">\n<div class=\"sc-aohf13-20 kcUWPy\">\n<div class=\"sc-fmKFGs TMduv sc-aohf13-2 laOwJh\">\n<div class=\"sc-1otxejp-0 erbfYz\">\n<div id=\"tabAnchor\">\n<div id=\"description-tab\" role=\"tabpanel\" aria-hidden=\"false\">\n<div class=\"sc-b1ieoh-1 hOxXvK\">\n<section id=\"pdDescription\" class=\"sc-aohf13-13 sc-1eu1dd2-0 emApjc iXnJIz\">\n<div id=\"pd-description-wrapper\" class=\"sc-aohf13-14 sc-1eu1dd2-1 cDOhlm fXhpiT\" data-testid=\"pd-description-wrapper\">\n<div class=\"sc-1uodfit-0 dQOesq\">\n<div id=\"pd-description-text\" class=\"sc-1eu1dd2-3 iNzXLP\" data-testid=\"pd-description-text\">\n<p>L\u2019eau de parfum da donna Lanc\u00f4me Tr\u00e9sor \u00e8 una delle fragranze pi\u00f9 popolari al mondo da quando \u00e8 stata lanciata nel 1990. Ogni momento \u00e8 unico grazie a questo profumo eccezionale. Avvolgiti nel lusso e nell\u2019eleganza francesi grazie a questo gioiello profumato!<\/p>\n<div class=\"woocommerce-product-details__short-description\">\n<div class=\"woocommerce-product-details__short-description\">\n<div class=\"woocommerce-product-details__short-description\">\n<div class=\"woocommerce-product-details__short-description\">\n<div class=\"woocommerce-product-details__short-description\">\n<p>Profumeria\u00a0<strong>Dolce Vita<\/strong>\u00a0sita a\u00a0<strong>Copertino<\/strong>\u00a0in\u00a0<strong>provincia di Lecce<\/strong>\u00a0spedisce online in tutta Italia,\u00a0<strong>Europa<\/strong>\u00a0e non solo: offre anche il ritiro in sede in provincia di Lecce!<\/p>\n<\/div>\n<\/div>\n<\/div>\n<\/div>\n<\/div>\n<\/div>\n<\/div>\n<\/div>\n<\/section>\n<\/div>\n<\/div>\n<\/div>\n<\/div>\n<\/div>\n<\/div>\n<\/div>\n<\/div>\n<\/div>\n<\/div>\n<\/section>\n<\/div>\n<\/div>\n<\/div>\n<\/div>\n<\/div>\n<\/div>\n<\/div>","protected":false},"featured_media":8507,"comment_status":"open","ping_status":"closed","template":"","meta":[],"product_cat":[82],"product_tag":[95,117,83,718,96,86,87,719],"class_list":{"0":"post-4410","1":"product","2":"type-product","3":"status-publish","4":"has-post-thumbnail","6":"product_cat-profumi-donna","7":"product_tag-dolcevita-profumeria-copertino","8":"product_tag-la-dolcevita-profumeria","9":"product_tag-lancome","10":"product_tag-lancome-tresor-eau-de-parfum","11":"product_tag-profumeria-copertino","12":"product_tag-profumeria-in-provincia-di-lecce","13":"product_tag-profumo-donna","14":"product_tag-profumo-lancome","16":"first","17":"instock","18":"sale","19":"shipping-taxable","20":"purchasable","21":"product-type-variable"},"_links":{"self":[{"href":"https:\/\/www.profumeriadolcevita.com\/en\/wp-json\/wp\/v2\/product\/4410","targetHints":{"allow":["GET"]}}],"collection":[{"href":"https:\/\/www.profumeriadolcevita.com\/en\/wp-json\/wp\/v2\/product"}],"about":[{"href":"https:\/\/www.profumeriadolcevita.com\/en\/wp-json\/wp\/v2\/types\/product"}],"replies":[{"embeddable":true,"href":"https:\/\/www.profumeriadolcevita.com\/en\/wp-json\/wp\/v2\/comments?post=4410"}],"version-history":[{"count":0,"href":"https:\/\/www.profumeriadolcevita.com\/en\/wp-json\/wp\/v2\/product\/4410\/revisions"}],"wp:featuredmedia":[{"embeddable":true,"href":"https:\/\/www.profumeriadolcevita.com\/en\/wp-json\/wp\/v2\/media\/8507"}],"wp:attachment":[{"href":"https:\/\/www.profumeriadolcevita.com\/en\/wp-json\/wp\/v2\/media?parent=4410"}],"wp:term":[{"taxonomy":"product_cat","embeddable":true,"href":"https:\/\/www.profumeriadolcevita.com\/en\/wp-json\/wp\/v2\/product_cat?post=4410"},{"taxonomy":"product_tag","embeddable":true,"href":"https:\/\/www.profumeriadolcevita.com\/en\/wp-json\/wp\/v2\/product_tag?post=4410"}],"curies":[{"name":"wp","href":"https:\/\/api.w.org\/{rel}","templated":true}]}}