{"id":4416,"date":"2025-11-03T08:17:32","date_gmt":"2025-11-03T08:17:32","guid":{"rendered":"https:\/\/www.profumeriadolcevita.com\/?post_type=product&#038;p=4416"},"modified":"2026-01-29T15:50:31","modified_gmt":"2026-01-29T15:50:31","slug":"byblos-stone-eau-de-toilette","status":"publish","type":"product","link":"https:\/\/www.profumeriadolcevita.com\/en\/shop\/byblos-stone-eau-de-toilette\/","title":{"rendered":"Byblos Stone Eau De Toilette"},"content":{"rendered":"<p>Profumo Uomo Byblos Elementi di Byblos For Men Stone Eau de Toilette confezione 120 ml<\/p>\n<p><strong>Stone<\/strong> di Byblos \u00e8 un&#8217;eau de toilette per un uomo a cui piace evadere dalla citt\u00e0, per confrontarsi con s\u00e9 stesso attraverso la <strong>natura<\/strong>. Il senso di <strong>energia<\/strong> in questo caso si fonde con quello di <strong>eternit\u00e0<\/strong>, di natura e di <strong>armonia<\/strong>. In questo caso, il senso di <strong>controllo<\/strong> \u00e8 dato dalla sicurezza interiore, dalla consapevolezza che crea equilibrio.\u00a0 . L&#8217;<strong>eleganza<\/strong> in questo caso \u00e8 data dalla naturalit\u00e0, dal richiamo alla natura come selvaggia ma capace di trasmettere <strong>fiducia<\/strong> e <strong>relax<\/strong>. Il flacone ricorda la<strong> purezza<\/strong> delle pietre levigate dai fiumi, una presenza solida e liscia che conforta con solennit\u00e0.<\/p>\n<p><em>Piramide Olfattiva:<\/em><br \/>\n<em>Note di Testa:<\/em> Bergamotto, Limone, Ribes Nero, Coriandolo<br \/>\n<em>Note di Cuore:\u00a0<\/em>Rosa Bianca, Gelsomino, Betulla, Salvia Sclarea<br \/>\n<em>Note di Fondo:<\/em> Patchouli, Vaniglia, Muschio di Quercia<\/p>","protected":false},"excerpt":{"rendered":"<p><strong>Stone<\/strong>\u00a0di Byblos \u00e8 un&#8217;eau de toilette per un uomo a cui piace evadere dalla citt\u00e0, per confrontarsi con s\u00e9 stesso attraverso la natura. Il senso di <strong>energia<\/strong> in questo caso si fonde con quello di eternit\u00e0, di natura e di <strong>armonia.<\/strong><\/p>\n<p>&nbsp;<\/p>\n<div class=\"woocommerce-product-details__short-description\">\n<p>Profumeria\u00a0<strong>Dolce Vita<\/strong>\u00a0sita a\u00a0<strong>Copertino<\/strong>\u00a0in\u00a0<strong>provincia di Lecce<\/strong>\u00a0spedisce online in tutta Italia,\u00a0<strong>Europa<\/strong>\u00a0e non solo: offre anche il ritiro in sede in provincia di Lecce!<\/p>\n<\/div>","protected":false},"featured_media":4503,"comment_status":"open","ping_status":"closed","template":"","meta":[],"product_cat":[198],"product_tag":[734,735,95,86],"class_list":{"0":"post-4416","1":"product","2":"type-product","3":"status-publish","4":"has-post-thumbnail","6":"product_cat-offerte-uomo","7":"product_tag-byblo-stone","8":"product_tag-byblos-profumo-uomo","9":"product_tag-dolcevita-profumeria-copertino","10":"product_tag-profumeria-in-provincia-di-lecce","12":"first","13":"instock","14":"shipping-taxable","15":"purchasable","16":"product-type-simple"},"_links":{"self":[{"href":"https:\/\/www.profumeriadolcevita.com\/en\/wp-json\/wp\/v2\/product\/4416","targetHints":{"allow":["GET"]}}],"collection":[{"href":"https:\/\/www.profumeriadolcevita.com\/en\/wp-json\/wp\/v2\/product"}],"about":[{"href":"https:\/\/www.profumeriadolcevita.com\/en\/wp-json\/wp\/v2\/types\/product"}],"replies":[{"embeddable":true,"href":"https:\/\/www.profumeriadolcevita.com\/en\/wp-json\/wp\/v2\/comments?post=4416"}],"version-history":[{"count":0,"href":"https:\/\/www.profumeriadolcevita.com\/en\/wp-json\/wp\/v2\/product\/4416\/revisions"}],"wp:featuredmedia":[{"embeddable":true,"href":"https:\/\/www.profumeriadolcevita.com\/en\/wp-json\/wp\/v2\/media\/4503"}],"wp:attachment":[{"href":"https:\/\/www.profumeriadolcevita.com\/en\/wp-json\/wp\/v2\/media?parent=4416"}],"wp:term":[{"taxonomy":"product_cat","embeddable":true,"href":"https:\/\/www.profumeriadolcevita.com\/en\/wp-json\/wp\/v2\/product_cat?post=4416"},{"taxonomy":"product_tag","embeddable":true,"href":"https:\/\/www.profumeriadolcevita.com\/en\/wp-json\/wp\/v2\/product_tag?post=4416"}],"curies":[{"name":"wp","href":"https:\/\/api.w.org\/{rel}","templated":true}]}}