{"id":4441,"date":"2025-11-03T08:17:53","date_gmt":"2025-11-03T08:17:53","guid":{"rendered":"https:\/\/www.profumeriadolcevita.com\/?post_type=product&#038;p=4441"},"modified":"2026-04-02T16:16:11","modified_gmt":"2026-04-02T16:16:11","slug":"jean-paul-gaultier-le-male-eau-de-toilette","status":"publish","type":"product","link":"https:\/\/www.profumeriadolcevita.com\/en\/shop\/jean-paul-gaultier-le-male-eau-de-toilette\/","title":{"rendered":"Jean Paul Gaultier &#8220;Le Male&#8221; Eau De Toilette"},"content":{"rendered":"<p>Profumo uomo <strong>Jean Paul Gaultier &#8220;le male&#8221; <\/strong>eau de toilette<\/p>\n<p><em>L\u2019Eau de Toilette<\/em> di <strong>Jean Paul Gaultier \u2018Le Male\u2019<\/strong>, \u00e8 il perfetto equilibrio fra virilit\u00e0 e sensualit\u00e0, un classico reinventato grazie all\u2019abbinamento di lavanda con note di vaniglia sexy.<br \/>\n<em>Creata nel 1995<\/em> da Francis Kurkdjian, Le Male \u00e8 una fragranza magnetica e seducente, unica, moderna, dolce, costruita sui contrasti ed assolutamente<em> irresistibile per le donne.<\/em><br \/>\nSi apre con note di menta fresca, simbolo di forza, lavanda e bergamotto; il cuore \u00e8 formato da cannella, cumino e fiori d\u2019arancio; nelle note di fondo troviamo vaniglia, che regala alla composizione calore e dolcezza, fava tonka, legni di sandalo e cedro.<br \/>\nIl suo flacone-icona non passa poi inosservato, grazie alla forma di corpo maschile vestito alla marinara.<\/p>\n<p><em>Piramide olfattiva<\/em><br \/>\n<em>Note di Testa:<\/em> Menta, Lavanda, Bergamotto, artemisia, cardamomo<br \/>\n<em>Note di Cuore:<\/em> Cannella, Fiori d\u2019Arancio, Cumino<br \/>\n<em>Note di Fondo:<\/em> Vaniglia, Fava Tonka, Ambra, Legno di Sandalo, Legno di Cedro<\/p>","protected":false},"excerpt":{"rendered":"<p>Creata nel 1995 da Francis Kurkdjian, Le Male \u00e8 una fragranza magnetica e seducente, unica, moderna, dolce, costruita sui contrasti ed assolutamente irresistibile per le donne. L\u2019Eau de Toilette di Jean Paul Gaultier \u2018Le Male\u2019, \u00e8 il perfetto equilibrio fra virilit\u00e0 e sensualit\u00e0, un classico reinventato grazie all\u2019abbinamento di lavanda con note di vaniglia sexy.<\/p>\n<div class=\"woocommerce-product-details__short-description\">\n<div class=\"woocommerce-product-details__short-description\">\n<div class=\"woocommerce-product-details__short-description\">\n<p>Profumeria\u00a0<strong>Dolce Vita<\/strong>\u00a0sita a\u00a0<strong>Copertino<\/strong>\u00a0in\u00a0<strong>provincia di Lecce<\/strong>\u00a0spedisce online in tutta Italia,\u00a0<strong>Europa<\/strong>\u00a0e non solo: offre anche il ritiro in sede in provincia di Lecce!<\/p>\n<\/div>\n<\/div>\n<\/div>","protected":false},"featured_media":4514,"comment_status":"open","ping_status":"closed","template":"","meta":[],"product_cat":[123],"product_tag":[348,229,92,86,745,143],"class_list":{"0":"post-4441","1":"product","2":"type-product","3":"status-publish","4":"has-post-thumbnail","6":"product_cat-profumi-uomo","7":"product_tag-eau-de-toilette","8":"product_tag-jean-paul-gaultier","9":"product_tag-profumeria-dolcevita-copertino","10":"product_tag-profumeria-in-provincia-di-lecce","11":"product_tag-profumo-ragazzo","12":"product_tag-profumo-uomo","14":"first","15":"instock","16":"sale","17":"shipping-taxable","18":"purchasable","19":"product-type-variable"},"_links":{"self":[{"href":"https:\/\/www.profumeriadolcevita.com\/en\/wp-json\/wp\/v2\/product\/4441","targetHints":{"allow":["GET"]}}],"collection":[{"href":"https:\/\/www.profumeriadolcevita.com\/en\/wp-json\/wp\/v2\/product"}],"about":[{"href":"https:\/\/www.profumeriadolcevita.com\/en\/wp-json\/wp\/v2\/types\/product"}],"replies":[{"embeddable":true,"href":"https:\/\/www.profumeriadolcevita.com\/en\/wp-json\/wp\/v2\/comments?post=4441"}],"version-history":[{"count":0,"href":"https:\/\/www.profumeriadolcevita.com\/en\/wp-json\/wp\/v2\/product\/4441\/revisions"}],"wp:featuredmedia":[{"embeddable":true,"href":"https:\/\/www.profumeriadolcevita.com\/en\/wp-json\/wp\/v2\/media\/4514"}],"wp:attachment":[{"href":"https:\/\/www.profumeriadolcevita.com\/en\/wp-json\/wp\/v2\/media?parent=4441"}],"wp:term":[{"taxonomy":"product_cat","embeddable":true,"href":"https:\/\/www.profumeriadolcevita.com\/en\/wp-json\/wp\/v2\/product_cat?post=4441"},{"taxonomy":"product_tag","embeddable":true,"href":"https:\/\/www.profumeriadolcevita.com\/en\/wp-json\/wp\/v2\/product_tag?post=4441"}],"curies":[{"name":"wp","href":"https:\/\/api.w.org\/{rel}","templated":true}]}}