{"id":4492,"date":"2025-11-03T08:18:43","date_gmt":"2025-11-03T08:18:43","guid":{"rendered":"https:\/\/www.profumeriadolcevita.com\/?post_type=product&#038;p=4492"},"modified":"2026-01-29T18:57:26","modified_gmt":"2026-01-29T18:57:26","slug":"michael-kors-wonderlust-eau-de-parfum","status":"publish","type":"product","link":"https:\/\/www.profumeriadolcevita.com\/en\/shop\/michael-kors-wonderlust-eau-de-parfum\/","title":{"rendered":"Michael Kors Wonderlust Eau De Parfum"},"content":{"rendered":"<p>Profumo donna <strong>Michael Kors Wonderlust<\/strong> eau de parfum<\/p>\n<p>Accattivante, <strong>sicura di s\u00e9<\/strong> e sempre <strong>sexy<\/strong>, Wonderlust evoca un desiderio di vita in cui la bellezza, la spontaneit\u00e0 e la <strong>sensualit\u00e0<\/strong> sono la meta finale. Profondamente <strong>romantica<\/strong>, \u00e8 una fragranza ispirata all&#8217;esotico, all&#8217;inaspettato e all&#8217;ignoto.<br \/>\nRaffinata miscela di fiori deliziosamente accostati a note <strong>speziate<\/strong>, che richiama il <strong>lusso<\/strong> chic e spensierato di un viaggio estemporaneo.<\/p>\n<p><em>Piramide Olfattiva<\/em><br \/>\n<em>Note di Testa: <\/em>Latte di Mandorla, Bergamotto e Pepe Rosa<br \/>\n<em>Note di Cuore: <\/em>Eliotropio, Gelsomino Sambac e Garofano<br \/>\n<em>Note di Fondo: <\/em>Benzoino, Legno di Cashmere e Sandalo<\/p>","protected":false},"excerpt":{"rendered":"<p>Accattivante, sicura di s\u00e9 e sempre sexy, Wonderlust evoca un desiderio di vita in cui la bellezza, la spontaneit\u00e0 e la sensualit\u00e0 sono la meta finale.<\/p>\n<div class=\"woocommerce-product-details__short-description\">\n<div class=\"woocommerce-product-details__short-description\">\n<div class=\"woocommerce-product-details__short-description\">\n<div class=\"woocommerce-product-details__short-description\">\n<div class=\"woocommerce-product-details__short-description\">\n<div class=\"woocommerce-product-details__short-description\">\n<div class=\"woocommerce-product-details__short-description\">\n<p>&nbsp;<\/p>\n<p>Profumeria\u00a0<strong>Dolce Vita<\/strong>\u00a0sita a\u00a0<strong>Copertino<\/strong>\u00a0in\u00a0<strong>provincia di Lecce<\/strong>\u00a0spedisce online in tutta Italia,\u00a0<strong>Europa<\/strong>\u00a0e non solo: offre anche il ritiro in sede in provincia di Lecce!<\/p>\n<\/div>\n<\/div>\n<\/div>\n<\/div>\n<\/div>\n<\/div>\n<\/div>","protected":false},"featured_media":4558,"comment_status":"open","ping_status":"closed","template":"","meta":[],"product_cat":[82],"product_tag":[95,762,763,92,86,87],"class_list":{"0":"post-4492","1":"product","2":"type-product","3":"status-publish","4":"has-post-thumbnail","6":"product_cat-profumi-donna","7":"product_tag-dolcevita-profumeria-copertino","8":"product_tag-michael-kors","9":"product_tag-michael-kors-profumo-donna","10":"product_tag-profumeria-dolcevita-copertino","11":"product_tag-profumeria-in-provincia-di-lecce","12":"product_tag-profumo-donna","14":"first","15":"instock","16":"sale","17":"shipping-taxable","18":"purchasable","19":"product-type-variable"},"_links":{"self":[{"href":"https:\/\/www.profumeriadolcevita.com\/en\/wp-json\/wp\/v2\/product\/4492","targetHints":{"allow":["GET"]}}],"collection":[{"href":"https:\/\/www.profumeriadolcevita.com\/en\/wp-json\/wp\/v2\/product"}],"about":[{"href":"https:\/\/www.profumeriadolcevita.com\/en\/wp-json\/wp\/v2\/types\/product"}],"replies":[{"embeddable":true,"href":"https:\/\/www.profumeriadolcevita.com\/en\/wp-json\/wp\/v2\/comments?post=4492"}],"version-history":[{"count":0,"href":"https:\/\/www.profumeriadolcevita.com\/en\/wp-json\/wp\/v2\/product\/4492\/revisions"}],"wp:featuredmedia":[{"embeddable":true,"href":"https:\/\/www.profumeriadolcevita.com\/en\/wp-json\/wp\/v2\/media\/4558"}],"wp:attachment":[{"href":"https:\/\/www.profumeriadolcevita.com\/en\/wp-json\/wp\/v2\/media?parent=4492"}],"wp:term":[{"taxonomy":"product_cat","embeddable":true,"href":"https:\/\/www.profumeriadolcevita.com\/en\/wp-json\/wp\/v2\/product_cat?post=4492"},{"taxonomy":"product_tag","embeddable":true,"href":"https:\/\/www.profumeriadolcevita.com\/en\/wp-json\/wp\/v2\/product_tag?post=4492"}],"curies":[{"name":"wp","href":"https:\/\/api.w.org\/{rel}","templated":true}]}}