{"id":4569,"date":"2025-11-03T08:19:54","date_gmt":"2025-11-03T08:19:54","guid":{"rendered":"https:\/\/www.profumeriadolcevita.com\/?post_type=product&#038;p=4569"},"modified":"2026-02-03T18:16:32","modified_gmt":"2026-02-03T18:16:32","slug":"cacharel-loulou-eau-de-parfum","status":"publish","type":"product","link":"https:\/\/www.profumeriadolcevita.com\/en\/shop\/cacharel-loulou-eau-de-parfum\/","title":{"rendered":"Cacharel LouLou Eau De Parfum Spray"},"content":{"rendered":"<p>Profumo da Donna <strong>Cacharel Loulou Eau de Parfum<\/strong>\u00a0 50ml<\/p>\n<p>Cacharel Loulou \u00e8 un profumo controverso che non ha mezze misure, o lo si <strong>ama<\/strong> oppure lo si<strong> odia<\/strong>. Loulou \u00e8 come un inebriante <strong>fiore rosso<\/strong> oscuro che <strong>seduce<\/strong> immediatamente e al quale non \u00e8 possibile resistere. La composizione si sviluppa attorno al<strong> sensuale<\/strong> <strong>fiore di tiara<\/strong>, simbolo di <strong>Tahiti<\/strong>. Nelle note di testa sono presenti viola, ribes nero, prugna, calendula e anice, il cuore si addolcisce con note di <strong>tuberosa<\/strong>,<strong> ylang-ylang<\/strong> e <strong>fiori d&#8217;arancio<\/strong>, per terminare in un fondo con<strong> giaggiolo<\/strong>, <strong>fava tonka<\/strong>, vaniglia e balsamo. Questo profumo <strong>sensuale<\/strong>, <strong>selvaggio<\/strong> e <strong>misterioso<\/strong> si presenta in un flacone blu opaco e rosso in forma ottagonale che si restringe verso l&#8217;alto.<\/p>\n<p><em>Piramide Olfattiva:<\/em><br \/>\n<em>Note di Testa:<\/em> Viola, Ribes nero, Prugna, Calendula, Anice<br \/>\n<em>Note di Cuore:<\/em> Fiore di Tiara, Tuberosa, Ylang-ylang,\u00a0 Fiori d&#8217;arancio<br \/>\n<em>Note di Fondo:<\/em> Giaggiolo, Fava tonka, Vaniglia, Balsamo<\/p>","protected":false},"excerpt":{"rendered":"<div class=\"woocommerce-product-details__short-description\">\n<div class=\"woocommerce-product-details__short-description\">\n<div class=\"woocommerce-product-details__short-description\">\n<p>Cacharel Loulou \u00e8 un profumo controverso che non ha mezze misure, o lo si ama oppure lo si odia. Loulou \u00e8 come un inebriante fiore rosso oscuro che seduce immediatamente e al quale non \u00e8 possibile resistere. La composizione si sviluppa attorno al sensuale fiore di tiara, simbolo di Tahiti.<\/p>\n<p>&nbsp;<\/p>\n<p>Profumeria\u00a0<strong>Dolce Vita<\/strong>\u00a0sita a\u00a0<strong>Copertino<\/strong>\u00a0in\u00a0<strong>provincia di Lecce<\/strong>\u00a0spedisce online in tutta Italia,\u00a0<strong>Europa<\/strong>\u00a0e non solo: offre anche il ritiro in sede in provincia di Lecce!<\/p>\n<\/div>\n<\/div>\n<\/div>","protected":false},"featured_media":4634,"comment_status":"open","ping_status":"closed","template":"","meta":[],"product_cat":[201,82],"product_tag":[813,817,818,85,86,87,819,820],"class_list":{"0":"post-4569","1":"product","2":"type-product","3":"status-publish","4":"has-post-thumbnail","6":"product_cat-offerte-donna","7":"product_cat-profumi-donna","8":"product_tag-cacharel","9":"product_tag-cacharel-lou-lou-profumo-donna","10":"product_tag-loulou-cacharel","11":"product_tag-profumeria-dolce-vita-copertino","12":"product_tag-profumeria-in-provincia-di-lecce","13":"product_tag-profumo-donna","14":"product_tag-profumo-donna-cacahrel-loulou","15":"product_tag-profumo-donna-loulou","17":"first","18":"instock","19":"sale","20":"shipping-taxable","21":"purchasable","22":"product-type-simple"},"_links":{"self":[{"href":"https:\/\/www.profumeriadolcevita.com\/en\/wp-json\/wp\/v2\/product\/4569","targetHints":{"allow":["GET"]}}],"collection":[{"href":"https:\/\/www.profumeriadolcevita.com\/en\/wp-json\/wp\/v2\/product"}],"about":[{"href":"https:\/\/www.profumeriadolcevita.com\/en\/wp-json\/wp\/v2\/types\/product"}],"replies":[{"embeddable":true,"href":"https:\/\/www.profumeriadolcevita.com\/en\/wp-json\/wp\/v2\/comments?post=4569"}],"version-history":[{"count":0,"href":"https:\/\/www.profumeriadolcevita.com\/en\/wp-json\/wp\/v2\/product\/4569\/revisions"}],"wp:featuredmedia":[{"embeddable":true,"href":"https:\/\/www.profumeriadolcevita.com\/en\/wp-json\/wp\/v2\/media\/4634"}],"wp:attachment":[{"href":"https:\/\/www.profumeriadolcevita.com\/en\/wp-json\/wp\/v2\/media?parent=4569"}],"wp:term":[{"taxonomy":"product_cat","embeddable":true,"href":"https:\/\/www.profumeriadolcevita.com\/en\/wp-json\/wp\/v2\/product_cat?post=4569"},{"taxonomy":"product_tag","embeddable":true,"href":"https:\/\/www.profumeriadolcevita.com\/en\/wp-json\/wp\/v2\/product_tag?post=4569"}],"curies":[{"name":"wp","href":"https:\/\/api.w.org\/{rel}","templated":true}]}}