{"id":4593,"date":"2025-11-03T08:20:17","date_gmt":"2025-11-03T08:20:17","guid":{"rendered":"https:\/\/www.profumeriadolcevita.com\/?post_type=product&#038;p=4593"},"modified":"2025-11-03T08:21:32","modified_gmt":"2025-11-03T08:21:32","slug":"laura-biagiotti-roma-eau-de-toilette","status":"publish","type":"product","link":"https:\/\/www.profumeriadolcevita.com\/en\/shop\/laura-biagiotti-roma-eau-de-toilette\/","title":{"rendered":"Laura Biagiotti Roma Eau De Toilette"},"content":{"rendered":"<p>Profumo Donna <strong>Laura Biagiotti Roma<\/strong> eau de toilette<\/p>\n<p><strong>Frizzante<\/strong> in testa con pompelmo, rosa, ribes e menta. Il mix <strong>floreale<\/strong> con gelsomino, rosa e mughetto, veste graziosamente il cuore. E poi, ovviamente, nel fondo, si risveglia la <strong>sensualit\u00e0<\/strong> tutta in <strong>raffinatezza<\/strong> con la vaniglia e l&#8217;ambra.<br \/>\nIdeato da Oliver Cresp, Roma si presta ad un&#8217;interpretazione <strong>romantica<\/strong> e <strong>deliziosa<\/strong> che mira a disinibire l&#8217;innocenza <strong>femminile<\/strong> e il carattere <strong>fanciullesco<\/strong> delle giovani <strong>donne<\/strong>.<\/p>\n<p><em>Piramide Olfattiva<\/em><br \/>\n<em>Note di testa<\/em>: pompelmo, ribes, menta, giacinto<br \/>\n<em>Note di cuore:<\/em> gelsomino, rosa, mughetto, sandalo<br \/>\n<em>Note di fondo:<\/em> vaniglia, ambra, muschio, zibetto<\/p>","protected":false},"excerpt":{"rendered":"<p>La citt\u00e0 tanto amata da Laura Biagiotti meritava un profumo. Roma \u00e8 un invito a viaggiare, l&#8217;alleanza dell&#8217;esuberanza e della tradizione, Roma \u00e8 un omaggio alla sensualit\u00e0 della donna italiana.<\/p>\n<div class=\"woocommerce-product-details__short-description\">\n<div class=\"woocommerce-product-details__short-description\">\n<div class=\"woocommerce-product-details__short-description\">\n<div class=\"woocommerce-product-details__short-description\">\n<div class=\"woocommerce-product-details__short-description\">\n<div class=\"woocommerce-product-details__short-description\">\n<div class=\"woocommerce-product-details__short-description\">\n<p>&nbsp;<\/p>\n<p>Profumeria\u00a0<strong>Dolce Vita<\/strong>\u00a0sita a\u00a0<strong>Copertino<\/strong>\u00a0in\u00a0<strong>provincia di Lecce<\/strong>\u00a0spedisce online in tutta Italia,\u00a0<strong>Europa<\/strong>\u00a0e non solo: offre anche il ritiro in sede in provincia di Lecce!<\/p>\n<\/div>\n<\/div>\n<\/div>\n<\/div>\n<\/div>\n<\/div>\n<\/div>","protected":false},"featured_media":4659,"comment_status":"open","ping_status":"closed","template":"","meta":[],"product_cat":[82],"product_tag":[830,92,87,831,89],"class_list":{"0":"post-4593","1":"product","2":"type-product","3":"status-publish","4":"has-post-thumbnail","6":"product_cat-profumi-donna","7":"product_tag-laura-biagiotti","8":"product_tag-profumeria-dolcevita-copertino","9":"product_tag-profumo-donna","10":"product_tag-roma-profumo-donna","11":"product_tag-spedizione-rapida","13":"first","14":"instock","15":"sale","16":"shipping-taxable","17":"purchasable","18":"product-type-variable"},"_links":{"self":[{"href":"https:\/\/www.profumeriadolcevita.com\/en\/wp-json\/wp\/v2\/product\/4593","targetHints":{"allow":["GET"]}}],"collection":[{"href":"https:\/\/www.profumeriadolcevita.com\/en\/wp-json\/wp\/v2\/product"}],"about":[{"href":"https:\/\/www.profumeriadolcevita.com\/en\/wp-json\/wp\/v2\/types\/product"}],"replies":[{"embeddable":true,"href":"https:\/\/www.profumeriadolcevita.com\/en\/wp-json\/wp\/v2\/comments?post=4593"}],"version-history":[{"count":0,"href":"https:\/\/www.profumeriadolcevita.com\/en\/wp-json\/wp\/v2\/product\/4593\/revisions"}],"wp:featuredmedia":[{"embeddable":true,"href":"https:\/\/www.profumeriadolcevita.com\/en\/wp-json\/wp\/v2\/media\/4659"}],"wp:attachment":[{"href":"https:\/\/www.profumeriadolcevita.com\/en\/wp-json\/wp\/v2\/media?parent=4593"}],"wp:term":[{"taxonomy":"product_cat","embeddable":true,"href":"https:\/\/www.profumeriadolcevita.com\/en\/wp-json\/wp\/v2\/product_cat?post=4593"},{"taxonomy":"product_tag","embeddable":true,"href":"https:\/\/www.profumeriadolcevita.com\/en\/wp-json\/wp\/v2\/product_tag?post=4593"}],"curies":[{"name":"wp","href":"https:\/\/api.w.org\/{rel}","templated":true}]}}