{"id":4647,"date":"2025-11-03T08:21:09","date_gmt":"2025-11-03T08:21:09","guid":{"rendered":"https:\/\/www.profumeriadolcevita.com\/?post_type=product&#038;p=4647"},"modified":"2026-03-10T16:11:47","modified_gmt":"2026-03-10T16:11:47","slug":"dolce-gabbana-k-eau-de-toilette","status":"publish","type":"product","link":"https:\/\/www.profumeriadolcevita.com\/en\/shop\/dolce-gabbana-k-eau-de-toilette\/","title":{"rendered":"Dolce &#038; Gabbana K Eau De Toilette"},"content":{"rendered":"<p>Profumo Uomo <strong>Dolce &amp; Gabbana K<\/strong> Eau de Toilette<\/p>\n<p>La freschezza degli <strong>agrumi<\/strong>\u00a0di Sicilia avvolge i sensi in un abbraccio vigoroso ed energizzante. Il carattere <strong>frizzante<\/strong> e <strong>vivace<\/strong> \u00e8 enfatizzato dalle note di cuore con gli accenti della\u00a0<strong>salvia sclarea<\/strong>, accoppiata con\u00a0<strong>geranio<\/strong>\u00a0frizzante e\u00a0<strong>lavanda<\/strong>\u00a0energizzante. La fragranza \u00e8 dotata di una personalit\u00e0 forte data dall&#8217;essenza di\u00a0<strong>peperoncino<\/strong>. Infine, si \u00e8 inebriati dal legno di\u00a0<strong>cedro<\/strong>\u00a0accostato all&#8217;eleganza di due ingredienti tipicamente maschili: le note del\u00a0<strong>vetiver<\/strong>\u00a0e del\u00a0<strong>patchouli<\/strong>.<br \/>\n<strong>K<\/strong> by <strong>Dolce &amp; Gabbana<\/strong> \u00e8 un suggestivo viaggio olfattivo fra le note <strong>legnose<\/strong> e <strong>aromatiche<\/strong> del Mediterraneo, che lascia una scia di <strong>seduzione<\/strong> ardente e <strong>carismatica<\/strong>.<br \/>\nSul tappo della bottiglia \u00e8 presente una\u00a0<strong>corona<\/strong>\u00a0rivestita da pigmenti d&#8217;oro 24 carati che mediante un processo di invecchiamento dona a ciascun esemplare una finitura diversa.<\/p>\n<p><em>Piramide olfattiva:<\/em><br \/>\n<em>Note di Testa:<\/em>\u00a0Limone di Sicilia, Essenza di Arancia Rossa, Bergamotto, Pepe Nero<br \/>\n<em>Note di Cuore:<\/em>\u00a0Pimento Rosso Piccante, Lavanda, Cuoio, Accordo Marino<br \/>\n<em>Note di Fondo:<\/em>\u00a0Legno di Cedro, Patchouli, Ambra, Vaniglia<\/p>","protected":false},"excerpt":{"rendered":"<div class=\"woocommerce-product-details__short-description\">\n<div class=\"woocommerce-product-details__short-description\">\n<div class=\"woocommerce-product-details__short-description\">\n<div class=\"woocommerce-product-details__short-description\">\n<div class=\"woocommerce-product-details__short-description\">\n<div class=\"woocommerce-product-details__short-description\">\n<p>K\u00a0by\u00a0Dolce &amp; Gabbana\u00a0\u00e8 il profumo carismatico e generoso di un uomo che rispetta le tradizioni e allo stesso tempo \u00e8 aperto alla modernit\u00e0.<\/p>\n<p>Profumeria\u00a0<strong>Dolce Vita<\/strong>\u00a0sita a\u00a0<strong>Copertino<\/strong>\u00a0in\u00a0<strong>provincia di Lecce<\/strong>\u00a0spedisce online in tutta Italia,\u00a0<strong>Europa<\/strong>\u00a0e non solo: offre anche il ritiro in sede in provincia di Lecce!<\/p>\n<\/div>\n<\/div>\n<\/div>\n<\/div>\n<\/div>\n<\/div>","protected":false},"featured_media":4704,"comment_status":"open","ping_status":"closed","template":"","meta":[],"product_cat":[123],"product_tag":[245,854,96,92,86,143,855],"class_list":{"0":"post-4647","1":"product","2":"type-product","3":"status-publish","4":"has-post-thumbnail","6":"product_cat-profumi-uomo","7":"product_tag-dolce-gabbana","8":"product_tag-dolce-gabbana-k-profumo-uomo","9":"product_tag-profumeria-copertino","10":"product_tag-profumeria-dolcevita-copertino","11":"product_tag-profumeria-in-provincia-di-lecce","12":"product_tag-profumo-uomo","13":"product_tag-profumo-uomo-dolce-gabbana-k","15":"first","16":"instock","17":"sale","18":"shipping-taxable","19":"purchasable","20":"product-type-variable"},"_links":{"self":[{"href":"https:\/\/www.profumeriadolcevita.com\/en\/wp-json\/wp\/v2\/product\/4647","targetHints":{"allow":["GET"]}}],"collection":[{"href":"https:\/\/www.profumeriadolcevita.com\/en\/wp-json\/wp\/v2\/product"}],"about":[{"href":"https:\/\/www.profumeriadolcevita.com\/en\/wp-json\/wp\/v2\/types\/product"}],"replies":[{"embeddable":true,"href":"https:\/\/www.profumeriadolcevita.com\/en\/wp-json\/wp\/v2\/comments?post=4647"}],"version-history":[{"count":0,"href":"https:\/\/www.profumeriadolcevita.com\/en\/wp-json\/wp\/v2\/product\/4647\/revisions"}],"wp:featuredmedia":[{"embeddable":true,"href":"https:\/\/www.profumeriadolcevita.com\/en\/wp-json\/wp\/v2\/media\/4704"}],"wp:attachment":[{"href":"https:\/\/www.profumeriadolcevita.com\/en\/wp-json\/wp\/v2\/media?parent=4647"}],"wp:term":[{"taxonomy":"product_cat","embeddable":true,"href":"https:\/\/www.profumeriadolcevita.com\/en\/wp-json\/wp\/v2\/product_cat?post=4647"},{"taxonomy":"product_tag","embeddable":true,"href":"https:\/\/www.profumeriadolcevita.com\/en\/wp-json\/wp\/v2\/product_tag?post=4647"}],"curies":[{"name":"wp","href":"https:\/\/api.w.org\/{rel}","templated":true}]}}