{"id":4693,"date":"2025-11-03T08:21:57","date_gmt":"2025-11-03T08:21:57","guid":{"rendered":"https:\/\/www.profumeriadolcevita.com\/?post_type=product&#038;p=4693"},"modified":"2026-01-31T08:56:43","modified_gmt":"2026-01-31T08:56:43","slug":"alfa-romeo-black-eau-de-toilette","status":"publish","type":"product","link":"https:\/\/www.profumeriadolcevita.com\/en\/shop\/alfa-romeo-black-eau-de-toilette\/","title":{"rendered":"Alfa Romeo Black Eau De Toilette"},"content":{"rendered":"<p>Profumo Uomo <strong>Alfa Romeo Black<\/strong> Eau de Toilette<\/p>\n<p><strong>Alfa Romeo Black Eau de Toilette<\/strong>\u00a0\u00e8 un profumo dedicato all\u2019uomo moderno, carismatico, sicuro di s\u00e9, sofisticato e urbano. Con un elegante\u00a0<strong>design nero opaco<\/strong>, tutti i dettagli sono in linea con lo spirito del<strong>\u00a0brand Alfa Romeo<\/strong>: puro, essenziale, sportivo e dall\u2019animo italiano. La fragranza prende ispirazione dalla storica\u00a0<strong>esemplare 33 Stradale<\/strong>: cos\u00ec rara e affascinante, \u00e8 una delle auto pi\u00f9 desiderate da sempre. La fragranza si apre con l\u2019inconfondibile nota di\u00a0<strong>limone<\/strong>\u00a0italiano abbinata alla freschezza del\u00a0<strong>pompelmo<\/strong>\u00a0e all\u2019<strong>elemi<\/strong>, per una partenza sfavillante e coinvolgente. La seducente\u00a0<strong>rosa nera<\/strong>\u00a0nel cuore, avvolta dalla\u00a0<strong>noce moscata<\/strong>\u00a0che dona a sua volta una calda spericolatezza speziata, ricrea quella forte sicurezza del pilota nel guidare un\u2019Alfa Romeo. La presenza di\u00a0<strong>legni scuri<\/strong>\u00a0nel fondo rafforza lo stretto legame tra il veicolo e la strada, mentre l\u2019<strong>oud<\/strong>\u00a0amplifica questa sensazione rendendola ancora pi\u00f9 esclusiva. L\u2019accordo di\u00a0<strong>alcantara<\/strong>\u00a0costituisce il tocco finale di questa sofisticata fragranza, siglandone un\u2019eleganza senza tempo.<\/p>\n<p><em>Piramide Olfattiva<\/em><br \/>\n<em>Note di Testa:\u00a0<\/em>Limone Italiano, Pompelmo, Elemi<br \/>\n<em>Note di Cuore:\u00a0<\/em>Noce Moscata, Legno di Cedro, Rosa Nera<br \/>\n<em>Note di Fondo: <\/em>Patchouli, Legno di Ebano, Oud, Alcantara<\/p>","protected":false},"excerpt":{"rendered":"<div class=\"woocommerce-product-details__short-description\">\n<div class=\"woocommerce-product-details__short-description\">\n<div class=\"woocommerce-product-details__short-description\">\n<div class=\"woocommerce-product-details__short-description\">\n<div class=\"woocommerce-product-details__short-description\">\n<div class=\"woocommerce-product-details__short-description\">\n<div class=\"woocommerce-product-details__short-description\">\n<div class=\"woocommerce-product-details__short-description\">\n<div class=\"woocommerce-product-details__short-description\">\n<p>Alfa Romeo Black Eau de Toilette\u00a0\u00e8 un profumo dedicato all\u2019uomo moderno, carismatico, sicuro di s\u00e9, sofisticato e urbano. Con un elegante\u00a0design nero opaco, tutti i dettagli sono in linea con lo spirito del brand Alfa Romeo.<\/p>\n<div class=\"woocommerce-product-details__short-description\">\n<div class=\"woocommerce-product-details__short-description\">\n<div class=\"woocommerce-product-details__short-description\">\n<div class=\"woocommerce-product-details__short-description\">\n<div class=\"woocommerce-product-details__short-description\">\n<div class=\"woocommerce-product-details__short-description\">\n<div class=\"woocommerce-product-details__short-description\">\n<div class=\"woocommerce-product-details__short-description\">\n<div class=\"woocommerce-product-details__short-description\">\n<div class=\"woocommerce-product-details__short-description\">\n<p>&nbsp;<\/p>\n<\/div>\n<\/div>\n<\/div>\n<\/div>\n<\/div>\n<\/div>\n<\/div>\n<\/div>\n<\/div>\n<\/div>\n<p>Profumeria\u00a0<strong>Dolce Vita<\/strong>\u00a0sita a\u00a0<strong>Copertino<\/strong>\u00a0in\u00a0<strong>provincia di Lecce<\/strong>\u00a0spedisce online in tutta Italia,\u00a0<strong>Europa<\/strong>\u00a0e non solo: offre anche il ritiro in sede in provincia di Lecce!<\/p>\n<\/div>\n<\/div>\n<\/div>\n<\/div>\n<\/div>\n<\/div>\n<\/div>\n<\/div>\n<\/div>","protected":false},"featured_media":4753,"comment_status":"open","ping_status":"closed","template":"","meta":[],"product_cat":[198],"product_tag":[278,873,280,95,86,143],"class_list":{"0":"post-4693","1":"product","2":"type-product","3":"status-publish","4":"has-post-thumbnail","6":"product_cat-offerte-uomo","7":"product_tag-alfa-romeo","8":"product_tag-alfa-romeo-black","9":"product_tag-alfa-romeo-profumo-uomo","10":"product_tag-dolcevita-profumeria-copertino","11":"product_tag-profumeria-in-provincia-di-lecce","12":"product_tag-profumo-uomo","14":"first","15":"instock","16":"shipping-taxable","17":"purchasable","18":"product-type-variable"},"_links":{"self":[{"href":"https:\/\/www.profumeriadolcevita.com\/en\/wp-json\/wp\/v2\/product\/4693","targetHints":{"allow":["GET"]}}],"collection":[{"href":"https:\/\/www.profumeriadolcevita.com\/en\/wp-json\/wp\/v2\/product"}],"about":[{"href":"https:\/\/www.profumeriadolcevita.com\/en\/wp-json\/wp\/v2\/types\/product"}],"replies":[{"embeddable":true,"href":"https:\/\/www.profumeriadolcevita.com\/en\/wp-json\/wp\/v2\/comments?post=4693"}],"version-history":[{"count":0,"href":"https:\/\/www.profumeriadolcevita.com\/en\/wp-json\/wp\/v2\/product\/4693\/revisions"}],"wp:featuredmedia":[{"embeddable":true,"href":"https:\/\/www.profumeriadolcevita.com\/en\/wp-json\/wp\/v2\/media\/4753"}],"wp:attachment":[{"href":"https:\/\/www.profumeriadolcevita.com\/en\/wp-json\/wp\/v2\/media?parent=4693"}],"wp:term":[{"taxonomy":"product_cat","embeddable":true,"href":"https:\/\/www.profumeriadolcevita.com\/en\/wp-json\/wp\/v2\/product_cat?post=4693"},{"taxonomy":"product_tag","embeddable":true,"href":"https:\/\/www.profumeriadolcevita.com\/en\/wp-json\/wp\/v2\/product_tag?post=4693"}],"curies":[{"name":"wp","href":"https:\/\/api.w.org\/{rel}","templated":true}]}}