{"id":4713,"date":"2025-11-03T08:22:20","date_gmt":"2025-11-03T08:22:20","guid":{"rendered":"https:\/\/www.profumeriadolcevita.com\/?post_type=product&#038;p=4713"},"modified":"2026-02-06T11:14:38","modified_gmt":"2026-02-06T11:14:38","slug":"alfa-romeo-black-deodorante-spray","status":"publish","type":"product","link":"https:\/\/www.profumeriadolcevita.com\/en\/shop\/alfa-romeo-black-deodorante-spray\/","title":{"rendered":"Alfa Romeo Black Deodorante Spray"},"content":{"rendered":"<p>Alfa Romeo Black Deo Spray da 150 ml spray<\/p>\n<p>La fragranza si apre con l\u2019inconfondibile nota di <strong>limone<\/strong>\u00a0italiano abbinata alla freschezza del\u00a0<strong>pompelmo<\/strong>\u00a0e all\u2019<strong>elemi<\/strong>, per una partenza sfavillante e coinvolgente. La seducente\u00a0<strong>rosa nera<\/strong>\u00a0nel cuore, avvolta dalla\u00a0<strong>noce moscata<\/strong>\u00a0che dona a sua volta una calda spericolatezza speziata, ricrea quella forte sicurezza del pilota nel guidare un\u2019Alfa Romeo. La presenza di\u00a0<strong>legni scuri<\/strong>\u00a0nel fondo rafforza lo stretto legame tra il veicolo e la strada, mentre l\u2019<strong>oud<\/strong>\u00a0amplifica questa sensazione rendendola ancora pi\u00f9 esclusiva. L\u2019accordo di\u00a0<strong>alcantara<\/strong>\u00a0costituisce il tocco finale di questa sofisticata fragranza, siglandone un\u2019eleganza senza tempo.<\/p>","protected":false},"excerpt":{"rendered":"<div class=\"woocommerce-product-details__short-description\">\n<div class=\"woocommerce-product-details__short-description\">\n<div class=\"woocommerce-product-details__short-description\">\n<div class=\"woocommerce-product-details__short-description\">\n<div class=\"woocommerce-product-details__short-description\">\n<div class=\"woocommerce-product-details__short-description\">\n<div class=\"woocommerce-product-details__short-description\">\n<div class=\"woocommerce-product-details__short-description\">\n<div class=\"woocommerce-product-details__short-description\">\n<div class=\"woocommerce-product-details__short-description\">\n<p>Deodorante Spray\u00a0che riprende la fragranza\u00a0Black\u00a0di\u00a0Alfa Romeo.\u00a0Questo profumo prende ispirazione dalla storica\u00a0esemplare 33 Stradale: cos\u00ec rara e affascinante, \u00e8 una delle auto pi\u00f9 desiderate da sempre<\/p>\n<p>Profumeria\u00a0<strong>Dolce Vita<\/strong>\u00a0sita a\u00a0<strong>Copertino<\/strong>\u00a0in\u00a0<strong>provincia di Lecce<\/strong>\u00a0spedisce online in tutta Italia,\u00a0<strong>Europa<\/strong>\u00a0e non solo: offre anche il ritiro in sede in provincia di Lecce!<\/p>\n<\/div>\n<\/div>\n<\/div>\n<\/div>\n<\/div>\n<\/div>\n<\/div>\n<\/div>\n<\/div>\n<\/div>","protected":false},"featured_media":4774,"comment_status":"open","ping_status":"closed","template":"","meta":[],"product_cat":[448],"product_tag":[873,1828,480,95,86],"class_list":{"0":"post-4713","1":"product","2":"type-product","3":"status-publish","4":"has-post-thumbnail","6":"product_cat-deodorante","7":"product_tag-alfa-romeo-black","8":"product_tag-alfa-romeo-deodorante","9":"product_tag-deodorante-spray","10":"product_tag-dolcevita-profumeria-copertino","11":"product_tag-profumeria-in-provincia-di-lecce","13":"first","14":"outofstock","15":"shipping-taxable","16":"purchasable","17":"product-type-simple"},"_links":{"self":[{"href":"https:\/\/www.profumeriadolcevita.com\/en\/wp-json\/wp\/v2\/product\/4713","targetHints":{"allow":["GET"]}}],"collection":[{"href":"https:\/\/www.profumeriadolcevita.com\/en\/wp-json\/wp\/v2\/product"}],"about":[{"href":"https:\/\/www.profumeriadolcevita.com\/en\/wp-json\/wp\/v2\/types\/product"}],"replies":[{"embeddable":true,"href":"https:\/\/www.profumeriadolcevita.com\/en\/wp-json\/wp\/v2\/comments?post=4713"}],"version-history":[{"count":0,"href":"https:\/\/www.profumeriadolcevita.com\/en\/wp-json\/wp\/v2\/product\/4713\/revisions"}],"wp:featuredmedia":[{"embeddable":true,"href":"https:\/\/www.profumeriadolcevita.com\/en\/wp-json\/wp\/v2\/media\/4774"}],"wp:attachment":[{"href":"https:\/\/www.profumeriadolcevita.com\/en\/wp-json\/wp\/v2\/media?parent=4713"}],"wp:term":[{"taxonomy":"product_cat","embeddable":true,"href":"https:\/\/www.profumeriadolcevita.com\/en\/wp-json\/wp\/v2\/product_cat?post=4713"},{"taxonomy":"product_tag","embeddable":true,"href":"https:\/\/www.profumeriadolcevita.com\/en\/wp-json\/wp\/v2\/product_tag?post=4713"}],"curies":[{"name":"wp","href":"https:\/\/api.w.org\/{rel}","templated":true}]}}