{"id":4761,"date":"2025-11-03T08:23:07","date_gmt":"2025-11-03T08:23:07","guid":{"rendered":"https:\/\/www.profumeriadolcevita.com\/?post_type=product&#038;p=4761"},"modified":"2026-02-02T18:09:36","modified_gmt":"2026-02-02T18:09:36","slug":"burberry-for-men-eau-de-toilette-spray","status":"publish","type":"product","link":"https:\/\/www.profumeriadolcevita.com\/en\/shop\/burberry-for-men-eau-de-toilette-spray\/","title":{"rendered":"Burberry For Men Eau De Toilette Spray"},"content":{"rendered":"<p>Profumo Uomo <strong>Burberry For Men<\/strong> Eau de Toilette spray<\/p>\n<p>La fragranza traduce l&#8217;incontro fra <strong>tradizione<\/strong> e <strong>innovazione<\/strong> in una modernit\u00e0 atemporale. Lusso sobrio e <strong>discreto<\/strong> e <strong>classico<\/strong> stile British. Una fragranza ricca di <strong>energia<\/strong> con esordio di bergamotto, lavanda, menta fresca e timo. Le note di cuore con muschio, geranio e legno di sandalo conferiscono vitalit\u00e0 al profumo. Le note solari di ambra e legno di cedro apportano calore e un sentore bois\u00e9. La semplicit\u00e0 del flacone ovale in vetro trasparente, il logo Burberry e il tappo con collo scanalato riflettono l&#8217;intramontabile fascino senza tempo di Burberry Classic.<\/p>\n<p><em>Piramide olfattiva<\/em><br \/>\n<em>Note di Testa:<\/em> Bergamotto, Lavanda, Menta, Timo<br \/>\n<em>Note di Cuore:<\/em> Muschi, Geranio, Legno di Sandalo<br \/>\n<em>Note di Fondo:<\/em> Ambra,\u00a0Legno di Cedro<\/p>","protected":false},"excerpt":{"rendered":"<div class=\"woocommerce-product-details__short-description\">\n<div class=\"woocommerce-product-details__short-description\">\n<div class=\"woocommerce-product-details__short-description\">\n<div class=\"woocommerce-product-details__short-description\">\n<div class=\"woocommerce-product-details__short-description\">\n<div class=\"woocommerce-product-details__short-description\">\n<div class=\"woocommerce-product-details__short-description\">\n<p>Burberry For Men Eau de Toilette \u00e8 una fragranza fresca ed energica&#8230;un perfetto equilibrio fra freschezza e sensualit\u00e0.<\/p>\n<p>Profumeria\u00a0<strong>Dolce Vita<\/strong>\u00a0sita a\u00a0<strong>Copertino<\/strong>\u00a0in\u00a0<strong>provincia di Lecce<\/strong>\u00a0spedisce online in tutta Italia,\u00a0<strong>Europa<\/strong>\u00a0e non solo: offre anche il ritiro in sede in provincia di Lecce!<\/p>\n<\/div>\n<\/div>\n<\/div>\n<\/div>\n<\/div>\n<\/div>\n<\/div>","protected":false},"featured_media":4811,"comment_status":"open","ping_status":"closed","template":"","meta":[],"product_cat":[198,123],"product_tag":[1831,899,1832,96,86,638,143],"class_list":{"0":"post-4761","1":"product","2":"type-product","3":"status-publish","4":"has-post-thumbnail","6":"product_cat-offerte-uomo","7":"product_cat-profumi-uomo","8":"product_tag-burberry-classico-uomo","9":"product_tag-burberry-uomo","10":"product_tag-offerte-profumi-uomo","11":"product_tag-profumeria-copertino","12":"product_tag-profumeria-in-provincia-di-lecce","13":"product_tag-profumo-burberry","14":"product_tag-profumo-uomo","16":"first","17":"instock","18":"sale","19":"shipping-taxable","20":"purchasable","21":"product-type-variable"},"_links":{"self":[{"href":"https:\/\/www.profumeriadolcevita.com\/en\/wp-json\/wp\/v2\/product\/4761","targetHints":{"allow":["GET"]}}],"collection":[{"href":"https:\/\/www.profumeriadolcevita.com\/en\/wp-json\/wp\/v2\/product"}],"about":[{"href":"https:\/\/www.profumeriadolcevita.com\/en\/wp-json\/wp\/v2\/types\/product"}],"replies":[{"embeddable":true,"href":"https:\/\/www.profumeriadolcevita.com\/en\/wp-json\/wp\/v2\/comments?post=4761"}],"version-history":[{"count":0,"href":"https:\/\/www.profumeriadolcevita.com\/en\/wp-json\/wp\/v2\/product\/4761\/revisions"}],"wp:featuredmedia":[{"embeddable":true,"href":"https:\/\/www.profumeriadolcevita.com\/en\/wp-json\/wp\/v2\/media\/4811"}],"wp:attachment":[{"href":"https:\/\/www.profumeriadolcevita.com\/en\/wp-json\/wp\/v2\/media?parent=4761"}],"wp:term":[{"taxonomy":"product_cat","embeddable":true,"href":"https:\/\/www.profumeriadolcevita.com\/en\/wp-json\/wp\/v2\/product_cat?post=4761"},{"taxonomy":"product_tag","embeddable":true,"href":"https:\/\/www.profumeriadolcevita.com\/en\/wp-json\/wp\/v2\/product_tag?post=4761"}],"curies":[{"name":"wp","href":"https:\/\/api.w.org\/{rel}","templated":true}]}}