{"id":4790,"date":"2025-11-03T08:23:28","date_gmt":"2025-11-03T08:23:28","guid":{"rendered":"https:\/\/www.profumeriadolcevita.com\/?post_type=product&#038;p=4790"},"modified":"2026-03-12T17:42:41","modified_gmt":"2026-03-12T17:42:41","slug":"dsquared2-wood-eau-de-toilette-pour-femme","status":"publish","type":"product","link":"https:\/\/www.profumeriadolcevita.com\/en\/shop\/dsquared2-wood-eau-de-toilette-pour-femme\/","title":{"rendered":"Dsquared2 Wood Pour Femme Eau De Toilette"},"content":{"rendered":"<p>Profumo Donna <strong>Dsquared2 Wood For Her<\/strong> Eau de Toilette<\/p>\n<p>Il flacone lineare evoca la sua singolarit\u00e0 nella chiusura calamitata della capsula, realizzata con le migliori qualit\u00e0 del legno di frassino in una lavorazione fatta pezzo per pezzo. La lavorazione esclusiva del fondo permette una distribuzione del vetro a parabola che crea una nuova presenza all\u2019interno del flacone. Il packaging floccato \u00e8 piacevole, gradevole ed elegante al tatto.<\/p>\n<p><em>Piramide Olfattiva<\/em><br \/>\n<em>Note di Testa: <\/em>Mandarino, Foglia di Lampone, Magnolia e Mughetto<br \/>\n<em>Note di Cuore:\u00a0<\/em>Osmanto e Gelsomini<br \/>\n<em>Note di Fondo: <\/em>Legni Bianchi, Cedro e Ambroxan<\/p>","protected":false},"excerpt":{"rendered":"<p>La nuova fragranza Wood si rivolge alla donna Dsquared2 di oggi: sensuale e sicura di s\u00e9, che vive di passioni, vibrazioni positive e desiderio di novit\u00e0. Wood esprime gioia e vivacit\u00e0, regalando note fresche ed eteree.<\/p>\n<div class=\"woocommerce-product-details__short-description\">\n<div class=\"woocommerce-product-details__short-description\">\n<div class=\"woocommerce-product-details__short-description\">\n<div class=\"woocommerce-product-details__short-description\">\n<p>Profumeria\u00a0<strong>Dolce Vita<\/strong>\u00a0sita a\u00a0<strong>Copertino<\/strong>\u00a0in\u00a0<strong>provincia di Lecce<\/strong>\u00a0spedisce online in tutta Italia,\u00a0<strong>Europa<\/strong>\u00a0e non solo: offre anche il ritiro in sede in provincia di Lecce!<\/p>\n<\/div>\n<\/div>\n<\/div>\n<\/div>","protected":false},"featured_media":4841,"comment_status":"open","ping_status":"closed","template":"","meta":[],"product_cat":[82],"product_tag":[95,765,768,117,96,85,86,87,772],"class_list":{"0":"post-4790","1":"product","2":"type-product","3":"status-publish","4":"has-post-thumbnail","6":"product_cat-profumi-donna","7":"product_tag-dolcevita-profumeria-copertino","8":"product_tag-dsquared","9":"product_tag-dsquared-wood","10":"product_tag-la-dolcevita-profumeria","11":"product_tag-profumeria-copertino","12":"product_tag-profumeria-dolce-vita-copertino","13":"product_tag-profumeria-in-provincia-di-lecce","14":"product_tag-profumo-donna","15":"product_tag-wood-dsquared","17":"first","18":"instock","19":"sale","20":"shipping-taxable","21":"purchasable","22":"product-type-variable"},"_links":{"self":[{"href":"https:\/\/www.profumeriadolcevita.com\/en\/wp-json\/wp\/v2\/product\/4790","targetHints":{"allow":["GET"]}}],"collection":[{"href":"https:\/\/www.profumeriadolcevita.com\/en\/wp-json\/wp\/v2\/product"}],"about":[{"href":"https:\/\/www.profumeriadolcevita.com\/en\/wp-json\/wp\/v2\/types\/product"}],"replies":[{"embeddable":true,"href":"https:\/\/www.profumeriadolcevita.com\/en\/wp-json\/wp\/v2\/comments?post=4790"}],"version-history":[{"count":0,"href":"https:\/\/www.profumeriadolcevita.com\/en\/wp-json\/wp\/v2\/product\/4790\/revisions"}],"wp:featuredmedia":[{"embeddable":true,"href":"https:\/\/www.profumeriadolcevita.com\/en\/wp-json\/wp\/v2\/media\/4841"}],"wp:attachment":[{"href":"https:\/\/www.profumeriadolcevita.com\/en\/wp-json\/wp\/v2\/media?parent=4790"}],"wp:term":[{"taxonomy":"product_cat","embeddable":true,"href":"https:\/\/www.profumeriadolcevita.com\/en\/wp-json\/wp\/v2\/product_cat?post=4790"},{"taxonomy":"product_tag","embeddable":true,"href":"https:\/\/www.profumeriadolcevita.com\/en\/wp-json\/wp\/v2\/product_tag?post=4790"}],"curies":[{"name":"wp","href":"https:\/\/api.w.org\/{rel}","templated":true}]}}