{"id":4848,"date":"2025-11-03T08:24:15","date_gmt":"2025-11-03T08:24:15","guid":{"rendered":"https:\/\/www.profumeriadolcevita.com\/?post_type=product&#038;p=4848"},"modified":"2026-02-11T16:29:01","modified_gmt":"2026-02-11T16:29:01","slug":"chloe-eau-de-parfum-spray","status":"publish","type":"product","link":"https:\/\/www.profumeriadolcevita.com\/en\/shop\/chloe-eau-de-parfum-spray\/","title":{"rendered":"Chlo\u00e8 Eau De Parfum Spray"},"content":{"rendered":"<p>Profumo Donna<strong> Chlo\u00e8 <\/strong>Eau de Parfum spray<\/p>\n<p>Chlo\u00e8 Eau de Parfum \u00e8 un profumo <strong>unico<\/strong>, della famiglia olfattiva florale, lanciato nel 2008. Al centro di questa fragranza femminile la rosa radiosa, <strong>elegante <\/strong>e <strong>seducente<\/strong>. Un cocktail dai toni <strong>cipriati <\/strong>e <strong>floreali<\/strong>, con accenni briosi di peonia e litchi ed un tocco di <strong>bellezza<\/strong> finale donato dalla fresia primaverile. Sedurre il pubblico per essere <strong>elegante <\/strong>e <strong>audace <\/strong>allo stesso tempo, \u00e8 il must di questa linea che si propone per esaltare il profumo delle classiche rose da giardino attraverso una base speziata. <strong>Quotidiano <\/strong>e <strong>moderno<\/strong>, da portare in borsa per essere pronte per ogni occasione.<\/p>\n<p><em>Piramide Olfattiva<\/em><br \/>\n<em>Note di Testa: <\/em>Fresia, Peonia Rosa, Lychee<br \/>\n<em>Note di Cuore: <\/em>Mughetto, Petali di Rosa, Fiore di Magnolia<br \/>\n<em>Note di Fondo:<\/em>\u00a0Ambra, Miele, Legno di Cedro<\/p>","protected":false},"excerpt":{"rendered":"<p>Fresco\u00a0e femminile, il primo profumo della maison francese esprime la personalit\u00e0 della donna Chlo\u00e9: spregiudicata, con un senso innato dell&#8217;eleganza, capace di affermare con sicurezza la sua creativit\u00e0 e la sua indipendenza.<\/p>\n<div class=\"woocommerce-product-details__short-description\">\n<div class=\"woocommerce-product-details__short-description\">\n<div class=\"woocommerce-product-details__short-description\">\n<div>\n<div class=\"woocommerce-product-details__short-description\">\n<div class=\"woocommerce-product-details__short-description\">\n<div class=\"woocommerce-product-details__short-description\">\n<div class=\"woocommerce-product-details__short-description\">\n<div class=\"woocommerce-product-details__short-description\">\n<p>Profumeria\u00a0<strong>Dolce Vita<\/strong>\u00a0sita a\u00a0<strong>Copertino<\/strong>\u00a0in\u00a0<strong>provincia di Lecce<\/strong>\u00a0spedisce online in tutta Italia,\u00a0<strong>Europa<\/strong>\u00a0e non solo: offre anche il ritiro in sede in provincia di Lecce!<\/p>\n<\/div>\n<\/div>\n<\/div>\n<\/div>\n<\/div>\n<\/div>\n<\/div>\n<\/div>\n<\/div>\n<p>&nbsp;<\/p>","protected":false},"featured_media":4909,"comment_status":"open","ping_status":"closed","template":"","meta":[],"product_cat":[82],"product_tag":[930,931,941,95,86,1884],"class_list":{"0":"post-4848","1":"product","2":"type-product","3":"status-publish","4":"has-post-thumbnail","6":"product_cat-profumi-donna","7":"product_tag-chloe","8":"product_tag-chloe-eau-de-parfum","9":"product_tag-chloe-profumo-donna","10":"product_tag-dolcevita-profumeria-copertino","11":"product_tag-profumeria-in-provincia-di-lecce","12":"product_tag-profumi-donna-chloe","14":"first","15":"instock","16":"sale","17":"shipping-taxable","18":"purchasable","19":"product-type-variable"},"_links":{"self":[{"href":"https:\/\/www.profumeriadolcevita.com\/en\/wp-json\/wp\/v2\/product\/4848","targetHints":{"allow":["GET"]}}],"collection":[{"href":"https:\/\/www.profumeriadolcevita.com\/en\/wp-json\/wp\/v2\/product"}],"about":[{"href":"https:\/\/www.profumeriadolcevita.com\/en\/wp-json\/wp\/v2\/types\/product"}],"replies":[{"embeddable":true,"href":"https:\/\/www.profumeriadolcevita.com\/en\/wp-json\/wp\/v2\/comments?post=4848"}],"version-history":[{"count":0,"href":"https:\/\/www.profumeriadolcevita.com\/en\/wp-json\/wp\/v2\/product\/4848\/revisions"}],"wp:featuredmedia":[{"embeddable":true,"href":"https:\/\/www.profumeriadolcevita.com\/en\/wp-json\/wp\/v2\/media\/4909"}],"wp:attachment":[{"href":"https:\/\/www.profumeriadolcevita.com\/en\/wp-json\/wp\/v2\/media?parent=4848"}],"wp:term":[{"taxonomy":"product_cat","embeddable":true,"href":"https:\/\/www.profumeriadolcevita.com\/en\/wp-json\/wp\/v2\/product_cat?post=4848"},{"taxonomy":"product_tag","embeddable":true,"href":"https:\/\/www.profumeriadolcevita.com\/en\/wp-json\/wp\/v2\/product_tag?post=4848"}],"curies":[{"name":"wp","href":"https:\/\/api.w.org\/{rel}","templated":true}]}}