{"id":4957,"date":"2025-11-03T08:26:23","date_gmt":"2025-11-03T08:26:23","guid":{"rendered":"https:\/\/www.profumeriadolcevita.com\/?post_type=product&#038;p=4957"},"modified":"2025-11-03T08:27:35","modified_gmt":"2025-11-03T08:27:35","slug":"salvatore-ferragamo-amo-flowerful","status":"publish","type":"product","link":"https:\/\/www.profumeriadolcevita.com\/en\/shop\/salvatore-ferragamo-amo-flowerful\/","title":{"rendered":"Salvatore Ferragamo Amo Flowerful"},"content":{"rendered":"<p>Profumo Donna<strong> Salvatore Ferragamo Amo Ferragamo Flowerful <\/strong><em>Eau de Toilette <\/em>50ml<\/p>\n<p>Una fragranza ancora pi\u00f9 <strong>giovane, esuberante, fresca, pura espressione di gioia di vivere, ottimismo contagioso e frizzante vitalit\u00e0.<\/strong> Il cuore della nuova fragranza \u00e8 <strong>fruttato-fiorito<\/strong>, con accenti di <strong>peonia rosa,<\/strong> gelsomino, fiori di pruno. Il classico accordo <strong>Italian Bitter<\/strong> \u00e8 inserito tra le note di testa assieme al<strong> fiore di yuzu<\/strong> e al ribes nero. Il fondo sprigiona una sensualit\u00e0 avvolgente, data dall\u2019accostamento orchidea della vaniglia,<strong> legni chiari e musk.<\/strong><br \/>\nIl sinuoso flacone di <strong>Amo Ferragamo<\/strong> si reinventa vestendosi di una inedita iridescenza data dall\u2019innovativa tecnologia Prisma, che grazie all\u2019interazione tra <strong>luce e vetro<\/strong> lo illumina di un arcobaleno di colori <strong>fluorescenti<\/strong>.<\/p>\n<p><em>Piramide Olfattiva<\/em><br \/>\n<em>Note di Testa: <\/em>Fiore di Yuzu, Ribes Nero<br \/>\n<em>Note di Cuore: <\/em>Peonia Rosa, Gelsomino, Fiori di Pruno<br \/>\n<em>Note di Fondo:<\/em>\u00a0Vaniglia, Legni Chiari e Musk<\/p>","protected":false},"excerpt":{"rendered":"<p>La <strong>donna<\/strong> <strong>Amo Ferragamo Flowerful<\/strong> \u00e8 pi\u00f9 veloce della fantasia, \u00e8 un personaggio poliedrico che esprime tutto ci\u00f2 che ama: i fiori, i colori, i suoi sogni, i suoi viaggi, il potere della sua <strong>libert\u00e0<\/strong>.<\/p>\n<p>&nbsp;<\/p>\n<div class=\"woocommerce-product-details__short-description\">\n<div class=\"woocommerce-product-details__short-description\">\n<div class=\"woocommerce-product-details__short-description\">\n<div class=\"woocommerce-product-details__short-description\">\n<div class=\"woocommerce-product-details__short-description\">\n<div class=\"woocommerce-product-details__short-description\">\n<div class=\"woocommerce-product-details__short-description\">\n<div class=\"woocommerce-product-details__short-description\">\n<div class=\"woocommerce-product-details__short-description\">\n<div class=\"woocommerce-product-details__short-description\">\n<p>Profumeria\u00a0<strong>Dolce Vita<\/strong>\u00a0sita a\u00a0<strong>Copertino<\/strong>\u00a0in\u00a0<strong>provincia di Lecce<\/strong>\u00a0spedisce online in tutta Italia,\u00a0<strong>Europa<\/strong>\u00a0e non solo: offre anche il ritiro in sede in provincia di Lecce!<\/p>\n<\/div>\n<\/div>\n<\/div>\n<\/div>\n<\/div>\n<\/div>\n<\/div>\n<\/div>\n<\/div>\n<\/div>","protected":false},"featured_media":5013,"comment_status":"open","ping_status":"closed","template":"","meta":[],"product_cat":[82],"product_tag":[916,1002,209,348,216,253,217,117,92,86,106,87,219,221,222,223,89],"class_list":{"0":"post-4957","1":"product","2":"type-product","3":"status-publish","4":"has-post-thumbnail","6":"product_cat-profumi-donna","7":"product_tag-acquisti-online-profumeria","8":"product_tag-copertino","9":"product_tag-donna","10":"product_tag-eau-de-toilette","11":"product_tag-ferragamo-profumo-donna","12":"product_tag-festa-della-mamma","13":"product_tag-la-dolce-vita-profumeria","14":"product_tag-la-dolcevita-profumeria","15":"product_tag-profumeria-dolcevita-copertino","16":"product_tag-profumeria-in-provincia-di-lecce","17":"product_tag-profumeria-online","18":"product_tag-profumo-donna","19":"product_tag-profumo-donna-ferragamo","20":"product_tag-promo","21":"product_tag-salvatore-ferragamo","22":"product_tag-salvatore-ferragamo-profumo-donna","23":"product_tag-spedizione-rapida","25":"first","26":"instock","27":"shipping-taxable","28":"purchasable","29":"product-type-simple"},"_links":{"self":[{"href":"https:\/\/www.profumeriadolcevita.com\/en\/wp-json\/wp\/v2\/product\/4957","targetHints":{"allow":["GET"]}}],"collection":[{"href":"https:\/\/www.profumeriadolcevita.com\/en\/wp-json\/wp\/v2\/product"}],"about":[{"href":"https:\/\/www.profumeriadolcevita.com\/en\/wp-json\/wp\/v2\/types\/product"}],"replies":[{"embeddable":true,"href":"https:\/\/www.profumeriadolcevita.com\/en\/wp-json\/wp\/v2\/comments?post=4957"}],"version-history":[{"count":0,"href":"https:\/\/www.profumeriadolcevita.com\/en\/wp-json\/wp\/v2\/product\/4957\/revisions"}],"wp:featuredmedia":[{"embeddable":true,"href":"https:\/\/www.profumeriadolcevita.com\/en\/wp-json\/wp\/v2\/media\/5013"}],"wp:attachment":[{"href":"https:\/\/www.profumeriadolcevita.com\/en\/wp-json\/wp\/v2\/media?parent=4957"}],"wp:term":[{"taxonomy":"product_cat","embeddable":true,"href":"https:\/\/www.profumeriadolcevita.com\/en\/wp-json\/wp\/v2\/product_cat?post=4957"},{"taxonomy":"product_tag","embeddable":true,"href":"https:\/\/www.profumeriadolcevita.com\/en\/wp-json\/wp\/v2\/product_tag?post=4957"}],"curies":[{"name":"wp","href":"https:\/\/api.w.org\/{rel}","templated":true}]}}