{"id":5044,"date":"2025-11-03T08:28:02","date_gmt":"2025-11-03T08:28:02","guid":{"rendered":"https:\/\/www.profumeriadolcevita.com\/?post_type=product&#038;p=5044"},"modified":"2025-11-03T08:29:34","modified_gmt":"2025-11-03T08:29:34","slug":"paco-rabanne-one-million-lucky-eau-de-toilette","status":"publish","type":"product","link":"https:\/\/www.profumeriadolcevita.com\/en\/shop\/paco-rabanne-one-million-lucky-eau-de-toilette\/","title":{"rendered":"Paco Rabanne One Million Lucky Eau De Toilette"},"content":{"rendered":"<p>Profumo Uomo<strong> Paco Rabanne 1 Million Lucky <\/strong>Eau de Toilette<\/p>\n<p>Qualunque sia il tuo sogno, puoi esaudirlo e costruirti la vita a tuo piacimento. L\u2019eau de toilette Rabanne <strong>1<\/strong> <strong>Million Lucky<\/strong> \u00e8 un compagno indispensabile per tutti gli uomini che sanno che la vita \u00e8 un gioco pieno di possibilit\u00e0 infinite. La testa conquista per la <strong>vivace<\/strong> combinazione di prugne, pompelmo e accordi d\u2019ozono. Il cuore dell\u2019eau de toilette <strong>seduce<\/strong> per le note dolciastre di nocciola che, in combinazione con miele, gelsomino e legno, conferiscono all\u2019intera composizione un carattere pieno, <strong>lussuoso<\/strong>. La coda del profumo di vetiver e patchouli \u00e8 resa originale dall\u2019amaro muschio di quercia.<\/p>\n<p><em>Piramide Olfattiva<\/em><br \/>\n<em>Note di Testa:\u00a0<\/em>Note Ozoniche, Prugna e Pompelmo<br \/>\n<em>Note di Cuore:\u00a0<\/em>Nocciola, Cedro; Legno di Cashmere, Gelsomino e Miele<br \/>\n<em>Note di Fondo: <\/em>Patchouli, Muschio di Quercia e Vetiver<\/p>","protected":false},"excerpt":{"rendered":"<p>One Million Lucky, un profumo ricco di sensazioni. Nocciola da mordere. Un concentrato di Prugna acidula. Legni vibranti sulla pelle. Esaltante!<\/p>\n<div class=\"woocommerce-product-details__short-description\">\n<div class=\"woocommerce-product-details__short-description\">\n<div class=\"woocommerce-product-details__short-description\">\n<div class=\"woocommerce-product-details__short-description\">\n<div class=\"woocommerce-product-details__short-description\">\n<div class=\"woocommerce-product-details__short-description\">\n<div class=\"woocommerce-product-details__short-description\">\n<p>&nbsp;<\/p>\n<p>Profumeria\u00a0<strong>Dolce Vita<\/strong>\u00a0sita a\u00a0<strong>Copertino<\/strong>\u00a0in\u00a0<strong>provincia di Lecce<\/strong>\u00a0spedisce online in tutta Italia,\u00a0<strong>Europa<\/strong>\u00a0e non solo: offre anche il ritiro in sede in provincia di Lecce!<\/p>\n<\/div>\n<\/div>\n<\/div>\n<\/div>\n<\/div>\n<\/div>\n<\/div>","protected":false},"featured_media":5101,"comment_status":"open","ping_status":"closed","template":"","meta":[],"product_cat":[123],"product_tag":[95,1029,349,1030,96,86,143],"class_list":{"0":"post-5044","1":"product","2":"type-product","3":"status-publish","4":"has-post-thumbnail","6":"product_cat-profumi-uomo","7":"product_tag-dolcevita-profumeria-copertino","8":"product_tag-one-million-lucky","9":"product_tag-paco-rabanne","10":"product_tag-paco-rabanne-one-million-lucky","11":"product_tag-profumeria-copertino","12":"product_tag-profumeria-in-provincia-di-lecce","13":"product_tag-profumo-uomo","15":"first","16":"outofstock","17":"shipping-taxable","18":"purchasable","19":"product-type-variable"},"_links":{"self":[{"href":"https:\/\/www.profumeriadolcevita.com\/en\/wp-json\/wp\/v2\/product\/5044","targetHints":{"allow":["GET"]}}],"collection":[{"href":"https:\/\/www.profumeriadolcevita.com\/en\/wp-json\/wp\/v2\/product"}],"about":[{"href":"https:\/\/www.profumeriadolcevita.com\/en\/wp-json\/wp\/v2\/types\/product"}],"replies":[{"embeddable":true,"href":"https:\/\/www.profumeriadolcevita.com\/en\/wp-json\/wp\/v2\/comments?post=5044"}],"version-history":[{"count":0,"href":"https:\/\/www.profumeriadolcevita.com\/en\/wp-json\/wp\/v2\/product\/5044\/revisions"}],"wp:featuredmedia":[{"embeddable":true,"href":"https:\/\/www.profumeriadolcevita.com\/en\/wp-json\/wp\/v2\/media\/5101"}],"wp:attachment":[{"href":"https:\/\/www.profumeriadolcevita.com\/en\/wp-json\/wp\/v2\/media?parent=5044"}],"wp:term":[{"taxonomy":"product_cat","embeddable":true,"href":"https:\/\/www.profumeriadolcevita.com\/en\/wp-json\/wp\/v2\/product_cat?post=5044"},{"taxonomy":"product_tag","embeddable":true,"href":"https:\/\/www.profumeriadolcevita.com\/en\/wp-json\/wp\/v2\/product_tag?post=5044"}],"curies":[{"name":"wp","href":"https:\/\/api.w.org\/{rel}","templated":true}]}}