{"id":5148,"date":"2025-11-03T08:29:59","date_gmt":"2025-11-03T08:29:59","guid":{"rendered":"https:\/\/www.profumeriadolcevita.com\/?post_type=product&#038;p=5148"},"modified":"2026-02-03T18:04:15","modified_gmt":"2026-02-03T18:04:15","slug":"calvin-klein-ck-one-unisex","status":"publish","type":"product","link":"https:\/\/www.profumeriadolcevita.com\/en\/shop\/calvin-klein-ck-one-unisex\/","title":{"rendered":"Calvin Klein Ck One Unisex Eau De Toilette Spray"},"content":{"rendered":"<p>Profumo Unisex <strong>Calvin Klein CK One<\/strong> Eau de Toilette<\/p>\n<p>Celebrando l&#8217;<strong>invidualit\u00e0<\/strong>\u00a0e l&#8217;unit\u00e0, questa fragranza evoca l&#8217;eccitazione di opportunit\u00e0 illimitate. La sua composizione riunisce note rinfrescanti di\u00a0<strong>t\u00e8 verde<\/strong>,\u00a0<strong>papaya<\/strong>\u00a0e\u00a0<strong>bergamotto<\/strong>. Perfettamente bilanciata con morbide note di\u00a0<strong>noce moscata<\/strong>,\u00a0<strong>viola<\/strong>,\u00a0<strong>cardamomo<\/strong>\u00a0e\u00a0<strong>rosa<\/strong>.\u00a0La fragranza trasporta fresche note di t\u00e8 verde, mentre abbraccia la dolcezza di\u00a0<strong>ambra<\/strong>\u00a0e\u00a0<strong>muschio<\/strong>.Avvicente e dinamica, CK One \u00e8 un dialogo tra maschile e femminile: fragranza rivoluzionaria, rifiuta i tradizionali stereotipi di genere e armonizza le note floreali femminili con quelle di muschio pi\u00f9 maschili in una<strong>\u00a0fragranza unisex<\/strong>, attraente sia per uomini che per donne.<br \/>\nL&#8217;idea alla base della fragranza si ripresenta anche nel packaging, ideato dall&#8217;artista francese Fabien Baron: la scatoletta \u00e8 in\u00a0<strong>cartone riciclato<\/strong>, montato senza l&#8217;uso della colla ma tramite un ingegnoso uso di ripiegature. Il flacone \u00e8 in vetro bianco opacizzato, dalla linea molto semplice, con un tappo in metallo e nebulizzatore estraibile.<\/p>\n<p><em>Piramide olfattiva<\/em><br \/>\n<em>Note di testa:<\/em> T\u00e8 Verde, Bergamotto e Cardamomo<br \/>\n<em>Note di cuore:<\/em> Viola, Rosa e Noce Moscata<br \/>\n<em>Note di fondo:<\/em> Ambra e Musk<\/p>","protected":false},"excerpt":{"rendered":"<p>Il profumo\u00a0CK One\u00a0incarna uno spirito universale per un mondo diverso. \u00c8 una\u00a0fragranza iconica, audace senza rimorsi, ma allo stesso tempo emana una semplicit\u00e0 giovane e fresca. Celebrando l&#8217;invidualit\u00e0 e l&#8217;unit\u00e0, questa fragranza evoca l&#8217;eccitazione di opportunit\u00e0 illimitate.<\/p>\n<div class=\"woocommerce-product-details__short-description\">\n<div class=\"woocommerce-product-details__short-description\">\n<div class=\"woocommerce-product-details__short-description\">\n<div class=\"woocommerce-product-details__short-description\">\n<div class=\"woocommerce-product-details__short-description\">\n<div class=\"woocommerce-product-details__short-description\">\n<p>Profumeria\u00a0<strong>Dolce Vita<\/strong>\u00a0sita a\u00a0<strong>Copertino<\/strong>\u00a0in\u00a0<strong>provincia di Lecce<\/strong>\u00a0spedisce online in tutta Italia,\u00a0<strong>Europa<\/strong>\u00a0e non solo: offre anche il ritiro in sede in provincia di Lecce!<\/p>\n<\/div>\n<\/div>\n<\/div>\n<\/div>\n<\/div>\n<\/div>","protected":false},"featured_media":5208,"comment_status":"open","ping_status":"closed","template":"","meta":[],"product_cat":[201,198,194],"product_tag":[683,1075,92,86,195,1857],"class_list":{"0":"post-5148","1":"product","2":"type-product","3":"status-publish","4":"has-post-thumbnail","6":"product_cat-offerte-donna","7":"product_cat-offerte-uomo","8":"product_cat-unisex","9":"product_tag-calvin-klein","10":"product_tag-calvin-klein-profumo-unisex","11":"product_tag-profumeria-dolcevita-copertino","12":"product_tag-profumeria-in-provincia-di-lecce","13":"product_tag-profumo-unisex","14":"product_tag-profumo-uomo-e-donna","16":"first","17":"instock","18":"sale","19":"shipping-taxable","20":"purchasable","21":"product-type-variable"},"_links":{"self":[{"href":"https:\/\/www.profumeriadolcevita.com\/en\/wp-json\/wp\/v2\/product\/5148","targetHints":{"allow":["GET"]}}],"collection":[{"href":"https:\/\/www.profumeriadolcevita.com\/en\/wp-json\/wp\/v2\/product"}],"about":[{"href":"https:\/\/www.profumeriadolcevita.com\/en\/wp-json\/wp\/v2\/types\/product"}],"replies":[{"embeddable":true,"href":"https:\/\/www.profumeriadolcevita.com\/en\/wp-json\/wp\/v2\/comments?post=5148"}],"version-history":[{"count":0,"href":"https:\/\/www.profumeriadolcevita.com\/en\/wp-json\/wp\/v2\/product\/5148\/revisions"}],"wp:featuredmedia":[{"embeddable":true,"href":"https:\/\/www.profumeriadolcevita.com\/en\/wp-json\/wp\/v2\/media\/5208"}],"wp:attachment":[{"href":"https:\/\/www.profumeriadolcevita.com\/en\/wp-json\/wp\/v2\/media?parent=5148"}],"wp:term":[{"taxonomy":"product_cat","embeddable":true,"href":"https:\/\/www.profumeriadolcevita.com\/en\/wp-json\/wp\/v2\/product_cat?post=5148"},{"taxonomy":"product_tag","embeddable":true,"href":"https:\/\/www.profumeriadolcevita.com\/en\/wp-json\/wp\/v2\/product_tag?post=5148"}],"curies":[{"name":"wp","href":"https:\/\/api.w.org\/{rel}","templated":true}]}}