{"id":5387,"date":"2025-11-03T08:36:51","date_gmt":"2025-11-03T08:36:51","guid":{"rendered":"https:\/\/www.profumeriadolcevita.com\/?post_type=product&#038;p=5387"},"modified":"2026-02-03T18:22:48","modified_gmt":"2026-02-03T18:22:48","slug":"carolina-herrera-good-girl-body-cream","status":"publish","type":"product","link":"https:\/\/www.profumeriadolcevita.com\/en\/shop\/carolina-herrera-good-girl-body-cream\/","title":{"rendered":"Carolina Herrera Good Girl Body Cream"},"content":{"rendered":"<p>Trattamento Cosmetico<strong> Carolina Herrera Good Girl<\/strong> Body Cream da 200 ml<\/p>\n<p>Arricchita con l&#8217;inconfondibile fragranza\u00a0<strong>Good Girl<\/strong>, questa\u00a0Body Cream\u00a0completa perfettamente il tuo rituale di bellezza. Good Girl Body Cream \u00e8 una crema ricca che nutre la pelle in profondit\u00e0, per un risultato setoso e vellutato. Pensata per tutti i tipi di pelle, \u00e8 particolarmente indicata per le pelli secche.<\/p>","protected":false},"excerpt":{"rendered":"<div class=\"woocommerce-product-details__short-description\">\n<p>Pensata per tutti i tipi di pelle, \u00e8 particolarmente indicata per le<em> pelli secche.<\/em><\/p>\n<p>Profumeria\u00a0<strong>Dolce Vita<\/strong>\u00a0sita a\u00a0<strong>Copertino<\/strong>\u00a0in\u00a0<strong>provincia di Lecce<\/strong>\u00a0spedisce online in tutta Italia,\u00a0<strong>Europa<\/strong>\u00a0e non solo: offre anche il ritiro in sede in provincia di Lecce!<\/p>\n<\/div>","protected":false},"featured_media":5445,"comment_status":"open","ping_status":"closed","template":"","meta":[],"product_cat":[411],"product_tag":[1861,1862,637,1152,92,86],"class_list":{"0":"post-5387","1":"product","2":"type-product","3":"status-publish","4":"has-post-thumbnail","6":"product_cat-creme-corpo-donna","7":"product_tag-crema-corpo-carolina-herrera","8":"product_tag-crema-corpo-good-girl","9":"product_tag-crema-corpo-profumata","10":"product_tag-good-girl","11":"product_tag-profumeria-dolcevita-copertino","12":"product_tag-profumeria-in-provincia-di-lecce","14":"first","15":"instock","16":"sale","17":"shipping-taxable","18":"purchasable","19":"product-type-simple"},"_links":{"self":[{"href":"https:\/\/www.profumeriadolcevita.com\/en\/wp-json\/wp\/v2\/product\/5387","targetHints":{"allow":["GET"]}}],"collection":[{"href":"https:\/\/www.profumeriadolcevita.com\/en\/wp-json\/wp\/v2\/product"}],"about":[{"href":"https:\/\/www.profumeriadolcevita.com\/en\/wp-json\/wp\/v2\/types\/product"}],"replies":[{"embeddable":true,"href":"https:\/\/www.profumeriadolcevita.com\/en\/wp-json\/wp\/v2\/comments?post=5387"}],"version-history":[{"count":0,"href":"https:\/\/www.profumeriadolcevita.com\/en\/wp-json\/wp\/v2\/product\/5387\/revisions"}],"wp:featuredmedia":[{"embeddable":true,"href":"https:\/\/www.profumeriadolcevita.com\/en\/wp-json\/wp\/v2\/media\/5445"}],"wp:attachment":[{"href":"https:\/\/www.profumeriadolcevita.com\/en\/wp-json\/wp\/v2\/media?parent=5387"}],"wp:term":[{"taxonomy":"product_cat","embeddable":true,"href":"https:\/\/www.profumeriadolcevita.com\/en\/wp-json\/wp\/v2\/product_cat?post=5387"},{"taxonomy":"product_tag","embeddable":true,"href":"https:\/\/www.profumeriadolcevita.com\/en\/wp-json\/wp\/v2\/product_tag?post=5387"}],"curies":[{"name":"wp","href":"https:\/\/api.w.org\/{rel}","templated":true}]}}