{"id":5462,"date":"2025-11-03T08:38:00","date_gmt":"2025-11-03T08:38:00","guid":{"rendered":"https:\/\/www.profumeriadolcevita.com\/?post_type=product&#038;p=5462"},"modified":"2026-01-29T15:45:07","modified_gmt":"2026-01-29T15:45:07","slug":"byblos-sole-eau-de-toilette","status":"publish","type":"product","link":"https:\/\/www.profumeriadolcevita.com\/en\/shop\/byblos-sole-eau-de-toilette\/","title":{"rendered":"Byblos Sole Eau De Toilette"},"content":{"rendered":"<p>Profumo Donna <strong>Byblos Sole<\/strong> Eau de Toilette<strong>\u00a0 120 ml<\/strong><\/p>\n<p><strong>Sole<\/strong>\u00a0\u00e8 sinonimo di\u00a0<strong>calore<\/strong>, di\u00a0<strong>estate<\/strong>, di\u00a0<strong>luce<\/strong>. \u00c8 la forza creatrice che a tutto d\u00e0 inizio. La sua energia vitale \u00e8 introdotta dalle note di testa\u00a0<strong>agrumate<\/strong>\u00a0e\u00a0<strong>succose<\/strong>\u00a0di\u00a0<strong>Pompelmo<\/strong>\u00a0e\u00a0<strong>Mandarino<\/strong>\u00a0che addolciscono nel cuore grazie al sensuale e\u00a0<strong>delicato<\/strong>\u00a0Bianco Gelsomino. Ad affiancarlo, le sensazioni espresse dall\u2019Arancio Amaro del\u00a0<strong>Neroli<\/strong>\u00a0con le sue note\u00a0<strong>calde<\/strong>\u00a0e\u00a0<strong>floreali<\/strong>, intrecciate agli accenti speziati dello\u00a0<strong>Zenzero<\/strong>. Chiude nel fondo il\u00a0<strong>Legno di Sandalo<\/strong>, permeando con il suo avvolgente aroma il dolce ed intenso Legno di Cedro.<\/p>\n<p><em>Piramide Olfattiva:<\/em><br \/>\n<em>Note di Testa:<\/em> Mandarino, Limone, Pompelmo, Mela<br \/>\n<em>Note di Cuore:<\/em> Gelsomino, Neroli, Zenzero, Fiori Bianchi, Tuberosa<br \/>\n<em>Note di Fondo:<\/em> Muschio, Bucaneve, Sandalo, Cedro<\/p>","protected":false},"excerpt":{"rendered":"<p>Sole \u00e8 sinonimo di\u00a0<strong>calore<\/strong>, di\u00a0<strong>estate<\/strong>, di\u00a0<strong>luce<\/strong>. \u00c8 la forza creatrice che a tutto d\u00e0 inizio. La sua energia vitale \u00e8 introdotta dalle note di testa\u00a0<strong>agrumate<\/strong>\u00a0e<strong>\u00a0succose<\/strong>\u00a0di Pompelmo e Mandarino che addolciscono nel cuore grazie al\u00a0<strong>sensuale<\/strong>\u00a0e\u00a0<strong>delicato<\/strong>\u00a0Bianco Gelsomino.<\/p>\n<p>&nbsp;<\/p>\n<p>Profumeria\u00a0<strong>Dolce Vita<\/strong>\u00a0sita a\u00a0<strong>Copertino<\/strong>\u00a0in\u00a0<strong>provincia di Lecce<\/strong>\u00a0spedisce online in tutta Italia,\u00a0<strong>Europa<\/strong>\u00a0e non solo: offre anche il ritiro in sede in provincia di Lecce!<\/p>","protected":false},"featured_media":5527,"comment_status":"open","ping_status":"closed","template":"","meta":[],"product_cat":[201],"product_tag":[468,85,86,1190,1191],"class_list":{"0":"post-5462","1":"product","2":"type-product","3":"status-publish","4":"has-post-thumbnail","6":"product_cat-offerte-donna","7":"product_tag-byblos","8":"product_tag-profumeria-dolce-vita-copertino","9":"product_tag-profumeria-in-provincia-di-lecce","10":"product_tag-profumo-donna-byblos","11":"product_tag-sole-byblos-profumo-donna","13":"first","14":"instock","15":"shipping-taxable","16":"purchasable","17":"product-type-simple"},"_links":{"self":[{"href":"https:\/\/www.profumeriadolcevita.com\/en\/wp-json\/wp\/v2\/product\/5462","targetHints":{"allow":["GET"]}}],"collection":[{"href":"https:\/\/www.profumeriadolcevita.com\/en\/wp-json\/wp\/v2\/product"}],"about":[{"href":"https:\/\/www.profumeriadolcevita.com\/en\/wp-json\/wp\/v2\/types\/product"}],"replies":[{"embeddable":true,"href":"https:\/\/www.profumeriadolcevita.com\/en\/wp-json\/wp\/v2\/comments?post=5462"}],"version-history":[{"count":0,"href":"https:\/\/www.profumeriadolcevita.com\/en\/wp-json\/wp\/v2\/product\/5462\/revisions"}],"wp:featuredmedia":[{"embeddable":true,"href":"https:\/\/www.profumeriadolcevita.com\/en\/wp-json\/wp\/v2\/media\/5527"}],"wp:attachment":[{"href":"https:\/\/www.profumeriadolcevita.com\/en\/wp-json\/wp\/v2\/media?parent=5462"}],"wp:term":[{"taxonomy":"product_cat","embeddable":true,"href":"https:\/\/www.profumeriadolcevita.com\/en\/wp-json\/wp\/v2\/product_cat?post=5462"},{"taxonomy":"product_tag","embeddable":true,"href":"https:\/\/www.profumeriadolcevita.com\/en\/wp-json\/wp\/v2\/product_tag?post=5462"}],"curies":[{"name":"wp","href":"https:\/\/api.w.org\/{rel}","templated":true}]}}