{"id":5463,"date":"2025-11-03T08:38:00","date_gmt":"2025-11-03T08:38:00","guid":{"rendered":"https:\/\/www.profumeriadolcevita.com\/?post_type=product&#038;p=5463"},"modified":"2026-01-29T17:43:52","modified_gmt":"2026-01-29T17:43:52","slug":"byblos-sole-body-lotion","status":"publish","type":"product","link":"https:\/\/www.profumeriadolcevita.com\/en\/shop\/byblos-sole-body-lotion\/","title":{"rendered":"Byblos Sole Body Lotion"},"content":{"rendered":"<p>Trattamento cosmetico donna <strong>Byblos Sole<\/strong> Latte Corpo 400 ml<\/p>\n<p><strong>Sole<\/strong> \u00e8 sinonimo di <strong>calore<\/strong>, di <strong>estate<\/strong>, di <strong>luce<\/strong>. \u00c8 la forza creatrice che a tutto d\u00e0 inizio. La sua energia vitale \u00e8 introdotta dalle note di testa <strong>agrumate<\/strong> e <strong>succose<\/strong> di <strong>Pompelmo<\/strong> e <strong>Mandarino<\/strong> che addolciscono nel cuore grazie al sensuale e delicato Bianco Gelsomino. Ad affiancarlo, le sensazioni espresse dall&#8217;Arancio Amaro del <strong>Neroli<\/strong> con le sue note <strong>calde<\/strong> e <strong>floreali<\/strong>, intrecciate agli accenti speziati dello <strong>Zenzero<\/strong>. Chiude nel fondo il <strong>Legno di Sandalo<\/strong>, permeando con il suo avvolgente aroma il dolce ed intenso Legno di Cedro.<\/p>\n<p><em>Piramide olfattiva<\/em><\/p>\n<p><em>Note di testa:<\/em> Gelsomino, Neroli, Zenzero, Fiori Bianchi, Tuberosa<br \/>\n<em>Note di cuore:<\/em> Iris Bianco, Violetta, Rosa<br \/>\n<em>Note di fondo:<\/em> Muschio, Bucaneve, Sandalo, Cedro<\/p>\n<p>&nbsp;<\/p>","protected":false},"excerpt":{"rendered":"<p>Sole \u00e8 sinonimo di <strong>calore<\/strong>, di <strong>estate<\/strong>, di <strong>luce<\/strong>. \u00c8 la forza creatrice che a tutto d\u00e0 inizio. La sua energia vitale \u00e8 introdotta dalle note di testa <strong>agrumate<\/strong> e<strong> succose<\/strong> di Pompelmo e Mandarino che addolciscono nel cuore grazie al <strong>sensuale<\/strong> e <strong>delicato<\/strong> Bianco Gelsomino.<\/p>\n<p>&nbsp;<\/p>\n<p><span style=\"font-size: 16px\">Profumeria <\/span><strong style=\"font-size: 16px\">Dolce Vita<\/strong><span style=\"font-size: 16px\">\u00a0sita a\u00a0<\/span><strong style=\"font-size: 16px\">Copertino<\/strong><span style=\"font-size: 16px\">\u00a0in\u00a0<\/span><strong style=\"font-size: 16px\">provincia di Lecce<\/strong><span style=\"font-size: 16px\">\u00a0spedisce online in tutta Italia,\u00a0<\/span><strong style=\"font-size: 16px\">Europa<\/strong><span style=\"font-size: 16px\">\u00a0e non solo: offre anche il ritiro in sede in provincia di Lecce!<\/span><\/p>","protected":false},"featured_media":5529,"comment_status":"open","ping_status":"closed","template":"","meta":[],"product_cat":[411],"product_tag":[468,1192,1189,95,86],"class_list":{"0":"post-5463","1":"product","2":"type-product","3":"status-publish","4":"has-post-thumbnail","6":"product_cat-creme-corpo-donna","7":"product_tag-byblos","8":"product_tag-byblos-latte-corpo","9":"product_tag-byblos-sole","10":"product_tag-dolcevita-profumeria-copertino","11":"product_tag-profumeria-in-provincia-di-lecce","13":"first","14":"instock","15":"shipping-taxable","16":"purchasable","17":"product-type-simple"},"_links":{"self":[{"href":"https:\/\/www.profumeriadolcevita.com\/en\/wp-json\/wp\/v2\/product\/5463","targetHints":{"allow":["GET"]}}],"collection":[{"href":"https:\/\/www.profumeriadolcevita.com\/en\/wp-json\/wp\/v2\/product"}],"about":[{"href":"https:\/\/www.profumeriadolcevita.com\/en\/wp-json\/wp\/v2\/types\/product"}],"replies":[{"embeddable":true,"href":"https:\/\/www.profumeriadolcevita.com\/en\/wp-json\/wp\/v2\/comments?post=5463"}],"version-history":[{"count":0,"href":"https:\/\/www.profumeriadolcevita.com\/en\/wp-json\/wp\/v2\/product\/5463\/revisions"}],"wp:featuredmedia":[{"embeddable":true,"href":"https:\/\/www.profumeriadolcevita.com\/en\/wp-json\/wp\/v2\/media\/5529"}],"wp:attachment":[{"href":"https:\/\/www.profumeriadolcevita.com\/en\/wp-json\/wp\/v2\/media?parent=5463"}],"wp:term":[{"taxonomy":"product_cat","embeddable":true,"href":"https:\/\/www.profumeriadolcevita.com\/en\/wp-json\/wp\/v2\/product_cat?post=5463"},{"taxonomy":"product_tag","embeddable":true,"href":"https:\/\/www.profumeriadolcevita.com\/en\/wp-json\/wp\/v2\/product_tag?post=5463"}],"curies":[{"name":"wp","href":"https:\/\/api.w.org\/{rel}","templated":true}]}}