{"id":5520,"date":"2025-11-03T08:38:47","date_gmt":"2025-11-03T08:38:47","guid":{"rendered":"https:\/\/www.profumeriadolcevita.com\/?post_type=product&#038;p=5520"},"modified":"2026-02-14T09:25:51","modified_gmt":"2026-02-14T09:25:51","slug":"dolce-gabbana-devotion-eau-de-parfum","status":"publish","type":"product","link":"https:\/\/www.profumeriadolcevita.com\/en\/shop\/dolce-gabbana-devotion-eau-de-parfum\/","title":{"rendered":"Dolce &#038; Gabbana Devotion Eau De Parfum Spray"},"content":{"rendered":"<p>Profumo donna<b> Dolce &amp; Gabbana Devotion <\/b>eau de parfum spray<\/p>\n<p>La fragranza <strong>Dolce&amp;Gabbana Devotion<\/strong> <strong>Eau de<\/strong> <strong>Parfum <\/strong>\u00e8 un viaggio sensoriale seducente e rassicurante capace di evocare l&#8217;insieme di valori positivi cari a Dolce&amp;Gabbana di cui il <strong>Cuore Sacro<\/strong> \u00e8 portavoce. Una creazione olfattiva dagli <strong>squisiti<\/strong> contrasti: <strong>luminosa<\/strong> nelle note di testa, sensuale in quelle di fondo. Una nuova dipendenza dalla quale non vorrai liberarti, questo \u00e8 l\u2019eau de parfum da donna Dolce&amp;Gabbana Devotion . Ti <strong>incanter\u00e0 <\/strong>subito al primo fiuto e ogni giorno che passa ti convincer\u00e0 sempre di pi\u00f9 che il suo posto nel tuo bagno \u00e8 assolutamente meritato<\/p>\n<p><em>Piramide Olfattiva<\/em><br \/>\n<em>Note di Testa:<\/em> agrumi<br \/>\n<em>Note di Cuore:<\/em> fiori d&#8217;arancio<br \/>\n<em>Nota di Fondo:<\/em> vaniglia<\/p>","protected":false},"excerpt":{"rendered":"<p>Ti incanter\u00e0 subito al primo fiuto e ogni giorno che passa ti convincer\u00e0 sempre di pi\u00f9 che il suo posto nel tuo bagno \u00e8 assolutamente meritato. Il Cuore Sacro, segno tangibile e universale dell&#8217;amore in tutte le sue forme e sfumature, illumina con i suoi fregi inconfondibili il flacone di\u00a0Devotion Eau de Parfum.<\/p>\n<div class=\"woocommerce-product-details__short-description\">\n<div class=\"woocommerce-product-details__short-description\">\n<div class=\"woocommerce-product-details__short-description\">\n<p>Profumeria\u00a0<strong>Dolce Vita<\/strong>\u00a0sita a\u00a0<strong>Copertino<\/strong>\u00a0in\u00a0<strong>provincia di Lecce<\/strong>\u00a0spedisce online in tutta Italia,\u00a0<strong>Europa<\/strong>\u00a0e non solo: offre anche il ritiro in sede in provincia di Lecce!<\/p>\n<\/div>\n<\/div>\n<\/div>","protected":false},"featured_media":5591,"comment_status":"open","ping_status":"closed","template":"","meta":[],"product_cat":[82],"product_tag":[1822,245,1821,95,86,87],"class_list":{"0":"post-5520","1":"product","2":"type-product","3":"status-publish","4":"has-post-thumbnail","6":"product_cat-profumi-donna","7":"product_tag-devotion-dolce-gabbana","8":"product_tag-dolce-gabbana","9":"product_tag-dolcegabbana-devotion","10":"product_tag-dolcevita-profumeria-copertino","11":"product_tag-profumeria-in-provincia-di-lecce","12":"product_tag-profumo-donna","14":"first","15":"instock","16":"sale","17":"shipping-taxable","18":"purchasable","19":"product-type-variable"},"_links":{"self":[{"href":"https:\/\/www.profumeriadolcevita.com\/en\/wp-json\/wp\/v2\/product\/5520","targetHints":{"allow":["GET"]}}],"collection":[{"href":"https:\/\/www.profumeriadolcevita.com\/en\/wp-json\/wp\/v2\/product"}],"about":[{"href":"https:\/\/www.profumeriadolcevita.com\/en\/wp-json\/wp\/v2\/types\/product"}],"replies":[{"embeddable":true,"href":"https:\/\/www.profumeriadolcevita.com\/en\/wp-json\/wp\/v2\/comments?post=5520"}],"version-history":[{"count":0,"href":"https:\/\/www.profumeriadolcevita.com\/en\/wp-json\/wp\/v2\/product\/5520\/revisions"}],"wp:featuredmedia":[{"embeddable":true,"href":"https:\/\/www.profumeriadolcevita.com\/en\/wp-json\/wp\/v2\/media\/5591"}],"wp:attachment":[{"href":"https:\/\/www.profumeriadolcevita.com\/en\/wp-json\/wp\/v2\/media?parent=5520"}],"wp:term":[{"taxonomy":"product_cat","embeddable":true,"href":"https:\/\/www.profumeriadolcevita.com\/en\/wp-json\/wp\/v2\/product_cat?post=5520"},{"taxonomy":"product_tag","embeddable":true,"href":"https:\/\/www.profumeriadolcevita.com\/en\/wp-json\/wp\/v2\/product_tag?post=5520"}],"curies":[{"name":"wp","href":"https:\/\/api.w.org\/{rel}","templated":true}]}}