{"id":5601,"date":"2025-11-03T08:39:59","date_gmt":"2025-11-03T08:39:59","guid":{"rendered":"https:\/\/www.profumeriadolcevita.com\/?post_type=product&#038;p=5601"},"modified":"2026-01-07T18:56:07","modified_gmt":"2026-01-07T18:56:07","slug":"police-passion-woman-eau-de-toilette","status":"publish","type":"product","link":"https:\/\/www.profumeriadolcevita.com\/en\/shop\/police-passion-woman-eau-de-toilette\/","title":{"rendered":"Police Passion Woman Eau De Toilette"},"content":{"rendered":"<p>Profumo donna <strong>Police Passion Woman <\/strong>eau de toilette 100ml<\/p>\n<p>Una fragranza <strong>avvolgente<\/strong> grazie ai suoi accordi <strong>floreali<\/strong> e <strong>fruttati<\/strong>, fiorita ed emozionante, che solleva lo spirito e avvolge in un piacere solare con i suoi accordi fruttati e legnosi.<br \/>\nLa nota di testa si sviluppa in un accordo <strong>frizzante<\/strong> di bergamotto di Sicilia e di mela verde fresca unito alle foglie di ribes nero e al succo di arancia dolce. Il tutto dona una sensazione di <strong>gioia<\/strong> e <strong>leggerezza<\/strong>. Mentre schiude i suoi elementi fioriti di fresia bianca e fiori di loto, la fragranza mostra il suo carattere <strong>femminile<\/strong> e <strong>seducente<\/strong>. Il girasole e il biancospino selvatico aumentano la <strong>vibrazione<\/strong> <strong>luminosa<\/strong> del cuore.<br \/>\nNel fondo pi\u00f9 profondo si scoprono le note <strong>calde<\/strong> e <strong>legnose<\/strong> quali il sandalo e il legno di cedro, che sottolineano la <strong>sensualit\u00e0<\/strong> ardente della fragranza. Muschi morbidi e accordi ricchi di vaniglia e <strong>fava tonka<\/strong> uniti a tocchi <strong>deliziosi<\/strong> di caramello liquido rendono morbida la composizione.<\/p>\n<p><em>Piramide Olfattiva:<\/em><\/p>\n<p><em>Note di Testa: <\/em>Bergamotto, Arancia, Ribes Nero e Mela Granny Smith<br \/>\n<em>Note di Cuore: <\/em>Loto, Biancospino, Fresia e Girasole<br \/>\n<em>Note di Fondo: <\/em>Muschio Animale, Sandalo, Cedro della Virginia, Fava Tonka, Vaniglia e Caramello<\/p>","protected":false},"excerpt":{"rendered":"<p>Police Passion Woman \u00e8 un profumo dedicato a una donna passionale e piena di vitalit\u00e0, metropolitana, appassionata e piena di vitalit\u00e0.<\/p>\n<div class=\"woocommerce-product-details__short-description\">\n<div class=\"woocommerce-product-details__short-description\">\n<div class=\"woocommerce-product-details__short-description\">\n<div class=\"woocommerce-product-details__short-description\">\n<div class=\"woocommerce-product-details__short-description\">\n<div class=\"woocommerce-product-details__short-description\">\n<div class=\"woocommerce-product-details__short-description\">\n<p>&nbsp;<\/p>\n<p>Profumeria\u00a0<strong>Dolce Vita<\/strong>\u00a0sita a\u00a0<strong>Copertino<\/strong>\u00a0in\u00a0<strong>provincia di Lecce<\/strong>\u00a0spedisce online in tutta Italia,\u00a0<strong>Europa<\/strong>\u00a0e non solo: offre anche il ritiro in sede in provincia di Lecce!<\/p>\n<\/div>\n<\/div>\n<\/div>\n<\/div>\n<\/div>\n<\/div>\n<\/div>","protected":false},"featured_media":5659,"comment_status":"open","ping_status":"closed","template":"","meta":[],"product_cat":[201],"product_tag":[95,1273,1274,96,85,86,87,1275],"class_list":{"0":"post-5601","1":"product","2":"type-product","3":"status-publish","4":"has-post-thumbnail","6":"product_cat-offerte-donna","7":"product_tag-dolcevita-profumeria-copertino","8":"product_tag-police-passion","9":"product_tag-police-passion-woman","10":"product_tag-profumeria-copertino","11":"product_tag-profumeria-dolce-vita-copertino","12":"product_tag-profumeria-in-provincia-di-lecce","13":"product_tag-profumo-donna","14":"product_tag-profumo-police-donna","16":"first","17":"instock","18":"shipping-taxable","19":"purchasable","20":"product-type-simple"},"_links":{"self":[{"href":"https:\/\/www.profumeriadolcevita.com\/en\/wp-json\/wp\/v2\/product\/5601","targetHints":{"allow":["GET"]}}],"collection":[{"href":"https:\/\/www.profumeriadolcevita.com\/en\/wp-json\/wp\/v2\/product"}],"about":[{"href":"https:\/\/www.profumeriadolcevita.com\/en\/wp-json\/wp\/v2\/types\/product"}],"replies":[{"embeddable":true,"href":"https:\/\/www.profumeriadolcevita.com\/en\/wp-json\/wp\/v2\/comments?post=5601"}],"version-history":[{"count":0,"href":"https:\/\/www.profumeriadolcevita.com\/en\/wp-json\/wp\/v2\/product\/5601\/revisions"}],"wp:featuredmedia":[{"embeddable":true,"href":"https:\/\/www.profumeriadolcevita.com\/en\/wp-json\/wp\/v2\/media\/5659"}],"wp:attachment":[{"href":"https:\/\/www.profumeriadolcevita.com\/en\/wp-json\/wp\/v2\/media?parent=5601"}],"wp:term":[{"taxonomy":"product_cat","embeddable":true,"href":"https:\/\/www.profumeriadolcevita.com\/en\/wp-json\/wp\/v2\/product_cat?post=5601"},{"taxonomy":"product_tag","embeddable":true,"href":"https:\/\/www.profumeriadolcevita.com\/en\/wp-json\/wp\/v2\/product_tag?post=5601"}],"curies":[{"name":"wp","href":"https:\/\/api.w.org\/{rel}","templated":true}]}}