{"id":5720,"date":"2025-11-03T08:41:38","date_gmt":"2025-11-03T08:41:38","guid":{"rendered":"https:\/\/www.profumeriadolcevita.com\/?post_type=product&#038;p=5720"},"modified":"2025-11-03T08:42:46","modified_gmt":"2025-11-03T08:42:46","slug":"giorgio-armani-si-confezione-regalo","status":"publish","type":"product","link":"https:\/\/www.profumeriadolcevita.com\/en\/shop\/giorgio-armani-si-confezione-regalo\/","title":{"rendered":"Giorgio Armani Si Confezione Regalo"},"content":{"rendered":"<div class=\"col-sm-7\">\n<div class=\"react-tabs react-tabs--left\" data-rttabs=\"true\">\n<div id=\"panel:r1:0\" class=\"react-tabs__tab-panel react-tabs__tab-panel--selected\" role=\"tabpanel\" aria-labelledby=\"tab:r1:0\">\n<div class=\"truncate product-details__description\">\n<div class=\"truncate__html-container\" data-testid=\"truncate-html-container\">\n<div class=\"\">\n<div>Confezione regalo<strong> edizione limitata <\/strong>eau de parfum 50ml + body lotion 75ml + shower gel 75ml<\/div>\n<div><\/div>\n<div><strong>S\u00ec<\/strong> Eau De Parfum \u00e8 una dichiarazione di <strong>sensualit\u00e0<\/strong> ed <strong>eleganza<\/strong>, un omaggio alla donna <strong>moderna<\/strong>, <strong>libera<\/strong>, dallo spirito <strong>indipendente<\/strong>, pi\u00f9 che mai autrice della propria vita. Un profumo caratterizzato da un trio di accordi che rompe le tradizioni: l`irresistibile e <strong>avvolgente<\/strong> accordo di <strong>Ribes Nero<\/strong> gioca con l`opulenza del Chypre <strong>Moderno<\/strong>, intensificata dall`accordo di Legno Biondo. Elegante, femminile e sensuale al tempo stesso, S\u00ec \u00e8 una Eau de Parfum che indugia sulla pelle e avvolge i sensi. Questo esclusivo cofanetto \u00e8 perfetto per te e le persone che ami.<\/div>\n<div><\/div>\n<div><em>Piramide olfattiva<\/em><br \/>\n<em>Note di Testa:<\/em>\u00a0Cassis<br \/>\n<em>Note di Cuore:<\/em>\u00a0Fresia, Rosa di Maggio<br \/>\n<em>Note di Fondo:<\/em>\u00a0Vaniglia, Patchouli, note legnose<\/div>\n<div><\/div>\n<\/div>\n<\/div>\n<\/div>\n<\/div>\n<\/div>\n<\/div>\n<div class=\"col-sm-5\">\n<div class=\"product-detail-content__image\">\n<div class=\"image-container image-container--loaded image-container--calculated-height\"><\/div>\n<\/div>\n<\/div>","protected":false},"excerpt":{"rendered":"<div>\n<p>S\u00ec, la nuova fragranza di\u00a0<strong>Giorgio Armani<\/strong>, \u00e8 un \u2018tributo alla\u00a0<strong>femminilit\u00e0<\/strong>\u00a0moderna: un\u2019irresistibile combinazione di\u00a0<strong>grazia<\/strong>,\u00a0<strong>forza<\/strong>\u00a0e\u00a0<strong>spirito<\/strong>\u00a0d\u2019indipendenza\u2019 come lo stesso Armani ha dichiarato alla sua presentazione.<\/p>\n<\/div>\n<div>\n<div class=\"woocommerce-product-details__short-description\">\n<div class=\"woocommerce-product-details__short-description\">\n<p>&nbsp;<\/p>\n<p>Profumeria\u00a0<strong>Dolce Vita<\/strong>\u00a0sita a\u00a0<strong>Copertino<\/strong>\u00a0in\u00a0<strong>provincia di Lecce<\/strong>\u00a0spedisce online in tutta Italia,\u00a0<strong>Europa<\/strong>\u00a0e non solo: offre anche il ritiro in sede in provincia di Lecce!<\/p>\n<\/div>\n<\/div>\n<\/div>","protected":false},"featured_media":5785,"comment_status":"open","ping_status":"closed","template":"","meta":[],"product_cat":[162,165],"product_tag":[155,95,639,1337,179,92,86,87,1338],"class_list":{"0":"post-5720","1":"product","2":"type-product","3":"status-publish","4":"has-post-thumbnail","6":"product_cat-confezione-regalo","7":"product_cat-natale","8":"product_tag-crema-corpo","9":"product_tag-dolcevita-profumeria-copertino","10":"product_tag-giorgio-armani","11":"product_tag-giorgio-armani-si","12":"product_tag-profumeria-a-copertino","13":"product_tag-profumeria-dolcevita-copertino","14":"product_tag-profumeria-in-provincia-di-lecce","15":"product_tag-profumo-donna","16":"product_tag-si-eau-de-parfum","18":"first","19":"outofstock","20":"shipping-taxable","21":"purchasable","22":"product-type-simple"},"_links":{"self":[{"href":"https:\/\/www.profumeriadolcevita.com\/en\/wp-json\/wp\/v2\/product\/5720","targetHints":{"allow":["GET"]}}],"collection":[{"href":"https:\/\/www.profumeriadolcevita.com\/en\/wp-json\/wp\/v2\/product"}],"about":[{"href":"https:\/\/www.profumeriadolcevita.com\/en\/wp-json\/wp\/v2\/types\/product"}],"replies":[{"embeddable":true,"href":"https:\/\/www.profumeriadolcevita.com\/en\/wp-json\/wp\/v2\/comments?post=5720"}],"version-history":[{"count":0,"href":"https:\/\/www.profumeriadolcevita.com\/en\/wp-json\/wp\/v2\/product\/5720\/revisions"}],"wp:featuredmedia":[{"embeddable":true,"href":"https:\/\/www.profumeriadolcevita.com\/en\/wp-json\/wp\/v2\/media\/5785"}],"wp:attachment":[{"href":"https:\/\/www.profumeriadolcevita.com\/en\/wp-json\/wp\/v2\/media?parent=5720"}],"wp:term":[{"taxonomy":"product_cat","embeddable":true,"href":"https:\/\/www.profumeriadolcevita.com\/en\/wp-json\/wp\/v2\/product_cat?post=5720"},{"taxonomy":"product_tag","embeddable":true,"href":"https:\/\/www.profumeriadolcevita.com\/en\/wp-json\/wp\/v2\/product_tag?post=5720"}],"curies":[{"name":"wp","href":"https:\/\/api.w.org\/{rel}","templated":true}]}}