{"id":5742,"date":"2025-11-03T08:42:00","date_gmt":"2025-11-03T08:42:00","guid":{"rendered":"https:\/\/www.profumeriadolcevita.com\/?post_type=product&#038;p=5742"},"modified":"2025-11-03T08:43:08","modified_gmt":"2025-11-03T08:43:08","slug":"moschino-toy-2-confezione-regalo","status":"publish","type":"product","link":"https:\/\/www.profumeriadolcevita.com\/en\/shop\/moschino-toy-2-confezione-regalo\/","title":{"rendered":"Moschino Toy 2 Confezione Regalo"},"content":{"rendered":"<p>Confezione regalo donna<strong> edizione limitata Moschino Toy 2<\/strong><\/p>\n<p>La confezione\u00a0contiene:<\/p>\n<ul>\n<li>eau de parfum spray 50ml;<\/li>\n<li>body lotion 50ml;<\/li>\n<li>shower gel 50ml<\/li>\n<\/ul>\n<p class=\"h3 inter4 no-margin\"><strong>Fiorita<\/strong> e <strong>legnosa<\/strong> la fragranza si apre con note di mandarino, mela e magnolia, matura in accordi di peonia, gelsomino e <strong>ribes bianco<\/strong> e ha un fondo caratterizzato da <strong>muschio<\/strong>, <strong>legno di sandalo<\/strong> e legno di ambra. Lascia un posto per un nuovo giocattolo nella tua collezione di peluche. L\u2019eau de parfum da donna <strong>Moschino Toy 2<\/strong> \u00e8 l\u2019essenza della <strong>felicit\u00e0<\/strong> e <strong>dell\u2019entusiasmo<\/strong> e risveglier\u00e0 in te la giocosit\u00e0. Forse non abbraccerai il leggendario orsacchiotto di vetro cos\u00ec come abbracciavi il suo collega di peluche quando eri bambina, ma in compenso spiccher\u00e0 meravigliosamente nel tuo bagno.<\/p>\n<p><em>Piramide Olfattiva:<\/em><\/p>\n<p><em>Note di Testa:<\/em> mandarino, mela granny smith, magnolia \u2013 un\u2019apertura frizzante e gioiosa<br \/>\n<em>Note di Cuore:<\/em> peonia, ribes bianco, gelsomino \u2013 un bouquet elegante e vellutato.<br \/>\n<em>Note di Fondo:<\/em> sandalo, amberwood, muschio cristallino \u2013 una chiusura avvolgente e luminosa.<\/p>","protected":false},"excerpt":{"rendered":"<p>Il marchio italiano Moschino \u00e8 diventato famoso grazie ai suoi capi di moda giocosi, fantasiosi e colorati con un tocco di ironia e provocazione. Ed \u00e8 proprio cos\u00ec che sono anche i profumi Moschino.<\/p>\n<div class=\"woocommerce-product-details__short-description\">\n<div class=\"uk-first-column\">\n<div class=\"product-detail__info-text\">\n<div class=\"readmore\">\n<div>\n<div class=\"woocommerce-product-details__short-description\">\n<p>&nbsp;<\/p>\n<p>Profumeria\u00a0<strong>Dolce Vita<\/strong>\u00a0sita a\u00a0<strong>Copertino<\/strong>\u00a0in\u00a0<strong>provincia di Lecce<\/strong>\u00a0spedisce online in tutta Italia,\u00a0<strong>Europa<\/strong>\u00a0e non solo: offre anche il ritiro in sede in provincia di Lecce!<\/p>\n<\/div>\n<\/div>\n<\/div>\n<\/div>\n<\/div>\n<div class=\"uk-grid-margin uk-first-column\"><\/div>\n<\/div>","protected":false},"featured_media":5806,"comment_status":"open","ping_status":"closed","template":"","meta":[],"product_cat":[162,165],"product_tag":[174,95,603,947,96,92,86],"class_list":{"0":"post-5742","1":"product","2":"type-product","3":"status-publish","4":"has-post-thumbnail","6":"product_cat-confezione-regalo","7":"product_cat-natale","8":"product_tag-confezione-regalo-donna","9":"product_tag-dolcevita-profumeria-copertino","10":"product_tag-moschino","11":"product_tag-moschino-toy-2","12":"product_tag-profumeria-copertino","13":"product_tag-profumeria-dolcevita-copertino","14":"product_tag-profumeria-in-provincia-di-lecce","16":"first","17":"instock","18":"shipping-taxable","19":"purchasable","20":"product-type-simple"},"_links":{"self":[{"href":"https:\/\/www.profumeriadolcevita.com\/en\/wp-json\/wp\/v2\/product\/5742","targetHints":{"allow":["GET"]}}],"collection":[{"href":"https:\/\/www.profumeriadolcevita.com\/en\/wp-json\/wp\/v2\/product"}],"about":[{"href":"https:\/\/www.profumeriadolcevita.com\/en\/wp-json\/wp\/v2\/types\/product"}],"replies":[{"embeddable":true,"href":"https:\/\/www.profumeriadolcevita.com\/en\/wp-json\/wp\/v2\/comments?post=5742"}],"version-history":[{"count":0,"href":"https:\/\/www.profumeriadolcevita.com\/en\/wp-json\/wp\/v2\/product\/5742\/revisions"}],"wp:featuredmedia":[{"embeddable":true,"href":"https:\/\/www.profumeriadolcevita.com\/en\/wp-json\/wp\/v2\/media\/5806"}],"wp:attachment":[{"href":"https:\/\/www.profumeriadolcevita.com\/en\/wp-json\/wp\/v2\/media?parent=5742"}],"wp:term":[{"taxonomy":"product_cat","embeddable":true,"href":"https:\/\/www.profumeriadolcevita.com\/en\/wp-json\/wp\/v2\/product_cat?post=5742"},{"taxonomy":"product_tag","embeddable":true,"href":"https:\/\/www.profumeriadolcevita.com\/en\/wp-json\/wp\/v2\/product_tag?post=5742"}],"curies":[{"name":"wp","href":"https:\/\/api.w.org\/{rel}","templated":true}]}}