{"id":5946,"date":"2025-11-03T08:45:37","date_gmt":"2025-11-03T08:45:37","guid":{"rendered":"https:\/\/www.profumeriadolcevita.com\/?post_type=product&#038;p=5946"},"modified":"2025-11-03T08:47:17","modified_gmt":"2025-11-03T08:47:17","slug":"versace-bright-crystal-eau-de-toilette","status":"publish","type":"product","link":"https:\/\/www.profumeriadolcevita.com\/en\/shop\/versace-bright-crystal-eau-de-toilette\/","title":{"rendered":"Versace Bright Crystal Eau De Toilette"},"content":{"rendered":"<p>Profumo da Donna <strong>Versace Bright Crystal<\/strong> Eau de Toilette<\/p>\n<p>Il nuovo <strong>Bright Crystal<\/strong> di <strong>Versace <\/strong>\u00e8 un autentico gioiello di rara bellezza di pura sensualit\u00e0, trasparenza e luminosit\u00e0. E&#8217; un profumo fresco dai vividi accenti fioriti. Una fragranza <strong>accattivante <\/strong><em>e <\/em><strong>voluttuosa<\/strong>, un segno distintivo di una <strong>donna<\/strong> <strong>forte<\/strong> e <strong>sicura<\/strong>, <strong>piena<\/strong> di <strong>fascino<\/strong>, <strong>femminilit\u00e0<\/strong> e <strong>sensualit\u00e0<\/strong>.<\/p>\n<p><em>Piramide Olfattiva<\/em><br \/>\n<em>Note di testa:<\/em> Melograno, Yuzu, Accordi ghiacciati<strong><br \/>\n<\/strong><em>Note di cuore<\/em><em>:<\/em> Peonia, Magnolia, Fior di Loto<strong><br \/>\n<\/strong><em>Note di fondo<\/em><em>:<\/em> Ambra, Muschio, Mogano<\/p>","protected":false},"excerpt":{"rendered":"<p>Il nuovo <strong>Bright Crystal<\/strong> di <strong>Versace <\/strong>\u00e8 un autentico gioiello di rara bellezza di pura sensualit\u00e0, trasparenza e luminosit\u00e0. E&#8217; un profumo fresco dai vividi accenti fioriti.<\/p>\n<div class=\"woocommerce-product-details__short-description\">\n<div class=\"woocommerce-product-details__short-description\">\n<div class=\"woocommerce-product-details__short-description\">\n<div class=\"woocommerce-product-details__short-description\">\n<div class=\"woocommerce-product-details__short-description\">\n<div class=\"woocommerce-product-details__short-description\">\n<div class=\"woocommerce-product-details__short-description\">\n<div class=\"woocommerce-product-details__short-description\">\n<p>&nbsp;<\/p>\n<p>Profumeria\u00a0<strong>Dolce Vita<\/strong>\u00a0sita a\u00a0<strong>Copertino<\/strong>\u00a0in\u00a0<strong>provincia di Lecce<\/strong>\u00a0spedisce online in tutta Italia,\u00a0<strong>Europa<\/strong>\u00a0e non solo: offre anche il ritiro in sede in provincia di Lecce!<\/p>\n<\/div>\n<\/div>\n<\/div>\n<\/div>\n<\/div>\n<\/div>\n<\/div>\n<\/div>","protected":false},"featured_media":6013,"comment_status":"open","ping_status":"closed","template":"","meta":[],"product_cat":[82],"product_tag":[96,85,92,86,87,1426,751,1363],"class_list":{"0":"post-5946","1":"product","2":"type-product","3":"status-publish","4":"has-post-thumbnail","6":"product_cat-profumi-donna","7":"product_tag-profumeria-copertino","8":"product_tag-profumeria-dolce-vita-copertino","9":"product_tag-profumeria-dolcevita-copertino","10":"product_tag-profumeria-in-provincia-di-lecce","11":"product_tag-profumo-donna","12":"product_tag-profumo-donna-versace","13":"product_tag-versace","14":"product_tag-versace-bright-crystal","16":"first","17":"instock","18":"shipping-taxable","19":"purchasable","20":"product-type-variable"},"_links":{"self":[{"href":"https:\/\/www.profumeriadolcevita.com\/en\/wp-json\/wp\/v2\/product\/5946","targetHints":{"allow":["GET"]}}],"collection":[{"href":"https:\/\/www.profumeriadolcevita.com\/en\/wp-json\/wp\/v2\/product"}],"about":[{"href":"https:\/\/www.profumeriadolcevita.com\/en\/wp-json\/wp\/v2\/types\/product"}],"replies":[{"embeddable":true,"href":"https:\/\/www.profumeriadolcevita.com\/en\/wp-json\/wp\/v2\/comments?post=5946"}],"version-history":[{"count":0,"href":"https:\/\/www.profumeriadolcevita.com\/en\/wp-json\/wp\/v2\/product\/5946\/revisions"}],"wp:featuredmedia":[{"embeddable":true,"href":"https:\/\/www.profumeriadolcevita.com\/en\/wp-json\/wp\/v2\/media\/6013"}],"wp:attachment":[{"href":"https:\/\/www.profumeriadolcevita.com\/en\/wp-json\/wp\/v2\/media?parent=5946"}],"wp:term":[{"taxonomy":"product_cat","embeddable":true,"href":"https:\/\/www.profumeriadolcevita.com\/en\/wp-json\/wp\/v2\/product_cat?post=5946"},{"taxonomy":"product_tag","embeddable":true,"href":"https:\/\/www.profumeriadolcevita.com\/en\/wp-json\/wp\/v2\/product_tag?post=5946"}],"curies":[{"name":"wp","href":"https:\/\/api.w.org\/{rel}","templated":true}]}}