{"id":6004,"date":"2025-11-03T08:46:53","date_gmt":"2025-11-03T08:46:53","guid":{"rendered":"https:\/\/www.profumeriadolcevita.com\/?post_type=product&#038;p=6004"},"modified":"2026-01-07T16:00:40","modified_gmt":"2026-01-07T16:00:40","slug":"victorias-secret-acqua-corpo-profumata","status":"publish","type":"product","link":"https:\/\/www.profumeriadolcevita.com\/en\/shop\/victorias-secret-acqua-corpo-profumata\/","title":{"rendered":"Victoria&#8217;s Secret Acqua Corpo Profumata"},"content":{"rendered":"<div id=\"maincontent\" role=\"main\">\n<div class=\"result-no-decorator\">\n<div class=\"container\">\n<div class=\"row products-row\">\n<div class=\"tab-content col-12\">\n<div id=\"product-search-results\" class=\"tab-pane container container-fluid active\" role=\"tabpanel\" aria-labelledby=\"product-tab\">\n<div class=\"grid-header\">\n<div class=\"row search-contents-block\">\n<div class=\"col-12\">\n<section class=\"text-description mb40 mt40\">\n<div class=\"text\">\n<p><strong>Victoria&#8217;s Secret<\/strong> body mist 250ml<\/p>\n<p>Celebra ed esalta il tuo essere donna con l\u2019acqua profumata corpo <strong>Victoria\u2019s Secret<\/strong>. Scegli quella pi\u00f9 adatta a te tra fragranze <strong>delicate<\/strong> o <strong>pi\u00f9 decise<\/strong>, per un profumo <strong>leggero<\/strong> ma che durer\u00e0 pi\u00f9 a lungo. Allontana lo stress quotidiano e coccola la tua pelle, lasciandoti inebriare dalla tua acqua corpo preferita: \u00e8 il tuo spirito che te lo chiede!<\/p>\n<\/div>\n<\/section>\n<\/div>\n<\/div>\n<\/div>\n<\/div>\n<\/div>\n<\/div>\n<\/div>\n<\/div>\n<\/div>\n<footer class=\"footer-component\">\n<div class=\"content-asset\">\n<section class=\"prefooter new-prefooter\">\n<div class=\"container\"><\/div>\n<\/section>\n<\/div>\n<\/footer>","protected":false},"excerpt":{"rendered":"<div class=\"woocommerce-product-details__short-description\">\n<div class=\"woocommerce-product-details__short-description\">\n<div class=\"woocommerce-product-details__short-description\">\n<div class=\"woocommerce-product-details__short-description\">\n<div class=\"woocommerce-product-details__short-description\">\n<div class=\"woocommerce-product-details__short-description\">\n<div class=\"woocommerce-product-details__short-description\">\n<div class=\"woocommerce-product-details__short-description\">\n<p>Allontana lo <strong>stress <\/strong>quotidiano e coccola la tua pelle, lasciandoti inebriare dalla tua acqua corpo preferita: \u00e8 il tuo spirito che te lo chiede!<\/p>\n<p>&nbsp;<\/p>\n<p>Profumeria\u00a0<strong>Dolce Vita<\/strong>\u00a0sita a\u00a0<strong>Copertino<\/strong>\u00a0in\u00a0<strong>provincia di Lecce<\/strong>\u00a0spedisce online in tutta Italia,\u00a0<strong>Europa<\/strong>\u00a0e non solo: offre anche il ritiro in sede in provincia di Lecce!<\/p>\n<\/div>\n<\/div>\n<\/div>\n<\/div>\n<\/div>\n<\/div>\n<\/div>\n<\/div>","protected":false},"featured_media":6063,"comment_status":"open","ping_status":"closed","template":"","meta":[],"product_cat":[1199],"product_tag":[100,1441,85,86,173,180,89,1442],"class_list":{"0":"post-6004","1":"product","2":"type-product","3":"status-publish","4":"has-post-thumbnail","6":"product_cat-acqua-corpo","7":"product_tag-acqua-profumata","8":"product_tag-acqua-profumata-victorias-secret","9":"product_tag-profumeria-dolce-vita-copertino","10":"product_tag-profumeria-in-provincia-di-lecce","11":"product_tag-spedizione-in-tutta-europa","12":"product_tag-spedizione-in-tutta-italia","13":"product_tag-spedizione-rapida","14":"product_tag-victorias-secret","16":"first","17":"instock","18":"shipping-taxable","19":"purchasable","20":"product-type-variable"},"_links":{"self":[{"href":"https:\/\/www.profumeriadolcevita.com\/en\/wp-json\/wp\/v2\/product\/6004","targetHints":{"allow":["GET"]}}],"collection":[{"href":"https:\/\/www.profumeriadolcevita.com\/en\/wp-json\/wp\/v2\/product"}],"about":[{"href":"https:\/\/www.profumeriadolcevita.com\/en\/wp-json\/wp\/v2\/types\/product"}],"replies":[{"embeddable":true,"href":"https:\/\/www.profumeriadolcevita.com\/en\/wp-json\/wp\/v2\/comments?post=6004"}],"version-history":[{"count":0,"href":"https:\/\/www.profumeriadolcevita.com\/en\/wp-json\/wp\/v2\/product\/6004\/revisions"}],"wp:featuredmedia":[{"embeddable":true,"href":"https:\/\/www.profumeriadolcevita.com\/en\/wp-json\/wp\/v2\/media\/6063"}],"wp:attachment":[{"href":"https:\/\/www.profumeriadolcevita.com\/en\/wp-json\/wp\/v2\/media?parent=6004"}],"wp:term":[{"taxonomy":"product_cat","embeddable":true,"href":"https:\/\/www.profumeriadolcevita.com\/en\/wp-json\/wp\/v2\/product_cat?post=6004"},{"taxonomy":"product_tag","embeddable":true,"href":"https:\/\/www.profumeriadolcevita.com\/en\/wp-json\/wp\/v2\/product_tag?post=6004"}],"curies":[{"name":"wp","href":"https:\/\/api.w.org\/{rel}","templated":true}]}}