{"id":6060,"date":"2025-11-03T08:48:09","date_gmt":"2025-11-03T08:48:09","guid":{"rendered":"https:\/\/www.profumeriadolcevita.com\/?post_type=product&#038;p=6060"},"modified":"2026-03-17T17:28:46","modified_gmt":"2026-03-17T17:28:46","slug":"dudubag-portafoglio-continental-in-pelle-rfid","status":"publish","type":"product","link":"https:\/\/www.profumeriadolcevita.com\/en\/shop\/dudubag-portafoglio-continental-in-pelle-rfid\/","title":{"rendered":"DuduBag Portafoglio  Continental In Pelle RFID"},"content":{"rendered":"<p>DuduBag Portamonete donna <em>dotato di sistema RFID\u00a0<\/em><\/p>\n<p><em>Gandia ha una grande patta che nasconde un interno fatto di scomparti dedicati a banconote, documenti, carte di credito, tessere e spiccioli. Tutto \u00e8 in totale armonia, facilmente accessibile e perfettamente organizzato. La pelle con cui \u00e8 realizzato \u00e8 morbida e sinuosa al tatto e ne agevola l\u2019utilizzo. E s\u00ec, ne aumenta anche la piacevolezza! Le sue linee ben si amalgamano con borse e zaini di diversi stili, dalla pi\u00f9 elegante fino alla pi\u00f9 casual. Un passe-partout da avere sempre con te.<\/em><\/p>\n<p>Marchio:\u00a0DuDu\u00ae<br \/>\nMateriale:\u00a0Pelle Nappa di Vitello pieno fiore<br \/>\nDimensioni (a prodotto chiuso):\u00a019 x 10,3 x 2,5 cm<br \/>\nPeso:\u00a0210 g<br \/>\nConfezione:\u00a0Si<br \/>\nGenere:\u00a0Donna<br \/>\nComposizione Generale:\u00a01 tasca esterna, 9 tasche porta carte di credito, 1 vano portamonete con lampo e 1 tasca extra<\/p>","protected":false},"excerpt":{"rendered":"<p><em>Design e funzionalit\u00e0<\/em> vivono in perfetto equilibrio in questo portafoglio <em>RFID<\/em> dedicato a chi non vuole rinunciare allo stile nella propria quotidianit\u00e0.<\/p>\n<div class=\"woocommerce-product-details__short-description\">\n<div class=\"woocommerce-product-details__short-description\">\n<div class=\"woocommerce-product-details__short-description\">\n<p>Profumeria\u00a0<strong>Dolce Vita<\/strong>\u00a0sita a\u00a0<strong>Copertino<\/strong>\u00a0in\u00a0<strong>provincia di Lecce<\/strong>\u00a0spedisce online in tutta Italia,\u00a0<strong>Europa<\/strong>\u00a0e non solo: offre anche il ritiro in sede in provincia di Lecce!<\/p>\n<\/div>\n<\/div>\n<\/div>","protected":false},"featured_media":6164,"comment_status":"open","ping_status":"closed","template":"","meta":[],"product_cat":[293],"product_tag":[1470,1471,296,1472,85,86],"class_list":{"0":"post-6060","1":"product","2":"type-product","3":"status-publish","4":"has-post-thumbnail","6":"product_cat-portamonete","7":"product_tag-portafoglio-donna","8":"product_tag-portafoglio-donna-in-pelle","9":"product_tag-portamonete","10":"product_tag-portamonete-in-pelle","11":"product_tag-profumeria-dolce-vita-copertino","12":"product_tag-profumeria-in-provincia-di-lecce","14":"first","15":"instock","16":"sale","17":"shipping-taxable","18":"purchasable","19":"product-type-variable"},"_links":{"self":[{"href":"https:\/\/www.profumeriadolcevita.com\/en\/wp-json\/wp\/v2\/product\/6060","targetHints":{"allow":["GET"]}}],"collection":[{"href":"https:\/\/www.profumeriadolcevita.com\/en\/wp-json\/wp\/v2\/product"}],"about":[{"href":"https:\/\/www.profumeriadolcevita.com\/en\/wp-json\/wp\/v2\/types\/product"}],"replies":[{"embeddable":true,"href":"https:\/\/www.profumeriadolcevita.com\/en\/wp-json\/wp\/v2\/comments?post=6060"}],"version-history":[{"count":0,"href":"https:\/\/www.profumeriadolcevita.com\/en\/wp-json\/wp\/v2\/product\/6060\/revisions"}],"wp:featuredmedia":[{"embeddable":true,"href":"https:\/\/www.profumeriadolcevita.com\/en\/wp-json\/wp\/v2\/media\/6164"}],"wp:attachment":[{"href":"https:\/\/www.profumeriadolcevita.com\/en\/wp-json\/wp\/v2\/media?parent=6060"}],"wp:term":[{"taxonomy":"product_cat","embeddable":true,"href":"https:\/\/www.profumeriadolcevita.com\/en\/wp-json\/wp\/v2\/product_cat?post=6060"},{"taxonomy":"product_tag","embeddable":true,"href":"https:\/\/www.profumeriadolcevita.com\/en\/wp-json\/wp\/v2\/product_tag?post=6060"}],"curies":[{"name":"wp","href":"https:\/\/api.w.org\/{rel}","templated":true}]}}