{"id":6074,"date":"2025-11-03T08:48:35","date_gmt":"2025-11-03T08:48:35","guid":{"rendered":"https:\/\/www.profumeriadolcevita.com\/?post_type=product&#038;p=6074"},"modified":"2026-03-17T17:30:03","modified_gmt":"2026-03-17T17:30:03","slug":"dudubag-porta-trucchi-in-pelle-colorful","status":"publish","type":"product","link":"https:\/\/www.profumeriadolcevita.com\/en\/shop\/dudubag-porta-trucchi-in-pelle-colorful\/","title":{"rendered":"DuduBag Porta trucchi In Pelle Colorful"},"content":{"rendered":"<p>DuduBag Porta trucchi in pelle Colorful<\/p>\n<p>Progettato per la tua quotidianit\u00e0, il nostro beauty case in pelle Antille \u00e8 un accessorio impeccabile da aggiungere alla tua collezione. Non uscirai pi\u00f9 senza gli essenziali: mascara, ombretti o creme per ritoccare il trucco durante le riunioni o nei viaggi, ma anche caricatore, auricolari, penne e tutto ci\u00f2 che ti serve durante le tue giornate. Un accessorio pratico e senza tempo, che si inserisce facilmente nella tua borsa, e che custodirai negli anni a venire.<\/p>\n<p>Marchio:\u00a0DuDu\u00ae<br \/>\nMateriale:\u00a0Pelle Nappa di Vitello pieno fiore<br \/>\nDimensioni (a prodotto chiuso):\u00a020 x\u00a013 x\u00a05 cm<br \/>\nPeso:\u00a0160 g<br \/>\nConfezione:\u00a0Si<br \/>\nGenere:\u00a0Donna<br \/>\nComposizione Generale:\u00a01 tasca interna<\/p>","protected":false},"excerpt":{"rendered":"<p>Progettato per la tua quotidianit\u00e0, il nostro beauty case in pelle Antille \u00e8 un accessorio impeccabile da aggiungere alla tua collezione.<\/p>\n<div class=\"woocommerce-product-details__short-description\">\n<div class=\"woocommerce-product-details__short-description\">\n<div class=\"woocommerce-product-details__short-description\">\n<div class=\"woocommerce-product-details__short-description\">\n<div class=\"woocommerce-product-details__short-description\">\n<div class=\"woocommerce-product-details__short-description\">\n<div class=\"woocommerce-product-details__short-description\">\n<div class=\"woocommerce-product-details__short-description\">\n<p>Profumeria\u00a0<strong>Dolce Vita<\/strong>\u00a0sita a\u00a0<strong>Copertino<\/strong>\u00a0in\u00a0<strong>provincia di Lecce<\/strong>\u00a0spedisce online in tutta Italia,\u00a0<strong>Europa<\/strong>\u00a0e non solo: offre anche il ritiro in sede in provincia di Lecce!<\/p>\n<\/div>\n<\/div>\n<\/div>\n<\/div>\n<\/div>\n<\/div>\n<\/div>\n<\/div>\n<form class=\"variations_form cart\" style=\"box-sizing: inherit; zoom: 1; color: #000000; font-family: Poppins, sans-serif; font-size: 17px; font-style: normal; font-variant-ligatures: normal; font-variant-caps: normal; font-weight: 400; letter-spacing: normal; orphans: 2; text-align: start; text-indent: 0px; text-transform: none; widows: 2; word-spacing: 0px; -webkit-text-stroke-width: 0px; white-space: normal; background-color: #f7f7f7; text-decoration-thickness: initial; text-decoration-style: initial; text-decoration-color: initial; display: inline-block;\" action=\"https:\/\/www.profumeriadolcevita.com\/prodotto\/borsa-secchiello-in-pelle\/\" enctype=\"multipart\/form-data\" method=\"post\" data-product_id=\"1845\" data-product_variations=\"[{&quot;attributes&quot;:{&quot;attribute_secchiello-in-pelle&quot;:&quot;Burgundy&quot;},&quot;availability_html&quot;:&quot;tttt&lt;p class=&quot;ast-stock-detail&quot;&gt;r\\nttttt&lt;span class=&quot;ast-stock-avail&quot;&gt;Disponibilitu00e0:&lt;\/span&gt;r\\nttttt&lt;span class=&quot;stock in-stock&quot;&gt;1 disponibili&lt;\/span&gt;r\\ntttt&lt;\/p&gt;r\\ntttt&quot;,&quot;backorders_allowed&quot;:false,&quot;dimensions&quot;:{&quot;length&quot;:&quot;&quot;,&quot;width&quot;:&quot;&quot;,&quot;height&quot;:&quot;&quot;},&quot;dimensions_html&quot;:&quot;N\/A&quot;,&quot;display_price&quot;:215,&quot;display_regular_price&quot;:310,&quot;image&quot;:{&quot;title&quot;:&quot;Progetto senza titolo (16)&quot;,&quot;caption&quot;:&quot;&quot;,&quot;url&quot;:&quot;https:\/\/www.profumeriadolcevita.com\/wp-content\/uploads\/2023\/07\/Progetto-senza-titolo-16-1.png&quot;,&quot;alt&quot;:&quot;Progetto senza titolo (16)&quot;,&quot;src&quot;:&quot;https:\/\/www.profumeriadolcevita.com\/wp-content\/uploads\/2023\/07\/Progetto-senza-titolo-16-1.png&quot;,&quot;srcset&quot;:&quot;https:\/\/www.profumeriadolcevita.com\/wp-content\/uploads\/2023\/07\/Progetto-senza-titolo-16-1.png 600w, https:\/\/www.profumeriadolcevita.com\/wp-content\/uploads\/2023\/07\/Progetto-senza-titolo-16-1-300x300.png 300w, https:\/\/www.profumeriadolcevita.com\/wp-content\/uploads\/2023\/07\/Progetto-senza-titolo-16-1-150x150.png 150w, https:\/\/www.profumeriadolcevita.com\/wp-content\/uploads\/2023\/07\/Progetto-senza-titolo-16-1-100x100.png 100w&quot;,&quot;sizes&quot;:&quot;(max-width: 600px) 100vw, 600px&quot;,&quot;full_src&quot;:&quot;https:\/\/www.profumeriadolcevita.com\/wp-content\/uploads\/2023\/07\/Progetto-senza-titolo-16-1.png&quot;,&quot;full_src_w&quot;:600,&quot;full_src_h&quot;:600,&quot;gallery_thumbnail_src&quot;:&quot;https:\/\/www.profumeriadolcevita.com\/wp-content\/uploads\/2023\/07\/Progetto-senza-titolo-16-1-100x100.png&quot;,&quot;gallery_thumbnail_src_w&quot;:100,&quot;gallery_thumbnail_src_h&quot;:100,&quot;thumb_src&quot;:&quot;https:\/\/www.profumeriadolcevita.com\/wp-content\/uploads\/2023\/07\/Progetto-senza-titolo-16-1-300x300.png&quot;,&quot;thumb_src_w&quot;:300,&quot;thumb_src_h&quot;:300,&quot;src_w&quot;:600,&quot;src_h&quot;:600},&quot;image_id&quot;:5841,&quot;is_downloadable&quot;:false,&quot;is_in_stock&quot;:true,&quot;is_purchasable&quot;:true,&quot;is_sold_individually&quot;:&quot;no&quot;,&quot;is_virtual&quot;:false,&quot;max_qty&quot;:1,&quot;min_qty&quot;:1,&quot;price_html&quot;:&quot;&quot;,&quot;sku&quot;:&quot;&quot;,&quot;variation_description&quot;:&quot;&quot;,&quot;variation_id&quot;:2762,&quot;variation_is_active&quot;:true,&quot;variation_is_visible&quot;:true,&quot;weight&quot;:&quot;&quot;,&quot;weight_html&quot;:&quot;N\/A&quot;},{&quot;attributes&quot;:{&quot;attribute_secchiello-in-pelle&quot;:&quot;Nero&quot;},&quot;availability_html&quot;:&quot;tttt&lt;p class=&quot;ast-stock-detail&quot;&gt;r\\nttttt&lt;span class=&quot;ast-stock-avail&quot;&gt;Disponibilitu00e0:&lt;\/span&gt;r\\nttttt&lt;span class=&quot;stock in-stock&quot;&gt;1 disponibili&lt;\/span&gt;r\\ntttt&lt;\/p&gt;r\\ntttt&quot;,&quot;backorders_allowed&quot;:false,&quot;dimensions&quot;:{&quot;length&quot;:&quot;&quot;,&quot;width&quot;:&quot;&quot;,&quot;height&quot;:&quot;&quot;},&quot;dimensions_html&quot;:&quot;N\/A&quot;,&quot;display_price&quot;:215,&quot;display_regular_price&quot;:310,&quot;image&quot;:{&quot;title&quot;:&quot;Progetto senza titolo (14)&quot;,&quot;caption&quot;:&quot;&quot;,&quot;url&quot;:&quot;https:\/\/www.profumeriadolcevita.com\/wp-content\/uploads\/2023\/07\/Progetto-senza-titolo-14-1.png&quot;,&quot;alt&quot;:&quot;Progetto senza titolo (14)&quot;,&quot;src&quot;:&quot;https:\/\/www.profumeriadolcevita.com\/wp-content\/uploads\/2023\/07\/Progetto-senza-titolo-14-1.png&quot;,&quot;srcset&quot;:&quot;https:\/\/www.profumeriadolcevita.com\/wp-content\/uploads\/2023\/07\/Progetto-senza-titolo-14-1.png 600w, https:\/\/www.profumeriadolcevita.com\/wp-content\/uploads\/2023\/07\/Progetto-senza-titolo-14-1-300x300.png 300w, https:\/\/www.profumeriadolcevita.com\/wp-content\/uploads\/2023\/07\/Progetto-senza-titolo-14-1-150x150.png 150w, https:\/\/www.profumeriadolcevita.com\/wp-content\/uploads\/2023\/07\/Progetto-senza-titolo-14-1-100x100.png 100w&quot;,&quot;sizes&quot;:&quot;(max-width: 600px) 100vw, 600px&quot;,&quot;full_src&quot;:&quot;https:\/\/www.profumeriadolcevita.com\/wp-content\/uploads\/2023\/07\/Progetto-senza-titolo-14-1.png&quot;,&quot;full_src_w&quot;:600,&quot;full_src_h&quot;:600,&quot;gallery_thumbnail_src&quot;:&quot;https:\/\/www.profumeriadolcevita.com\/wp-content\/uploads\/2023\/07\/Progetto-senza-titolo-14-1-100x100.png&quot;,&quot;gallery_thumbnail_src_w&quot;:100,&quot;gallery_thumbnail_src_h&quot;:100,&quot;thumb_src&quot;:&quot;https:\/\/www.profumeriadolcevita.com\/wp-content\/uploads\/2023\/07\/Progetto-senza-titolo-14-1-300x300.png&quot;,&quot;thumb_src_w&quot;:300,&quot;thumb_src_h&quot;:300,&quot;src_w&quot;:600,&quot;src_h&quot;:600},&quot;image_id&quot;:5839,&quot;is_downloadable&quot;:false,&quot;is_in_stock&quot;:true,&quot;is_purchasable&quot;:true,&quot;is_sold_individually&quot;:&quot;no&quot;,&quot;is_virtual&quot;:false,&quot;max_qty&quot;:1,&quot;min_qty&quot;:1,&quot;price_html&quot;:&quot;&quot;,&quot;sku&quot;:&quot;&quot;,&quot;variation_description&quot;:&quot;&quot;,&quot;variation_id&quot;:2763,&quot;variation_is_active&quot;:true,&quot;variation_is_visible&quot;:true,&quot;weight&quot;:&quot;&quot;,&quot;weight_html&quot;:&quot;N\/A&quot;}]\"><\/form>\n<p>&nbsp;<\/p>\n","protected":false},"featured_media":6180,"comment_status":"open","ping_status":"closed","template":"","meta":[],"product_cat":[293,110],"product_tag":[1452,1474,263,85,86],"class_list":{"0":"post-6074","1":"product","2":"type-product","3":"status-publish","4":"has-post-thumbnail","6":"product_cat-portamonete","7":"product_cat-tracolle-e-borse-a-spalla","8":"product_tag-pochette","9":"product_tag-pochette-portatrucchi","10":"product_tag-porta-trucchi","11":"product_tag-profumeria-dolce-vita-copertino","12":"product_tag-profumeria-in-provincia-di-lecce","14":"first","15":"instock","16":"sale","17":"shipping-taxable","18":"purchasable","19":"product-type-variable"},"_links":{"self":[{"href":"https:\/\/www.profumeriadolcevita.com\/en\/wp-json\/wp\/v2\/product\/6074","targetHints":{"allow":["GET"]}}],"collection":[{"href":"https:\/\/www.profumeriadolcevita.com\/en\/wp-json\/wp\/v2\/product"}],"about":[{"href":"https:\/\/www.profumeriadolcevita.com\/en\/wp-json\/wp\/v2\/types\/product"}],"replies":[{"embeddable":true,"href":"https:\/\/www.profumeriadolcevita.com\/en\/wp-json\/wp\/v2\/comments?post=6074"}],"version-history":[{"count":0,"href":"https:\/\/www.profumeriadolcevita.com\/en\/wp-json\/wp\/v2\/product\/6074\/revisions"}],"wp:featuredmedia":[{"embeddable":true,"href":"https:\/\/www.profumeriadolcevita.com\/en\/wp-json\/wp\/v2\/media\/6180"}],"wp:attachment":[{"href":"https:\/\/www.profumeriadolcevita.com\/en\/wp-json\/wp\/v2\/media?parent=6074"}],"wp:term":[{"taxonomy":"product_cat","embeddable":true,"href":"https:\/\/www.profumeriadolcevita.com\/en\/wp-json\/wp\/v2\/product_cat?post=6074"},{"taxonomy":"product_tag","embeddable":true,"href":"https:\/\/www.profumeriadolcevita.com\/en\/wp-json\/wp\/v2\/product_tag?post=6074"}],"curies":[{"name":"wp","href":"https:\/\/api.w.org\/{rel}","templated":true}]}}