{"id":6115,"date":"2025-11-03T08:49:39","date_gmt":"2025-11-03T08:49:39","guid":{"rendered":"https:\/\/www.profumeriadolcevita.com\/?post_type=product&#038;p=6115"},"modified":"2025-11-03T08:52:13","modified_gmt":"2025-11-03T08:52:13","slug":"chiarugi-tracolla-donna-in-pelle","status":"publish","type":"product","link":"https:\/\/www.profumeriadolcevita.com\/en\/shop\/chiarugi-tracolla-donna-in-pelle\/","title":{"rendered":"Chiarugi Tracolla Donna In Pelle"},"content":{"rendered":"<p><strong>Chiarugi<\/strong> tracolla donna in pelle<\/p>\n<p>Borsa donna a 2 scomparti\u00a0 chiusura con patta e bottoni magnetici. All&#8217;interno tasca porta oggetti con chiusura a zip, tracolla regolabile e sganciabile in pelle.<\/p>\n<p><em>Materiale:<\/em><\/p>\n<p>Pelle italiana\u00a0 pieno fiore conciata con estratti vegetali e raffinata a mano alla pura anilina. Fodera interna in cotone e polyestere con logo Chiarugi.<\/p>\n<p>Metalleria in finitura silver e tracolla in pelle.<\/p>\n<p class=\"des-font margin_bottom_30\"><em><span class=\"menu-font\">Misure:<\/span><\/em>\u00a022X14X8 cm<\/p>\n<div>\n<div class=\"row\">\n<div class=\"col-xs-12 col-sm-6 margin_bottom_30\"><\/div>\n<\/div>\n<\/div>\n<p>&nbsp;<\/p>\n<p>&nbsp;<\/p>","protected":false},"excerpt":{"rendered":"<div class=\"woocommerce-product-details__short-description\">\n<div class=\"woocommerce-product-details__short-description\">\n<div class=\"woocommerce-product-details__short-description\">\n<div class=\"woocommerce-product-details__short-description\">\n<div class=\"woocommerce-product-details__short-description\">\n<div class=\"woocommerce-product-details__short-description\">\n<div class=\"woocommerce-product-details__short-description\">\n<div class=\"woocommerce-product-details__short-description\">\n<div class=\"woocommerce-product-details__short-description\">\n<div class=\"woocommerce-product-details__short-description\">\n<p>Piccola ma gi\u00e0 grande, diventer\u00e0 la tua borsa a tracolla preferita grazie al suo interno cos\u00ec organizzato e capiente, ma allo stesso tempo compatto e super pratico.<\/p>\n<p>&nbsp;<\/p>\n<p>Profumeria\u00a0<strong>Dolce Vita<\/strong>\u00a0sita a\u00a0<strong>Copertino<\/strong>\u00a0in\u00a0<strong>provincia di Lecce<\/strong>\u00a0spedisce online in tutta Italia,\u00a0<strong>Europa<\/strong>\u00a0e non solo: offre anche il ritiro in sede in provincia di Lecce!<\/p>\n<\/div>\n<\/div>\n<\/div>\n<\/div>\n<\/div>\n<\/div>\n<\/div>\n<\/div>\n<\/div>\n<\/div>","protected":false},"featured_media":6222,"comment_status":"open","ping_status":"closed","template":"","meta":[],"product_cat":[354,110],"product_tag":[1486,207,1369,1487,217,117,92,86,106,173,180,89,212,1488,1370],"class_list":{"0":"post-6115","1":"product","2":"type-product","3":"status-publish","4":"has-post-thumbnail","6":"product_cat-black-friday","7":"product_cat-tracolle-e-borse-a-spalla","8":"product_tag-borsa-donna-in-vera-pelle","9":"product_tag-borsa-in-pelle","10":"product_tag-chiarugi","11":"product_tag-chiarugi-firenze","12":"product_tag-la-dolce-vita-profumeria","13":"product_tag-la-dolcevita-profumeria","14":"product_tag-profumeria-dolcevita-copertino","15":"product_tag-profumeria-in-provincia-di-lecce","16":"product_tag-profumeria-online","17":"product_tag-spedizione-in-tutta-europa","18":"product_tag-spedizione-in-tutta-italia","19":"product_tag-spedizione-rapida","20":"product_tag-tracolla-donna","21":"product_tag-tracolla-donna-in-pelle","22":"product_tag-vera-pelle","24":"first","25":"instock","26":"shipping-taxable","27":"purchasable","28":"product-type-variable"},"_links":{"self":[{"href":"https:\/\/www.profumeriadolcevita.com\/en\/wp-json\/wp\/v2\/product\/6115","targetHints":{"allow":["GET"]}}],"collection":[{"href":"https:\/\/www.profumeriadolcevita.com\/en\/wp-json\/wp\/v2\/product"}],"about":[{"href":"https:\/\/www.profumeriadolcevita.com\/en\/wp-json\/wp\/v2\/types\/product"}],"replies":[{"embeddable":true,"href":"https:\/\/www.profumeriadolcevita.com\/en\/wp-json\/wp\/v2\/comments?post=6115"}],"version-history":[{"count":0,"href":"https:\/\/www.profumeriadolcevita.com\/en\/wp-json\/wp\/v2\/product\/6115\/revisions"}],"wp:featuredmedia":[{"embeddable":true,"href":"https:\/\/www.profumeriadolcevita.com\/en\/wp-json\/wp\/v2\/media\/6222"}],"wp:attachment":[{"href":"https:\/\/www.profumeriadolcevita.com\/en\/wp-json\/wp\/v2\/media?parent=6115"}],"wp:term":[{"taxonomy":"product_cat","embeddable":true,"href":"https:\/\/www.profumeriadolcevita.com\/en\/wp-json\/wp\/v2\/product_cat?post=6115"},{"taxonomy":"product_tag","embeddable":true,"href":"https:\/\/www.profumeriadolcevita.com\/en\/wp-json\/wp\/v2\/product_tag?post=6115"}],"curies":[{"name":"wp","href":"https:\/\/api.w.org\/{rel}","templated":true}]}}