{"id":6243,"date":"2025-11-03T08:52:17","date_gmt":"2025-11-03T08:52:17","guid":{"rendered":"https:\/\/www.profumeriadolcevita.com\/?post_type=product&#038;p=6243"},"modified":"2025-11-03T08:53:42","modified_gmt":"2025-11-03T08:53:42","slug":"simona-abbacino-copricostume","status":"publish","type":"product","link":"https:\/\/www.profumeriadolcevita.com\/en\/shop\/simona-abbacino-copricostume\/","title":{"rendered":"Simona Abbacino Copricostume"},"content":{"rendered":"<p>Copricostume donna<\/p>\n<div id=\"Desktop-Detailed-Evaluation-Zone\" class=\"celwidget\" data-feature-name=\"Desktop-Detailed-Evaluation-Zone\" data-csa-c-type=\"widget\" data-csa-c-content-id=\"Desktop-Detailed-Evaluation-Zone\" data-csa-c-slot-id=\"Desktop-Detailed-Evaluation-Zone\" data-csa-c-asin=\"\" data-csa-c-is-in-initial-active-row=\"false\" data-csa-c-id=\"frprna-gxg5hn-frrvcr-t3ibq1\" data-cel-widget=\"Desktop-Detailed-Evaluation-Zone\">\n<div id=\"productDescription_feature_div\" class=\"celwidget pd_rd_w-jMFNf pd_rd_r-0AH14KQZCYFWSM6YG959 pd_rd_wg-VPKIr\" data-feature-name=\"productDescription\" data-csa-c-type=\"widget\" data-csa-c-content-id=\"productDescription\" data-csa-c-slot-id=\"productDescription_feature_div\" data-csa-c-asin=\"\" data-csa-c-is-in-initial-active-row=\"false\" data-csa-c-id=\"ojkrc3-mlodrt-521ryj-ucrqe5\" data-cel-widget=\"productDescription_feature_div\">\n<div id=\"productDescription_feature_div\" class=\"a-row feature\" data-feature-name=\"productDescription\" data-template-name=\"productDescription\" data-cel-widget=\"productDescription_feature_div\">\n<div id=\"productDescription\" class=\"a-section a-spacing-small\">\n<p>Caftano da donna realizzato in <strong>cotone<\/strong> con una bella stampa floreale che unisce due tonalit\u00e0 di colore. Il suo tessuto \u00e8 molto largo e morbido al tatto, rendendolo un complemento perfetto per accompagnarci nelle giornate pi\u00f9 calde dell&#8217;anno. Dispone di una scollatura a V molto lusinghiera e dispone di un cordoncino in vita che permette di regolarlo e aderire al corpo.\u00a0 <span class=\"a-list-item a-size-base a-color-base\" style=\"font-size: 16px;\">Realizzato in 100% <strong>cotone, <\/strong>l<\/span><span class=\"a-list-item a-size-base a-color-base\" style=\"font-size: 16px;\">avare a mano o in lavatrice in acqua fredda. <\/span><span class=\"a-list-item a-size-base a-color-base\" style=\"font-size: 16px;\">Un design perfetto per accompagnarti nelle giornate calde e in spiaggia <\/span><span class=\"a-list-item a-size-base a-color-base\" style=\"font-size: 16px;\">Stagione Primavera &#8211; Estate.<\/span><\/p>\n<\/div>\n<\/div>\n<\/div>\n<\/div>\n<div class=\"a-fixed-left-grid-col a-col-left\"><span class=\"a-color-base\"><strong>Tipo di chiusura:<\/strong> c<\/span><span class=\"a-color-base\">oulisse<\/span><\/div>\n<div><strong>Taglia:<\/strong> taglia unica<\/div>","protected":false},"excerpt":{"rendered":"<p><span class=\"a-list-item a-size-base a-color-base\">Un design perfetto per accompagnarti nelle giornate calde e in spiaggia <\/span><span class=\"a-list-item a-size-base a-color-base\">Stagione Primavera &#8211; Estate.<\/span><\/p>\n<div class=\"woocommerce-product-details__short-description\">\n<div class=\"woocommerce-product-details__short-description\">\n<div class=\"woocommerce-product-details__short-description\">\n<div class=\"woocommerce-product-details__short-description\">\n<div class=\"woocommerce-product-details__short-description\">\n<div class=\"woocommerce-product-details__short-description\">\n<div class=\"woocommerce-product-details__short-description\">\n<p>&nbsp;<\/p>\n<p>Profumeria\u00a0<strong>Dolce Vita<\/strong>\u00a0sita a\u00a0<strong>Copertino<\/strong>\u00a0in\u00a0<strong>provincia di Lecce<\/strong>\u00a0spedisce online in tutta Italia,\u00a0<strong>Europa<\/strong> e non solo: offre anche il ritiro in sede in provincia di Lecce!<\/p>\n<\/div>\n<\/div>\n<\/div>\n<\/div>\n<\/div>\n<\/div>\n<\/div>","protected":false},"featured_media":6310,"comment_status":"open","ping_status":"closed","template":"","meta":[],"product_cat":[1523],"product_tag":[1524,1525,95,187,96,85,86,1526],"class_list":{"0":"post-6243","1":"product","2":"type-product","3":"status-publish","4":"has-post-thumbnail","6":"product_cat-moda-mare","7":"product_tag-caftano-donna","8":"product_tag-copricostume","9":"product_tag-dolcevita-profumeria-copertino","10":"product_tag-estate","11":"product_tag-profumeria-copertino","12":"product_tag-profumeria-dolce-vita-copertino","13":"product_tag-profumeria-in-provincia-di-lecce","14":"product_tag-saldi-estivi","16":"first","17":"instock","18":"sale","19":"shipping-taxable","20":"purchasable","21":"product-type-simple"},"_links":{"self":[{"href":"https:\/\/www.profumeriadolcevita.com\/en\/wp-json\/wp\/v2\/product\/6243","targetHints":{"allow":["GET"]}}],"collection":[{"href":"https:\/\/www.profumeriadolcevita.com\/en\/wp-json\/wp\/v2\/product"}],"about":[{"href":"https:\/\/www.profumeriadolcevita.com\/en\/wp-json\/wp\/v2\/types\/product"}],"replies":[{"embeddable":true,"href":"https:\/\/www.profumeriadolcevita.com\/en\/wp-json\/wp\/v2\/comments?post=6243"}],"version-history":[{"count":0,"href":"https:\/\/www.profumeriadolcevita.com\/en\/wp-json\/wp\/v2\/product\/6243\/revisions"}],"wp:featuredmedia":[{"embeddable":true,"href":"https:\/\/www.profumeriadolcevita.com\/en\/wp-json\/wp\/v2\/media\/6310"}],"wp:attachment":[{"href":"https:\/\/www.profumeriadolcevita.com\/en\/wp-json\/wp\/v2\/media?parent=6243"}],"wp:term":[{"taxonomy":"product_cat","embeddable":true,"href":"https:\/\/www.profumeriadolcevita.com\/en\/wp-json\/wp\/v2\/product_cat?post=6243"},{"taxonomy":"product_tag","embeddable":true,"href":"https:\/\/www.profumeriadolcevita.com\/en\/wp-json\/wp\/v2\/product_tag?post=6243"}],"curies":[{"name":"wp","href":"https:\/\/api.w.org\/{rel}","templated":true}]}}