{"id":6277,"date":"2025-11-03T08:53:02","date_gmt":"2025-11-03T08:53:02","guid":{"rendered":"https:\/\/www.profumeriadolcevita.com\/?post_type=product&#038;p=6277"},"modified":"2026-01-07T15:56:57","modified_gmt":"2026-01-07T15:56:57","slug":"victorias-secret-acqua-corpo-profumata-2","status":"publish","type":"product","link":"https:\/\/www.profumeriadolcevita.com\/en\/shop\/victorias-secret-acqua-corpo-profumata-2\/","title":{"rendered":"Victoria&#8217;s Secret Acqua Corpo Profumata"},"content":{"rendered":"<p><strong>Victoria\u2019s Secret<\/strong>\u00a0body mist 250ml<\/p>\n<p>Celebra ed esalta il tuo essere donna con l\u2019acqua profumata corpo\u00a0<strong>Victoria\u2019s Secret<\/strong>. Scegli quella pi\u00f9 adatta a te tra fragranze\u00a0<strong>delicate<\/strong>\u00a0o\u00a0<strong>pi\u00f9 decise<\/strong>, per un profumo\u00a0<strong>leggero<\/strong>\u00a0ma che durer\u00e0 pi\u00f9 a lungo. Allontana lo stress quotidiano e coccola la tua pelle, lasciandoti inebriare dalla tua acqua corpo preferita: \u00e8 il tuo spirito che te lo chiede!<\/p>","protected":false},"excerpt":{"rendered":"<p>Allontana lo\u00a0<strong>stress\u00a0<\/strong>quotidiano e coccola la tua pelle, lasciandoti inebriare dalla tua acqua corpo preferita: \u00e8 il tuo spirito che te lo chiede!<\/p>\n<p>&nbsp;<\/p>\n<p>Profumeria\u00a0<strong>Dolce Vita<\/strong>\u00a0sita a\u00a0<strong>Copertino<\/strong>\u00a0in\u00a0<strong>provincia di Lecce<\/strong>\u00a0spedisce online in tutta Italia,\u00a0<strong>Europa<\/strong>\u00a0e non solo: offre anche il ritiro in sede in provincia di Lecce!<\/p>","protected":false},"featured_media":6359,"comment_status":"open","ping_status":"closed","template":"","meta":[],"product_cat":[1199],"product_tag":[1536,1537,1441,95,96,85,92,86,1442],"class_list":{"0":"post-6277","1":"product","2":"type-product","3":"status-publish","4":"has-post-thumbnail","6":"product_cat-acqua-corpo","7":"product_tag-acqua-corpo-profumata","8":"product_tag-acqua-corpo-victorias-secret","9":"product_tag-acqua-profumata-victorias-secret","10":"product_tag-dolcevita-profumeria-copertino","11":"product_tag-profumeria-copertino","12":"product_tag-profumeria-dolce-vita-copertino","13":"product_tag-profumeria-dolcevita-copertino","14":"product_tag-profumeria-in-provincia-di-lecce","15":"product_tag-victorias-secret","17":"first","18":"instock","19":"shipping-taxable","20":"purchasable","21":"product-type-variable"},"_links":{"self":[{"href":"https:\/\/www.profumeriadolcevita.com\/en\/wp-json\/wp\/v2\/product\/6277","targetHints":{"allow":["GET"]}}],"collection":[{"href":"https:\/\/www.profumeriadolcevita.com\/en\/wp-json\/wp\/v2\/product"}],"about":[{"href":"https:\/\/www.profumeriadolcevita.com\/en\/wp-json\/wp\/v2\/types\/product"}],"replies":[{"embeddable":true,"href":"https:\/\/www.profumeriadolcevita.com\/en\/wp-json\/wp\/v2\/comments?post=6277"}],"version-history":[{"count":0,"href":"https:\/\/www.profumeriadolcevita.com\/en\/wp-json\/wp\/v2\/product\/6277\/revisions"}],"wp:featuredmedia":[{"embeddable":true,"href":"https:\/\/www.profumeriadolcevita.com\/en\/wp-json\/wp\/v2\/media\/6359"}],"wp:attachment":[{"href":"https:\/\/www.profumeriadolcevita.com\/en\/wp-json\/wp\/v2\/media?parent=6277"}],"wp:term":[{"taxonomy":"product_cat","embeddable":true,"href":"https:\/\/www.profumeriadolcevita.com\/en\/wp-json\/wp\/v2\/product_cat?post=6277"},{"taxonomy":"product_tag","embeddable":true,"href":"https:\/\/www.profumeriadolcevita.com\/en\/wp-json\/wp\/v2\/product_tag?post=6277"}],"curies":[{"name":"wp","href":"https:\/\/api.w.org\/{rel}","templated":true}]}}