{"id":6358,"date":"2025-11-03T08:54:34","date_gmt":"2025-11-03T08:54:34","guid":{"rendered":"https:\/\/www.profumeriadolcevita.com\/?post_type=product&#038;p=6358"},"modified":"2026-04-15T08:41:51","modified_gmt":"2026-04-15T08:41:51","slug":"victorias-secret-acqua-corpo-profumata-5","status":"publish","type":"product","link":"https:\/\/www.profumeriadolcevita.com\/en\/shop\/victorias-secret-acqua-corpo-profumata-5\/","title":{"rendered":"Victoria&#8217;s Secret Acqua Corpo Profumata"},"content":{"rendered":"<p>Victoria\u2019s Secret\u00a0body mist 250ml<\/p>\n<p>Celebra ed esalta il tuo essere donna con l\u2019acqua profumata corpo\u00a0Victoria\u2019s Secret. Scegli quella pi\u00f9 adatta a te tra fragranze\u00a0delicate\u00a0o\u00a0pi\u00f9 decise, per un profumo\u00a0leggero\u00a0ma che durer\u00e0 pi\u00f9 a lungo. Allontana lo stress quotidiano e coccola la tua pelle, lasciandoti inebriare dalla tua acqua corpo preferita: \u00e8 il tuo spirito che te lo chiede!<\/p>","protected":false},"excerpt":{"rendered":"<p>Allontana lo\u00a0stress\u00a0quotidiano e coccola la tua pelle, lasciandoti inebriare dalla tua acqua corpo preferita: \u00e8 il tuo spirito che te lo chiede!<\/p>\n<p>Profumeria\u00a0<strong>Dolce Vita<\/strong>\u00a0sita a\u00a0<strong>Copertino<\/strong>\u00a0in\u00a0<strong>provincia di Lecce<\/strong>\u00a0spedisce online in tutta Italia,\u00a0<strong>Europa<\/strong>\u00a0e non solo: offre anche il ritiro in sede in provincia di Lecce!<\/p>","protected":false},"featured_media":6412,"comment_status":"open","ping_status":"closed","template":"","meta":[],"product_cat":[1199],"product_tag":[1547,95,96,85,86,1442,1548],"class_list":{"0":"post-6358","1":"product","2":"type-product","3":"status-publish","4":"has-post-thumbnail","6":"product_cat-acqua-corpo","7":"product_tag-acqua-corpo-profumata-victorias-secret","8":"product_tag-dolcevita-profumeria-copertino","9":"product_tag-profumeria-copertino","10":"product_tag-profumeria-dolce-vita-copertino","11":"product_tag-profumeria-in-provincia-di-lecce","12":"product_tag-victorias-secret","13":"product_tag-victorias-secret-acqua-profumata","15":"first","16":"instock","17":"shipping-taxable","18":"purchasable","19":"product-type-variable"},"_links":{"self":[{"href":"https:\/\/www.profumeriadolcevita.com\/en\/wp-json\/wp\/v2\/product\/6358","targetHints":{"allow":["GET"]}}],"collection":[{"href":"https:\/\/www.profumeriadolcevita.com\/en\/wp-json\/wp\/v2\/product"}],"about":[{"href":"https:\/\/www.profumeriadolcevita.com\/en\/wp-json\/wp\/v2\/types\/product"}],"replies":[{"embeddable":true,"href":"https:\/\/www.profumeriadolcevita.com\/en\/wp-json\/wp\/v2\/comments?post=6358"}],"version-history":[{"count":2,"href":"https:\/\/www.profumeriadolcevita.com\/en\/wp-json\/wp\/v2\/product\/6358\/revisions"}],"predecessor-version":[{"id":8537,"href":"https:\/\/www.profumeriadolcevita.com\/en\/wp-json\/wp\/v2\/product\/6358\/revisions\/8537"}],"wp:featuredmedia":[{"embeddable":true,"href":"https:\/\/www.profumeriadolcevita.com\/en\/wp-json\/wp\/v2\/media\/6412"}],"wp:attachment":[{"href":"https:\/\/www.profumeriadolcevita.com\/en\/wp-json\/wp\/v2\/media?parent=6358"}],"wp:term":[{"taxonomy":"product_cat","embeddable":true,"href":"https:\/\/www.profumeriadolcevita.com\/en\/wp-json\/wp\/v2\/product_cat?post=6358"},{"taxonomy":"product_tag","embeddable":true,"href":"https:\/\/www.profumeriadolcevita.com\/en\/wp-json\/wp\/v2\/product_tag?post=6358"}],"curies":[{"name":"wp","href":"https:\/\/api.w.org\/{rel}","templated":true}]}}