{"id":6497,"date":"2025-11-03T08:56:52","date_gmt":"2025-11-03T08:56:52","guid":{"rendered":"https:\/\/www.profumeriadolcevita.com\/?post_type=product&#038;p=6497"},"modified":"2026-01-29T10:26:18","modified_gmt":"2026-01-29T10:26:18","slug":"montblanc-legend-blue-eau-de-parfum","status":"publish","type":"product","link":"https:\/\/www.profumeriadolcevita.com\/en\/shop\/montblanc-legend-blue-eau-de-parfum\/","title":{"rendered":"Montblanc Legend Blue Eau De Parfum"},"content":{"rendered":"<p>Profumo Uomo <strong>Montblanc Legend Blue<\/strong> eau de parfum<\/p>\n<p>Ispirato agli elementi pi\u00f9 emblematici della leggendaria Maison <strong>Montblanc<\/strong>,<strong> Legend Blue Eau de Parfum<\/strong> celebra l&#8217;uomo <strong>carismatico<\/strong>, <strong>sensuale<\/strong> e <strong>sicuro<\/strong>. Un <strong>uomo<\/strong> che non ha paura di affrontare sentieri inesplorati, di lasciare il segno, di vivere la propria via con <strong>passione<\/strong> per forgiare la propria strada verso il <strong>successo<\/strong> e diventare leggenda. Come il blu che \u00e9 sinonimo di <strong>verit\u00e0<\/strong>, <strong>serenit\u00e0<\/strong>, <strong>saggezza<\/strong> e <strong>fiducia<\/strong>, questa fragranza <strong>aromatica<\/strong>, <strong>legnosa<\/strong> e <strong>fresca<\/strong> riflette le sfaccettature contrastanti dell&#8217;uomo <strong>Legend Blue<\/strong>.<\/p>\n<div><em>Piramide olfattiva<\/em><\/div>\n<div class=\"iayHgKPIUZWrzT4fpACP\"><span class=\"PHtNB5LNBAR0ej2bv6Bf\"><em>Nota di testa:<\/em> m<\/span>enta, menta verde<\/div>\n<div class=\"iayHgKPIUZWrzT4fpACP\"><span class=\"PHtNB5LNBAR0ej2bv6Bf\"><em>Nota di cuore:<\/em> l<\/span>egno di cedro, sandalo, legno<\/div>\n<div class=\"iayHgKPIUZWrzT4fpACP\"><span class=\"PHtNB5LNBAR0ej2bv6Bf\"><em>Nota di base:<\/em> a<\/span>mbroxano<\/div>","protected":false},"excerpt":{"rendered":"<p>L\u2019eau de parfum da uomo Montblanc Legend Blue ti regaler\u00e0 una scarica di energia a livello sensoriale che ti stimoler\u00e0 dandoti la forza di superare tutti gli ostacoli con facilit\u00e0 e leggerezza.<\/p>\n<div class=\"woocommerce-product-details__short-description\">\n<div class=\"woocommerce-product-details__short-description\">\n<div class=\"woocommerce-product-details__short-description\">\n<div class=\"woocommerce-product-details__short-description\">\n<div class=\"woocommerce-product-details__short-description\">\n<div class=\"woocommerce-product-details__short-description\">\n<div class=\"woocommerce-product-details__short-description\">\n<div class=\"woocommerce-product-details__short-description\">\n<div class=\"woocommerce-product-details__short-description\">\n<div class=\"woocommerce-product-details__short-description\">\n<p>&nbsp;<\/p>\n<p>Profumeria\u00a0<strong>Dolce Vita<\/strong>\u00a0sita a\u00a0<strong>Copertino<\/strong>\u00a0in\u00a0<strong>provincia di Lecce<\/strong>\u00a0spedisce online in tutta Italia,\u00a0<strong>Europa<\/strong>\u00a0e non solo: offre anche il ritiro in sede in provincia di Lecce!<\/p>\n<\/div>\n<\/div>\n<\/div>\n<\/div>\n<\/div>\n<\/div>\n<\/div>\n<\/div>\n<\/div>\n<\/div>","protected":false},"featured_media":6549,"comment_status":"open","ping_status":"closed","template":"","meta":[],"product_cat":[123],"product_tag":[95,1589,1590,96,86,143,1591],"class_list":{"0":"post-6497","1":"product","2":"type-product","3":"status-publish","4":"has-post-thumbnail","6":"product_cat-profumi-uomo","7":"product_tag-dolcevita-profumeria-copertino","8":"product_tag-montblanc-legend-blue","9":"product_tag-montblanc-legend-blue-eau-de-parfum","10":"product_tag-profumeria-copertino","11":"product_tag-profumeria-in-provincia-di-lecce","12":"product_tag-profumo-uomo","13":"product_tag-profumo-uomo-legend-blue","15":"first","16":"instock","17":"shipping-taxable","18":"purchasable","19":"product-type-variable"},"_links":{"self":[{"href":"https:\/\/www.profumeriadolcevita.com\/en\/wp-json\/wp\/v2\/product\/6497","targetHints":{"allow":["GET"]}}],"collection":[{"href":"https:\/\/www.profumeriadolcevita.com\/en\/wp-json\/wp\/v2\/product"}],"about":[{"href":"https:\/\/www.profumeriadolcevita.com\/en\/wp-json\/wp\/v2\/types\/product"}],"replies":[{"embeddable":true,"href":"https:\/\/www.profumeriadolcevita.com\/en\/wp-json\/wp\/v2\/comments?post=6497"}],"version-history":[{"count":0,"href":"https:\/\/www.profumeriadolcevita.com\/en\/wp-json\/wp\/v2\/product\/6497\/revisions"}],"wp:featuredmedia":[{"embeddable":true,"href":"https:\/\/www.profumeriadolcevita.com\/en\/wp-json\/wp\/v2\/media\/6549"}],"wp:attachment":[{"href":"https:\/\/www.profumeriadolcevita.com\/en\/wp-json\/wp\/v2\/media?parent=6497"}],"wp:term":[{"taxonomy":"product_cat","embeddable":true,"href":"https:\/\/www.profumeriadolcevita.com\/en\/wp-json\/wp\/v2\/product_cat?post=6497"},{"taxonomy":"product_tag","embeddable":true,"href":"https:\/\/www.profumeriadolcevita.com\/en\/wp-json\/wp\/v2\/product_tag?post=6497"}],"curies":[{"name":"wp","href":"https:\/\/api.w.org\/{rel}","templated":true}]}}