{"id":6523,"date":"2025-11-03T08:57:19","date_gmt":"2025-11-03T08:57:19","guid":{"rendered":"https:\/\/www.profumeriadolcevita.com\/?post_type=product&#038;p=6523"},"modified":"2026-04-11T07:20:27","modified_gmt":"2026-04-11T07:20:27","slug":"lpdo-superbe-cafe-parfum-intense","status":"publish","type":"product","link":"https:\/\/www.profumeriadolcevita.com\/en\/shop\/lpdo-superbe-cafe-parfum-intense\/","title":{"rendered":"LPDO Superbe Caf\u00e8 Parfum Intense"},"content":{"rendered":"<p>Profumo Unisex <strong>LPDO Superbe Caf\u00e8<\/strong> eau de parfum intense<\/p>\n<p>Superbe Caf\u00e9 \u00e8 concentrato <strong>puro<\/strong> e <strong>aromatico<\/strong> di <strong>rosa<\/strong> e <strong>caff\u00e8<\/strong>. La composizione, <strong>calda<\/strong> e <strong>sensuale<\/strong>, si apre con sublimi note di testa <strong>floreali<\/strong> che colpiscono l\u2019olfatto gi\u00e0 al primo annuso. Il cuore, <strong>forte<\/strong> e <strong>deciso<\/strong>, racchiude la <strong>ricchezza<\/strong> della rosa e l\u2019aroma dinamico dei chicchi puri del caff\u00e8. Il fondo, fatto di ambra, vaniglia e muschio bianco, dona alla fragranza un carattere <strong>strutturato<\/strong> e <strong>avvolgente<\/strong>.<\/p>\n<p>Piramide olfattiva<\/p>\n<p><em>Note di Testa:<\/em> note floreali<br \/>\n<em>Note di Cuore:<\/em> rosa, caf\u00e8<br \/>\n<em>Note di Fondo:\u00a0<\/em>ambra, vaniglia, muschio bianco<\/p>","protected":false},"excerpt":{"rendered":"<p>Superbe Caf\u00e9 \u00e8 concentrato puro e aromatico di rosa e caff\u00e8, la sua composizione, calda e sensuale.<\/p>\n<div class=\"woocommerce-product-details__short-description\">\n<div class=\"woocommerce-product-details__short-description\">\n<div class=\"woocommerce-product-details__short-description\">\n<div class=\"woocommerce-product-details__short-description\">\n<div class=\"woocommerce-product-details__short-description\">\n<div class=\"woocommerce-product-details__short-description\">\n<div class=\"woocommerce-product-details__short-description\">\n<div class=\"woocommerce-product-details__short-description\">\n<div class=\"woocommerce-product-details__short-description\">\n<div class=\"woocommerce-product-details__short-description\">\n<div class=\"woocommerce-product-details__short-description\">\n<div class=\"woocommerce-product-details__short-description\">\n<p>Profumeria\u00a0<strong>Dolce Vita<\/strong>\u00a0sita a\u00a0<strong>Copertino<\/strong>\u00a0in\u00a0<strong>provincia di Lecce<\/strong>\u00a0spedisce online in tutta Italia,\u00a0<strong>Europa<\/strong>\u00a0e non solo: offre anche il ritiro in sede in provincia di Lecce!<\/p>\n<\/div>\n<\/div>\n<\/div>\n<\/div>\n<\/div>\n<\/div>\n<\/div>\n<\/div>\n<\/div>\n<\/div>\n<\/div>\n<\/div>","protected":false},"featured_media":6587,"comment_status":"open","ping_status":"closed","template":"","meta":[],"product_cat":[194],"product_tag":[95,1601,1603,96,92,86,195,570],"class_list":{"0":"post-6523","1":"product","2":"type-product","3":"status-publish","4":"has-post-thumbnail","6":"product_cat-unisex","7":"product_tag-dolcevita-profumeria-copertino","8":"product_tag-lpdo","9":"product_tag-lpdo-superbe-cafe","10":"product_tag-profumeria-copertino","11":"product_tag-profumeria-dolcevita-copertino","12":"product_tag-profumeria-in-provincia-di-lecce","13":"product_tag-profumo-unisex","14":"product_tag-unisex","16":"first","17":"instock","18":"sale","19":"shipping-taxable","20":"purchasable","21":"product-type-variable"},"_links":{"self":[{"href":"https:\/\/www.profumeriadolcevita.com\/en\/wp-json\/wp\/v2\/product\/6523","targetHints":{"allow":["GET"]}}],"collection":[{"href":"https:\/\/www.profumeriadolcevita.com\/en\/wp-json\/wp\/v2\/product"}],"about":[{"href":"https:\/\/www.profumeriadolcevita.com\/en\/wp-json\/wp\/v2\/types\/product"}],"replies":[{"embeddable":true,"href":"https:\/\/www.profumeriadolcevita.com\/en\/wp-json\/wp\/v2\/comments?post=6523"}],"version-history":[{"count":0,"href":"https:\/\/www.profumeriadolcevita.com\/en\/wp-json\/wp\/v2\/product\/6523\/revisions"}],"wp:featuredmedia":[{"embeddable":true,"href":"https:\/\/www.profumeriadolcevita.com\/en\/wp-json\/wp\/v2\/media\/6587"}],"wp:attachment":[{"href":"https:\/\/www.profumeriadolcevita.com\/en\/wp-json\/wp\/v2\/media?parent=6523"}],"wp:term":[{"taxonomy":"product_cat","embeddable":true,"href":"https:\/\/www.profumeriadolcevita.com\/en\/wp-json\/wp\/v2\/product_cat?post=6523"},{"taxonomy":"product_tag","embeddable":true,"href":"https:\/\/www.profumeriadolcevita.com\/en\/wp-json\/wp\/v2\/product_tag?post=6523"}],"curies":[{"name":"wp","href":"https:\/\/api.w.org\/{rel}","templated":true}]}}