{"id":6568,"date":"2025-11-03T08:58:04","date_gmt":"2025-11-03T08:58:04","guid":{"rendered":"https:\/\/www.profumeriadolcevita.com\/?post_type=product&#038;p=6568"},"modified":"2026-03-23T18:56:13","modified_gmt":"2026-03-23T18:56:13","slug":"hermes-terre-dhermes-confezione-regalo","status":"publish","type":"product","link":"https:\/\/www.profumeriadolcevita.com\/en\/shop\/hermes-terre-dhermes-confezione-regalo\/","title":{"rendered":"Herm\u00e8s Terre D&#8217;Herm\u00e8s Confezione Regalo"},"content":{"rendered":"<p>Profumo uomo <strong>Terre d&#8217;Herm\u00e8s<\/strong> confezione regalo in edizione limitata<\/p>\n<p>Contiene:<\/p>\n<ul>\n<li>eau de toilette 50ml;<\/li>\n<li>eau de toilette 15ml (travel);<\/li>\n<\/ul>\n<p>Terre d\u2019Herm\u00e8s racconta il legame dell&#8217;uomo con la terra, il suo dialogo <strong>rispettoso<\/strong> e <strong>equilibrato<\/strong> con la <strong>natura<\/strong> e gli elementi. Terre d&#8217;Herm\u00e8s \u00e9 il profumo che riconduce l&#8217;uomo alle sue origini, alla sorgente della sua potenza creatrice. Fragranza <strong>minerale<\/strong> e <strong>bois\u00e9<\/strong>, Terre d&#8217;Herm\u00e8s Eau de Toilette unisce la <strong>potenza<\/strong> del cedro e lo <strong>splendore<\/strong> del pompelmo a una vibrante nota di silice.<\/p>\n<p>Piramide olfattiva<\/p>\n<p><strong>Nota di testa:<\/strong> arancia, pompelmo;<br \/>\n<strong>Nota di cuore:<\/strong> pepe, pelargonio (Geranio);<br \/>\n<strong>Nota di base:<\/strong> patchouli, cedro, vetiver, benzoino<\/p>","protected":false},"excerpt":{"rendered":"<p>L&#8217;iconica scatola arancione si veste di luce per far risplendere in grande stile le festivit\u00e0 natalizie. L&#8217;ex-libris, emblema di Herm\u00e8s, si reinventa trasformandosi in borchia e impreziosisce di scintillii questo cofanetto in edizione limitata.<\/p>\n<div class=\"woocommerce-product-details__short-description\">\n<div class=\"woocommerce-product-details__short-description\">\n<div class=\"woocommerce-product-details__short-description\">\n<div class=\"woocommerce-product-details__short-description\">\n<div class=\"woocommerce-product-details__short-description\">\n<p>&nbsp;<\/p>\n<p>Profumeria\u00a0<strong>Dolce Vita<\/strong>\u00a0sita a\u00a0<strong>Copertino<\/strong>\u00a0in\u00a0<strong>provincia di Lecce<\/strong>\u00a0spedisce online in tutta Italia,\u00a0<strong>Europa<\/strong>\u00a0e non solo: offre anche il ritiro in sede in provincia di Lecce!<\/p>\n<\/div>\n<\/div>\n<\/div>\n<\/div>\n<\/div>","protected":false},"featured_media":7339,"comment_status":"open","ping_status":"closed","template":"","meta":[],"product_cat":[162,165],"product_tag":[169,95,96,86,332,1642],"class_list":{"0":"post-6568","1":"product","2":"type-product","3":"status-publish","4":"has-post-thumbnail","6":"product_cat-confezione-regalo","7":"product_cat-natale","8":"product_tag-confezione-regalo-uomo","9":"product_tag-dolcevita-profumeria-copertino","10":"product_tag-profumeria-copertino","11":"product_tag-profumeria-in-provincia-di-lecce","12":"product_tag-terre-dhermes","13":"product_tag-terre-dhermes-eau-de-toilette","15":"first","16":"outofstock","17":"sale","18":"shipping-taxable","19":"purchasable","20":"product-type-simple"},"_links":{"self":[{"href":"https:\/\/www.profumeriadolcevita.com\/en\/wp-json\/wp\/v2\/product\/6568","targetHints":{"allow":["GET"]}}],"collection":[{"href":"https:\/\/www.profumeriadolcevita.com\/en\/wp-json\/wp\/v2\/product"}],"about":[{"href":"https:\/\/www.profumeriadolcevita.com\/en\/wp-json\/wp\/v2\/types\/product"}],"replies":[{"embeddable":true,"href":"https:\/\/www.profumeriadolcevita.com\/en\/wp-json\/wp\/v2\/comments?post=6568"}],"version-history":[{"count":0,"href":"https:\/\/www.profumeriadolcevita.com\/en\/wp-json\/wp\/v2\/product\/6568\/revisions"}],"wp:featuredmedia":[{"embeddable":true,"href":"https:\/\/www.profumeriadolcevita.com\/en\/wp-json\/wp\/v2\/media\/7339"}],"wp:attachment":[{"href":"https:\/\/www.profumeriadolcevita.com\/en\/wp-json\/wp\/v2\/media?parent=6568"}],"wp:term":[{"taxonomy":"product_cat","embeddable":true,"href":"https:\/\/www.profumeriadolcevita.com\/en\/wp-json\/wp\/v2\/product_cat?post=6568"},{"taxonomy":"product_tag","embeddable":true,"href":"https:\/\/www.profumeriadolcevita.com\/en\/wp-json\/wp\/v2\/product_tag?post=6568"}],"curies":[{"name":"wp","href":"https:\/\/api.w.org\/{rel}","templated":true}]}}