{"id":6670,"date":"2025-11-03T09:00:15","date_gmt":"2025-11-03T09:00:15","guid":{"rendered":"https:\/\/www.profumeriadolcevita.com\/?post_type=product&#038;p=6670"},"modified":"2026-03-27T10:28:12","modified_gmt":"2026-03-27T10:28:12","slug":"vitamol-crema-notte-cellulare-8","status":"publish","type":"product","link":"https:\/\/www.profumeriadolcevita.com\/en\/shop\/vitamol-crema-notte-cellulare-8\/","title":{"rendered":"Vitamol Crema Notte Cellulare 8"},"content":{"rendered":"<p>Trattamento cosmetico donna <strong>Crema notte cellulare 8 per pelle molto secca<\/strong> 40ml<\/p>\n<p>Una pelle molto secca \u00e8 sinonimo di <strong>disidratazione<\/strong>, assottigliamento della pelle e terreno fertile per la nascita di nuove rughe e l\u2019acuirsi dei segni gi\u00e0 presenti sul viso. Grazie alla crema cellulare 8, si otterr\u00e0 un trattamento di bellezza antiet\u00e0 che sfrutta l\u2019azione benefica di <strong>oli<\/strong> e <strong>burri nutrienti<\/strong>, <strong>Vitamine<\/strong> e attivi combinati espressamente per agire di notte sulla <strong>rigenerazione<\/strong> cellulare, l\u2019idratazione profonda per donarti al risveglio una pelle estremamente morbida, tonica e rilassata.<\/p>\n<p><strong>Modo d&#8217;uso:<\/strong> Applicare la sera su viso e collo precedentemente puliti e tonificati con un leggero massaggio fino a completo assorbimento.<\/p>\n<p><strong>Ideale per:\u00a0<\/strong> Pelli molto secche, che necessitano un trattamento ricco e nutriente per riequilibrarne idratazione e nutrimento.<\/p>","protected":false},"excerpt":{"rendered":"<p>Dalla texture ricca e nutriente, la crema Vitamol 8 presenta una formulazione ideale per andare incontro alla pelle del viso estremamente secca.<\/p>\n<div class=\"woocommerce-product-details__short-description\">\n<div class=\"woocommerce-product-details__short-description\">\n<div class=\"woocommerce-product-details__short-description\">\n<div class=\"woocommerce-product-details__short-description\">\n<div class=\"woocommerce-product-details__short-description\">\n<div class=\"woocommerce-product-details__short-description\">\n<div class=\"woocommerce-product-details__short-description\">\n<div class=\"woocommerce-product-details__short-description\">\n<div class=\"woocommerce-product-details__short-description\">\n<div class=\"woocommerce-product-details__short-description\">\n<div class=\"woocommerce-product-details__short-description\">\n<p>Profumeria\u00a0<strong>Dolce Vita<\/strong>\u00a0sita a\u00a0<strong>Copertino<\/strong>\u00a0in\u00a0<strong>provincia di Lecce<\/strong>\u00a0spedisce online in tutta Italia,\u00a0<strong>Europa<\/strong>\u00a0e non solo: offre anche il ritiro in sede in provincia di Lecce!<\/p>\n<\/div>\n<\/div>\n<\/div>\n<\/div>\n<\/div>\n<\/div>\n<\/div>\n<\/div>\n<\/div>\n<\/div>\n<\/div>","protected":false},"featured_media":6747,"comment_status":"open","ping_status":"closed","template":"","meta":[],"product_cat":[370],"product_tag":[1688,1680,1689,95,1690,96,86,1691],"class_list":{"0":"post-6670","1":"product","2":"type-product","3":"status-publish","4":"has-post-thumbnail","6":"product_cat-creme-viso-linea-viso","7":"product_tag-crema-notte","8":"product_tag-crema-viso-notte","9":"product_tag-crema-viso-notte-per-pelle-molto-secca","10":"product_tag-dolcevita-profumeria-copertino","11":"product_tag-pelli-secche","12":"product_tag-profumeria-copertino","13":"product_tag-profumeria-in-provincia-di-lecce","14":"product_tag-vitamol-crema-notte","16":"first","17":"instock","18":"sale","19":"shipping-taxable","20":"purchasable","21":"product-type-simple"},"_links":{"self":[{"href":"https:\/\/www.profumeriadolcevita.com\/en\/wp-json\/wp\/v2\/product\/6670","targetHints":{"allow":["GET"]}}],"collection":[{"href":"https:\/\/www.profumeriadolcevita.com\/en\/wp-json\/wp\/v2\/product"}],"about":[{"href":"https:\/\/www.profumeriadolcevita.com\/en\/wp-json\/wp\/v2\/types\/product"}],"replies":[{"embeddable":true,"href":"https:\/\/www.profumeriadolcevita.com\/en\/wp-json\/wp\/v2\/comments?post=6670"}],"version-history":[{"count":0,"href":"https:\/\/www.profumeriadolcevita.com\/en\/wp-json\/wp\/v2\/product\/6670\/revisions"}],"wp:featuredmedia":[{"embeddable":true,"href":"https:\/\/www.profumeriadolcevita.com\/en\/wp-json\/wp\/v2\/media\/6747"}],"wp:attachment":[{"href":"https:\/\/www.profumeriadolcevita.com\/en\/wp-json\/wp\/v2\/media?parent=6670"}],"wp:term":[{"taxonomy":"product_cat","embeddable":true,"href":"https:\/\/www.profumeriadolcevita.com\/en\/wp-json\/wp\/v2\/product_cat?post=6670"},{"taxonomy":"product_tag","embeddable":true,"href":"https:\/\/www.profumeriadolcevita.com\/en\/wp-json\/wp\/v2\/product_tag?post=6670"}],"curies":[{"name":"wp","href":"https:\/\/api.w.org\/{rel}","templated":true}]}}