{"id":6672,"date":"2025-11-03T09:00:19","date_gmt":"2025-11-03T09:00:19","guid":{"rendered":"https:\/\/www.profumeriadolcevita.com\/?post_type=product&#038;p=6672"},"modified":"2026-03-26T17:18:06","modified_gmt":"2026-03-26T17:18:06","slug":"vitamol-stamicel-contorno-occhi","status":"publish","type":"product","link":"https:\/\/www.profumeriadolcevita.com\/en\/shop\/vitamol-stamicel-contorno-occhi\/","title":{"rendered":"Vitamol Stamicel Contorno Occhi"},"content":{"rendered":"<p>Trattamento cosmetico unisex <strong>crema stamicel contorno occhi con cellule staminali vegetali<\/strong> 30ml<\/p>\n<p>L\u2019azione mirata di questo prodotto agisce per <strong>drenare<\/strong> ed <strong>alleviare<\/strong> occhiaie, borse e gonfiori, contribuisce a distendere le rughe, a ricompattare ed elasticizzare la cute, nel pieno rispetto dell\u2019eudermia cutanea. Questa Crema Contorno Occhi contiene STAMICEL un composto polifunzionale con elevate propriet\u00e0<\/p>\n<ul>\n<li>protettive<\/li>\n<li>anti-irritanti<\/li>\n<li>antinfiammatorie<\/li>\n<li>ristrutturanti<\/li>\n<li>anti invecchiamento<\/li>\n<\/ul>\n<p><strong>STAMICEL<\/strong> \u00e8 una miscela di ingredienti che associa le straordinarie propriet\u00e0 di due tipologie di \u201cCellule Staminali Vegetali\u201d e \u201cFitormoni\u201d che agiscono in sinergia per migliorare notevolmente l\u2019aspetto della pelle matura.<\/p>\n<ul>\n<li>Le cellule staminali vegetali di mela e quercia svolgono azione protettiva nei confronti degli attacchi esterni ad opera di smog, polvere e agenti atmosferici come vento, sole. Inoltre sostengono concretamente il microcircolo e i capillari, aumentandone il tono e riducendone, di conseguenza la fragilit\u00e0 e la permeabilit\u00e0.<\/li>\n<li>I fitormoni invece agiscono inibendo l\u2019attivit\u00e0 degli enzimi responsabili della demolizione del collagene e dell\u2019elastina.<\/li>\n<\/ul>\n<p>Grazie a questi preziosissimi ingredienti, Stamicel <strong>nutre<\/strong> la pelle estremamente sottile e incline a seccarsi del contorno occhi, svolge azione <strong>elasticizzante<\/strong> e attenua le rughe tipiche di questa zona. Lo sguardo acquista cos\u00ec un aspetto riposato e luminoso, mentre la pelle del contorno occhi \u00e8 pi\u00f9 tesa ed elastica.<\/p>\n<p><strong>Modo d&#8217;uso:<\/strong> Applicare mattina e sera sulla zona del contorno occhi, con leggero massaggio pichiettando con i polpastrelli, fino a completo assorbimento.<\/p>\n<p><strong>Ideale per:<\/strong> pelli estremamente sottile e incline alla secchezza.<\/p>","protected":false},"excerpt":{"rendered":"<p>La zona del contorno occhi \u00e8 la pi\u00f9 delicata del viso e necessita di una particolare attenzione.<\/p>\n<p>&nbsp;<\/p>\n<p><span style=\"font-size: 16px;\">Profumeria <\/span><strong style=\"font-size: 16px;\">Dolce Vita<\/strong><span style=\"font-size: 16px;\">\u00a0sita a\u00a0<\/span><strong style=\"font-size: 16px;\">Copertino<\/strong><span style=\"font-size: 16px;\">\u00a0in\u00a0<\/span><strong style=\"font-size: 16px;\">provincia di Lecce<\/strong><span style=\"font-size: 16px;\">\u00a0spedisce online in tutta Italia,\u00a0<\/span><strong style=\"font-size: 16px;\">Europa<\/strong><span style=\"font-size: 16px;\">\u00a0e non solo: offre anche il ritiro in sede in provincia di Lecce!<\/span><\/p>","protected":false},"featured_media":6752,"comment_status":"open","ping_status":"closed","template":"","meta":[],"product_cat":[370],"product_tag":[1696,1697,1698,95,96,86],"class_list":{"0":"post-6672","1":"product","2":"type-product","3":"status-publish","4":"has-post-thumbnail","6":"product_cat-creme-viso-linea-viso","7":"product_tag-contorno-occhi","8":"product_tag-contorno-occhi-con-cellule-staminali-vegetali","9":"product_tag-crema-contorno-occhi","10":"product_tag-dolcevita-profumeria-copertino","11":"product_tag-profumeria-copertino","12":"product_tag-profumeria-in-provincia-di-lecce","14":"first","15":"instock","16":"sale","17":"shipping-taxable","18":"purchasable","19":"product-type-simple"},"_links":{"self":[{"href":"https:\/\/www.profumeriadolcevita.com\/en\/wp-json\/wp\/v2\/product\/6672","targetHints":{"allow":["GET"]}}],"collection":[{"href":"https:\/\/www.profumeriadolcevita.com\/en\/wp-json\/wp\/v2\/product"}],"about":[{"href":"https:\/\/www.profumeriadolcevita.com\/en\/wp-json\/wp\/v2\/types\/product"}],"replies":[{"embeddable":true,"href":"https:\/\/www.profumeriadolcevita.com\/en\/wp-json\/wp\/v2\/comments?post=6672"}],"version-history":[{"count":0,"href":"https:\/\/www.profumeriadolcevita.com\/en\/wp-json\/wp\/v2\/product\/6672\/revisions"}],"wp:featuredmedia":[{"embeddable":true,"href":"https:\/\/www.profumeriadolcevita.com\/en\/wp-json\/wp\/v2\/media\/6752"}],"wp:attachment":[{"href":"https:\/\/www.profumeriadolcevita.com\/en\/wp-json\/wp\/v2\/media?parent=6672"}],"wp:term":[{"taxonomy":"product_cat","embeddable":true,"href":"https:\/\/www.profumeriadolcevita.com\/en\/wp-json\/wp\/v2\/product_cat?post=6672"},{"taxonomy":"product_tag","embeddable":true,"href":"https:\/\/www.profumeriadolcevita.com\/en\/wp-json\/wp\/v2\/product_tag?post=6672"}],"curies":[{"name":"wp","href":"https:\/\/api.w.org\/{rel}","templated":true}]}}