{"id":6692,"date":"2025-11-03T09:00:55","date_gmt":"2025-11-03T09:00:55","guid":{"rendered":"https:\/\/www.profumeriadolcevita.com\/?post_type=product&#038;p=6692"},"modified":"2025-11-03T09:02:46","modified_gmt":"2025-11-03T09:02:46","slug":"collistar-superabbronzante-intensivo-ultra-rapido-spf-20","status":"publish","type":"product","link":"https:\/\/www.profumeriadolcevita.com\/en\/shop\/collistar-superabbronzante-intensivo-ultra-rapido-spf-20\/","title":{"rendered":"Collistar Superabbronzante Intensivo Ultra-Rapido SPF 20"},"content":{"rendered":"<p>Collistar <strong>superabbronzante intensivo ultra-rapido SPF 20<\/strong>, 200ml<\/p>\n<p>La nuova formula di filtri UV attiva la vitamina della salute ed esclude solo i raggi dannosi esaltando i benefici della luce su benessere e bellezza della pelle.<\/p>\n<ul>\n<li>permette di abbronzarsi in pochissimo tempo, anche quando il sole \u00e8 poco intenso<\/li>\n<li>con attivatore di abbronzatura<\/li>\n<li>adatto e viso e corpo.<\/li>\n<\/ul>\n<p>Unico nel suo genere, questo rivoluzionario solare assicura un effetto abbronzante senza precedenti. Rigorosi test hanno infatti dimostrato che accelera e potenzia l\u2019abbronzatura grazie all\u2019associazione dell\u2019Unipertan\u00ae &#8211; esclusivo complesso energizzante e intensificatore di abbronzatura che sta alla base dei solari Collistar &#8211; con l\u2019oleil tirosina, il betacarotene e l\u2019estratto di carota che ne potenziano l\u2019efficacia. Vero e proprio attivatore di abbronzatura, il prodotto stimola, accelera e incrementa la naturale produzione di melanina, consentendo di abbronzarsi in pochissimo tempo, anche quando il sole \u00e8 poco intenso. Inoltre, fa s\u00ec che il colore ottenuto sia pi\u00f9 luminoso e duri pi\u00f9 a lungo. La sua formula, ricca di vitamina E, glicerolo e preziosi oli vegetali, difende l\u2019epidermide dall&#8217;azione inaridente di vento e salsedine e le assicura un\u2019intensa azione nutriente, idratante e antinvecchiamento. Utilizzato alcuni giorni prima, prepara la pelle al sole.<\/p>\n<p><strong>Modo d&#8217;uso:<\/strong> Adatto sia per il viso che per il corpo, viene prontamente assorbito garantendo alla pelle morbidezza e benessere anche dopo molte ore di sole. E\u2019 consigliato con le lampade UV-A di cui potenzia l&#8217;effetto abbronzante. Utilizzato alcuni giorni prima, prepara la pelle al sole. NON MACCHIA. Applicare il prodotto per la protezione solare prima dell&#8217;esposizione; riapplicare con frequenza per mantenere la protezione, soprattutto dopo aver traspirato o dopo essersi bagnati o asciugati.<\/p>","protected":false},"excerpt":{"rendered":"<p>L\u2019innovativo sistema filtrante pro Vitamina D che reinventa la protezione solare. La nuova formula di filtri UV attiva la vitamina della salute ed esclude solo i raggi dannosi esaltando i benefici della luce su benessere e bellezza della pelle.<\/p>\n<div class=\"woocommerce-product-details__short-description\">\n<div class=\"woocommerce-product-details__short-description\">\n<div class=\"woocommerce-product-details__short-description\">\n<div class=\"woocommerce-product-details__short-description\">\n<div class=\"woocommerce-product-details__short-description\">\n<div class=\"woocommerce-product-details__short-description\">\n<div class=\"woocommerce-product-details__short-description\">\n<div class=\"woocommerce-product-details__short-description\">\n<p>Profumeria\u00a0<strong>Dolce Vita<\/strong>\u00a0sita a\u00a0<strong>Copertino<\/strong>\u00a0in\u00a0<strong>provincia di Lecce<\/strong>\u00a0spedisce online in tutta Italia,\u00a0<strong>Europa<\/strong> e non solo: offre anche il ritiro in sede in provincia di Lecce!<\/p>\n<\/div>\n<\/div>\n<\/div>\n<\/div>\n<\/div>\n<\/div>\n<\/div>\n<\/div>","protected":false},"featured_media":6780,"comment_status":"open","ping_status":"closed","template":"","meta":[],"product_cat":[181],"product_tag":[],"class_list":{"0":"post-6692","1":"product","2":"type-product","3":"status-publish","4":"has-post-thumbnail","6":"product_cat-solari","8":"first","9":"outofstock","10":"shipping-taxable","11":"purchasable","12":"product-type-simple"},"_links":{"self":[{"href":"https:\/\/www.profumeriadolcevita.com\/en\/wp-json\/wp\/v2\/product\/6692","targetHints":{"allow":["GET"]}}],"collection":[{"href":"https:\/\/www.profumeriadolcevita.com\/en\/wp-json\/wp\/v2\/product"}],"about":[{"href":"https:\/\/www.profumeriadolcevita.com\/en\/wp-json\/wp\/v2\/types\/product"}],"replies":[{"embeddable":true,"href":"https:\/\/www.profumeriadolcevita.com\/en\/wp-json\/wp\/v2\/comments?post=6692"}],"version-history":[{"count":0,"href":"https:\/\/www.profumeriadolcevita.com\/en\/wp-json\/wp\/v2\/product\/6692\/revisions"}],"wp:featuredmedia":[{"embeddable":true,"href":"https:\/\/www.profumeriadolcevita.com\/en\/wp-json\/wp\/v2\/media\/6780"}],"wp:attachment":[{"href":"https:\/\/www.profumeriadolcevita.com\/en\/wp-json\/wp\/v2\/media?parent=6692"}],"wp:term":[{"taxonomy":"product_cat","embeddable":true,"href":"https:\/\/www.profumeriadolcevita.com\/en\/wp-json\/wp\/v2\/product_cat?post=6692"},{"taxonomy":"product_tag","embeddable":true,"href":"https:\/\/www.profumeriadolcevita.com\/en\/wp-json\/wp\/v2\/product_tag?post=6692"}],"curies":[{"name":"wp","href":"https:\/\/api.w.org\/{rel}","templated":true}]}}