{"id":7435,"date":"2026-01-05T11:02:54","date_gmt":"2026-01-05T11:02:54","guid":{"rendered":"https:\/\/www.profumeriadolcevita.com\/?post_type=product&#038;p=7435"},"modified":"2026-01-05T11:51:40","modified_gmt":"2026-01-05T11:51:40","slug":"astra-box-skin-your-skins-bffs","status":"publish","type":"product","link":"https:\/\/www.profumeriadolcevita.com\/en\/shop\/astra-box-skin-your-skins-bffs\/","title":{"rendered":"Astra Box Skin- Your Skin&#8217;s BFF&#8217;s"},"content":{"rendered":"<p>Astra Beauty Box la skincare diventer\u00e0 la tua migliore amica con Astra Skin: Your Skin\u2019s BFFs.<\/p>\n<p>Contiene:<\/p>\n<p><strong>Mousse Detergente Delicata 150ml: <\/strong>purifica la pelle del viso rimuovendo le impurit\u00e0 lasciandola pulita e idratata. Perfetta per una detersione quotidiana, rispetta il PH fisiologico della cute. Adatta a tutti i tipi di pelle, formulato con il 97% di ingredienti di origine naturale;<\/p>\n<p><strong>Contorno Occhi Crema Antifatica 15ml:<\/strong> una crema dal potere liftante, per un contorno occhi pi\u00f9 tonico e disteso;<\/p>\n<p><strong>Face Mask Emoliente Rivitalizzante:<\/strong> maschera viso in tessuto che disseta la pelle con una ricca miscela di preziosi ingredienti lenitivi. Dona un profondo senso di sollievo e benessere, assicurando morbidezza e idratazione, (monodose, uso singolo);<\/p>\n<p><strong>Crema Gel Viso 50ml :<\/strong> \u00e8 una crema-gel dalla texture leggera che richiama l&#8217;elemento acquatico. Caratterizzata da un rapido assorbimento, \u00e8 ideale per tutti i tipi di pelle: impura o secca, giovane o matura e ne mantiene a lungo l&#8217;idratazione ottimale;<\/p>\n<p><strong>Maschera Labbra Rigenerante Leave-on 10ml:<\/strong> una vera coccola dalle dolci note golose per labbra morbide, lisce e nutrite. La sua formula \u00e8 arricchita con burro di karit\u00e8, burro di mango e oli dalle propriet\u00e0 emollienti e nutrienti. L&#8217;estratto di radici di zenzero contrasta i radicali liberi grazie al gingerolo, noto antiossidante.<\/p>\n<p>Inclusi nel set <strong>polsini limited edition<\/strong> astra skin\u00a0comodi per l\u2019applicazione dei trattamenti. Un accessorio perfetto per aggiungere un tocco di stile alla tua routine skincare.<\/p>\n<p>Tutti i prodotti sono DERMATOLOGICAMENTE e OFTALMOLOGICAMENTE testati<\/p>","protected":false},"excerpt":{"rendered":"<p>Una box completa che include mousse detergente, crema gel viso, contorno occhi, maschera labbra, maschera viso in tessuto rivitalizzante e polsini limited edition. Prodotti pensati per coccolare la pelle ogni giorno, rendendo la routine un momento di benessere. Regalo ideale per chi ama prendersi cura di s\u00e9, perfetto tutto l\u2019anno.<\/p>\n<div class=\"c-product__short-description\">\n<div class=\"c-product__short-description\">\n<div class=\"c-product__short-description\">\n<div class=\"c-product__short-description\">\n<div class=\"woocommerce-product-details__short-description\">\n<div class=\"woocommerce-product-details__short-description\">\n<div class=\"woocommerce-product-details__short-description\">\n<div class=\"woocommerce-product-details__short-description\">\n<div class=\"woocommerce-product-details__short-description\">\n<div class=\"woocommerce-product-details__short-description\">\n<div class=\"woocommerce-product-details__short-description\">\n<div class=\"woocommerce-product-details__short-description\">\n<p>Profumeria\u00a0<strong>Dolce Vita<\/strong>\u00a0sita a\u00a0<strong>Copertino<\/strong>\u00a0in\u00a0<strong>provincia di Lecce<\/strong>\u00a0spedisce online in tutta Italia,\u00a0<strong>Europa<\/strong>\u00a0e non solo: offre anche il ritiro in sede in provincia di Lecce!<\/p>\n<\/div>\n<\/div>\n<\/div>\n<\/div>\n<\/div>\n<\/div>\n<\/div>\n<\/div>\n<\/div>\n<\/div>\n<\/div>\n<\/div>","protected":false},"featured_media":7437,"comment_status":"open","ping_status":"closed","template":"","meta":[],"product_cat":[162,370,356,359],"product_tag":[1772,1776,1773,95,96,86,1777],"class_list":{"0":"post-7435","1":"product","2":"type-product","3":"status-publish","4":"has-post-thumbnail","6":"product_cat-confezione-regalo","7":"product_cat-creme-viso-linea-viso","8":"product_cat-labbra","9":"product_cat-viso","10":"product_tag-astra","11":"product_tag-astra-easy-skincare-routine","12":"product_tag-astra-skin","13":"product_tag-dolcevita-profumeria-copertino","14":"product_tag-profumeria-copertino","15":"product_tag-profumeria-in-provincia-di-lecce","16":"product_tag-skincare-routine","18":"first","19":"instock","20":"shipping-taxable","21":"purchasable","22":"product-type-simple"},"_links":{"self":[{"href":"https:\/\/www.profumeriadolcevita.com\/en\/wp-json\/wp\/v2\/product\/7435","targetHints":{"allow":["GET"]}}],"collection":[{"href":"https:\/\/www.profumeriadolcevita.com\/en\/wp-json\/wp\/v2\/product"}],"about":[{"href":"https:\/\/www.profumeriadolcevita.com\/en\/wp-json\/wp\/v2\/types\/product"}],"replies":[{"embeddable":true,"href":"https:\/\/www.profumeriadolcevita.com\/en\/wp-json\/wp\/v2\/comments?post=7435"}],"version-history":[{"count":0,"href":"https:\/\/www.profumeriadolcevita.com\/en\/wp-json\/wp\/v2\/product\/7435\/revisions"}],"wp:featuredmedia":[{"embeddable":true,"href":"https:\/\/www.profumeriadolcevita.com\/en\/wp-json\/wp\/v2\/media\/7437"}],"wp:attachment":[{"href":"https:\/\/www.profumeriadolcevita.com\/en\/wp-json\/wp\/v2\/media?parent=7435"}],"wp:term":[{"taxonomy":"product_cat","embeddable":true,"href":"https:\/\/www.profumeriadolcevita.com\/en\/wp-json\/wp\/v2\/product_cat?post=7435"},{"taxonomy":"product_tag","embeddable":true,"href":"https:\/\/www.profumeriadolcevita.com\/en\/wp-json\/wp\/v2\/product_tag?post=7435"}],"curies":[{"name":"wp","href":"https:\/\/api.w.org\/{rel}","templated":true}]}}