{"id":8347,"date":"2026-03-24T09:35:33","date_gmt":"2026-03-24T09:35:33","guid":{"rendered":"https:\/\/www.profumeriadolcevita.com\/?post_type=product&#038;p=8347"},"modified":"2026-03-24T09:35:33","modified_gmt":"2026-03-24T09:35:33","slug":"hermes-elixir-des-merveilles-eau-de-parfum","status":"publish","type":"product","link":"https:\/\/www.profumeriadolcevita.com\/en\/shop\/hermes-elixir-des-merveilles-eau-de-parfum\/","title":{"rendered":"Herm\u00e8s Elixir Des Merveilles Eau De Parfum"},"content":{"rendered":"<p>Profumo Donna <strong>Elixir Des Merveilles<\/strong> Eau De Parfum 50ml<\/p>\n<p>Il parfumeur Jean-Claude Ellena intensifica la dolce magia delle <strong>Merveilles<\/strong> dando vita all\u2019\u00c9lixir des Merveilles. Una nuova stella gioiosa, un concentrato di meraviglia.<br \/>\nUn\u2019Eau de Parfum <strong>bois\u00e9<\/strong> e <strong>ambrata<\/strong> che fonde una golosa arancia candita, un benzoino <strong>avvolgente<\/strong> e un patchouli profondo. Sull\u2019iconico flacone delle Merveilles dall\u2019effetto lente di ingrandimento ricoperta di stelle, la magia arancione si fa sempre pi\u00f9 intensa. Sulla sommit\u00e0 dello spray \u00e8 inciso il sigillo \u201cclou de selle\u201d della Maison.<\/p>\n<p><em>Piramide olfattiva<\/em><br \/>\n<em>Nota di testa:<\/em> Arancia candita<br \/>\n<em>Nota di cuore:<\/em> Benzoino<br \/>\n<em>Nota di base:<\/em> Patchouli<\/p>","protected":false},"excerpt":{"rendered":"<p>Eau des Merveilles \u00e8 una finestra sulle meraviglie Herm\u00e8s, tra innocenza e fantasia, sogni d\u2019infanzia e femminilit\u00e0.<\/p>\n<div class=\"c-product__short-description\">\n<div class=\"woocommerce-product-details__short-description\">\n<div class=\"woocommerce-product-details__short-description\">\n<div class=\"woocommerce-product-details__short-description\">\n<div class=\"woocommerce-product-details__short-description\">\n<div class=\"woocommerce-product-details__short-description\">\n<div class=\"woocommerce-product-details__short-description\">\n<div class=\"woocommerce-product-details__short-description\">\n<p>Profumeria\u00a0<strong>Dolce Vita<\/strong>\u00a0sita a\u00a0<strong>Copertino<\/strong>\u00a0in\u00a0<strong>provincia di Lecce<\/strong>\u00a0spedisce online in tutta Italia,\u00a0<strong>Europa<\/strong>\u00a0e non solo: offre anche il ritiro in sede in provincia di Lecce!<\/p>\n<\/div>\n<\/div>\n<\/div>\n<\/div>\n<\/div>\n<\/div>\n<\/div>\n<\/div>","protected":false},"featured_media":8348,"comment_status":"open","ping_status":"closed","template":"","meta":[],"product_cat":[82],"product_tag":[95,1946,1947,625,1948,1949,86,87],"class_list":{"0":"post-8347","1":"product","2":"type-product","3":"status-publish","4":"has-post-thumbnail","6":"product_cat-profumi-donna","7":"product_tag-dolcevita-profumeria-copertino","8":"product_tag-eau-de-marveilles","9":"product_tag-elixir-des-marveilles","10":"product_tag-hermes","11":"product_tag-hermes-elixir-des-marveilles","12":"product_tag-hermes-profumo-donna","13":"product_tag-profumeria-in-provincia-di-lecce","14":"product_tag-profumo-donna","16":"first","17":"instock","18":"sale","19":"shipping-taxable","20":"purchasable","21":"product-type-simple"},"_links":{"self":[{"href":"https:\/\/www.profumeriadolcevita.com\/en\/wp-json\/wp\/v2\/product\/8347","targetHints":{"allow":["GET"]}}],"collection":[{"href":"https:\/\/www.profumeriadolcevita.com\/en\/wp-json\/wp\/v2\/product"}],"about":[{"href":"https:\/\/www.profumeriadolcevita.com\/en\/wp-json\/wp\/v2\/types\/product"}],"replies":[{"embeddable":true,"href":"https:\/\/www.profumeriadolcevita.com\/en\/wp-json\/wp\/v2\/comments?post=8347"}],"version-history":[{"count":0,"href":"https:\/\/www.profumeriadolcevita.com\/en\/wp-json\/wp\/v2\/product\/8347\/revisions"}],"wp:featuredmedia":[{"embeddable":true,"href":"https:\/\/www.profumeriadolcevita.com\/en\/wp-json\/wp\/v2\/media\/8348"}],"wp:attachment":[{"href":"https:\/\/www.profumeriadolcevita.com\/en\/wp-json\/wp\/v2\/media?parent=8347"}],"wp:term":[{"taxonomy":"product_cat","embeddable":true,"href":"https:\/\/www.profumeriadolcevita.com\/en\/wp-json\/wp\/v2\/product_cat?post=8347"},{"taxonomy":"product_tag","embeddable":true,"href":"https:\/\/www.profumeriadolcevita.com\/en\/wp-json\/wp\/v2\/product_tag?post=8347"}],"curies":[{"name":"wp","href":"https:\/\/api.w.org\/{rel}","templated":true}]}}