{"id":8450,"date":"2026-03-30T16:51:52","date_gmt":"2026-03-30T16:51:52","guid":{"rendered":"https:\/\/www.profumeriadolcevita.com\/?post_type=product&#038;p=8450"},"modified":"2026-03-30T16:51:52","modified_gmt":"2026-03-30T16:51:52","slug":"vitamol-detox-me-maschera-detergente-acido-salicilico","status":"publish","type":"product","link":"https:\/\/www.profumeriadolcevita.com\/en\/shop\/vitamol-detox-me-maschera-detergente-acido-salicilico\/","title":{"rendered":"Vitamol Detox Me Maschera Detergente Acido Salicilico"},"content":{"rendered":"<p>Trattamento cosmetico <strong>Detox Me Maschera<\/strong> <strong>Detergente<\/strong> 100ml<\/p>\n<p>Maschera Detergente che purifica la pelle in profondit\u00e0, esfoliandola, liberando i pori da impurit\u00e0 e rendendola visibilmente pi\u00f9 sana, opacizzata e luminosa. Risulta la scelta ottimale per chi soffre di sebo in eccesso e non ama avere l\u2019effetto \u201clucido\u201d della pelle e vuole trattare la pelle con efficacia ma senza aggredire la pelle nel contempo.<\/p>\n<ul>\n<li>TOTALMENTE BIO<\/li>\n<li>SENZA PARABENI E SILICONI<\/li>\n<li>SENZA OLI MINERALI E PARAFFINA<\/li>\n<li>SENZA SLES E SLS<\/li>\n<li>SENZA CESSORI DI FORMALDEIDE<\/li>\n<li>SENZA PEG<\/li>\n<\/ul>\n<p>La particolarit\u00e0 \u00e8 che riesce ad offrire in un\u2019unica formulazione ben 3 tipologie di utilizzo, risparmiando anche sul prezzo di dover acquistare pi\u00f9 prodotti.<\/p>\n<p><strong>1. Maschera:<\/strong> metti in posa su viso inumidito per 25minuti ed in seguito massaggiando risciacqua.<\/p>\n<p><strong>2. Esfoliante:<\/strong> a viso asciutto applica qualche goccia di prodotto e massaggia delicatamente per qualche minuti, senza dimenticare anche il collo ed il d\u00e9collet\u00e9, a seguire risciacqua.<\/p>\n<p><strong>3. Detergente:<\/strong> a viso inumidito applica qualche goccia di prodotto, massaggia e risciacqua<\/p>\n<p>Per chi ha la<em> pelle mista<\/em> \u00e8 in grado di <em>esfoliare<\/em>, <em>purificare<\/em> i pori ed opacizzare il viso grazie all\u2019azione sebo regolatrice.<\/p>\n<p>La portentosa efficacia di questa maschera detergente multi azione risiede, oltre alla facilit\u00e0 con la quale \u00e8 possibile utilizzarla ed integrarla nella propria skincare routine \u00e8 soprattutto nei seguenti ingredienti pazzeschi, ecco: Il carbone attivo svolge un azione <em>astringente<\/em> e <em>purificante<\/em>, ottimo nei casi di pelle <em>grassa<\/em> ed <em>acneica<\/em>. L\u2019<em>acido salicilico<\/em> grazie alla sua azione <em>antibatterica<\/em> <em>purifica<\/em> ed esfolia i pori alleviando la presenza di <em>brufoli<\/em>, <em>punti neri<\/em> e <em>macchie<\/em>. La pelle risulta levigata, pulita, luminosa e rivitalizzata.<\/p>","protected":false},"excerpt":{"rendered":"<p>Maschera Detergente \u00e8 un prodotto multifunzione che fa sia da detergente esfoliante che da maschera detox. Questo trattamento purificante viso, libera i pori in profondit\u00e0 lasciando la pelle ben detersa, levigata e setosa. Effetto opacizzante della pelle immediato.<\/p>\n<div class=\"c-product__short-description\">\n<div class=\"woocommerce-product-details__short-description\">\n<div class=\"woocommerce-product-details__short-description\">\n<div class=\"woocommerce-product-details__short-description\">\n<div class=\"woocommerce-product-details__short-description\">\n<div class=\"woocommerce-product-details__short-description\">\n<div class=\"woocommerce-product-details__short-description\">\n<p>Profumeria\u00a0<strong>Dolce Vita<\/strong>\u00a0sita a\u00a0<strong>Copertino<\/strong>\u00a0in\u00a0<strong>provincia di Lecce<\/strong>\u00a0spedisce online in tutta Italia,\u00a0<strong>Europa<\/strong>\u00a0e non solo: offre anche il ritiro in sede in provincia di Lecce!<\/p>\n<\/div>\n<\/div>\n<\/div>\n<\/div>\n<\/div>\n<\/div>\n<\/div>","protected":false},"featured_media":8451,"comment_status":"open","ping_status":"closed","template":"","meta":[],"product_cat":[379,359],"product_tag":[96,86,1687,1953,1954],"class_list":{"0":"post-8450","1":"product","2":"type-product","3":"status-publish","4":"has-post-thumbnail","6":"product_cat-detergenti-viso","7":"product_cat-viso","8":"product_tag-profumeria-copertino","9":"product_tag-profumeria-in-provincia-di-lecce","10":"product_tag-vitamol","11":"product_tag-vitamol-detox-me","12":"product_tag-vitamol-maschera-detergente","14":"first","15":"instock","16":"sale","17":"shipping-taxable","18":"purchasable","19":"product-type-simple"},"_links":{"self":[{"href":"https:\/\/www.profumeriadolcevita.com\/en\/wp-json\/wp\/v2\/product\/8450","targetHints":{"allow":["GET"]}}],"collection":[{"href":"https:\/\/www.profumeriadolcevita.com\/en\/wp-json\/wp\/v2\/product"}],"about":[{"href":"https:\/\/www.profumeriadolcevita.com\/en\/wp-json\/wp\/v2\/types\/product"}],"replies":[{"embeddable":true,"href":"https:\/\/www.profumeriadolcevita.com\/en\/wp-json\/wp\/v2\/comments?post=8450"}],"version-history":[{"count":0,"href":"https:\/\/www.profumeriadolcevita.com\/en\/wp-json\/wp\/v2\/product\/8450\/revisions"}],"wp:featuredmedia":[{"embeddable":true,"href":"https:\/\/www.profumeriadolcevita.com\/en\/wp-json\/wp\/v2\/media\/8451"}],"wp:attachment":[{"href":"https:\/\/www.profumeriadolcevita.com\/en\/wp-json\/wp\/v2\/media?parent=8450"}],"wp:term":[{"taxonomy":"product_cat","embeddable":true,"href":"https:\/\/www.profumeriadolcevita.com\/en\/wp-json\/wp\/v2\/product_cat?post=8450"},{"taxonomy":"product_tag","embeddable":true,"href":"https:\/\/www.profumeriadolcevita.com\/en\/wp-json\/wp\/v2\/product_tag?post=8450"}],"curies":[{"name":"wp","href":"https:\/\/api.w.org\/{rel}","templated":true}]}}