{"id":8512,"date":"2026-04-08T17:34:33","date_gmt":"2026-04-08T17:34:33","guid":{"rendered":"https:\/\/www.profumeriadolcevita.com\/?post_type=product&#038;p=8512"},"modified":"2026-04-08T17:35:41","modified_gmt":"2026-04-08T17:35:41","slug":"lancome-la-vie-est-belle-shower-gel","status":"publish","type":"product","link":"https:\/\/www.profumeriadolcevita.com\/en\/shop\/lancome-la-vie-est-belle-shower-gel\/","title":{"rendered":"Lanc\u00f4me La Vie Est Belle Shower Gel"},"content":{"rendered":"<p>Trattamento cosmetico donna <strong>Lanc\u00f4me La Vie Est Belle<\/strong> shower gel 200ml<\/p>\n<div class=\"product-description-correction\">\n<p>Lanc\u00f4me La Vie Est Belle shower gel \u00e8 il raffinato e romantico gel doccia che restituisce le note libere e ottimiste dell&#8217;omonima fragranza, vera rivelazione olfattiva degli ultimi anni. Un&#8217;esperienza piacevole ed intensa, anche sotto la doccia.<\/p>\n<\/div>","protected":false},"excerpt":{"rendered":"<p>Ogni donna \u00e8 alla ricerca della felicit\u00e0. Vera e propria dichiarazione olfattiva la nuova fragranza Lanc\u00f4me.<\/p>\n<p>Profumeria\u00a0<strong>Dolce Vita<\/strong>\u00a0sita a\u00a0<strong>Copertino<\/strong>\u00a0in\u00a0<strong>provincia di Lecce<\/strong>\u00a0spedisce online in tutta Italia,\u00a0<strong>Europa<\/strong>\u00a0e non solo: offre anche il ritiro in sede in provincia di Lecce!<\/p>\n<p>&nbsp;<\/p>","protected":false},"featured_media":8514,"comment_status":"open","ping_status":"closed","template":"","meta":[],"product_cat":[407],"product_tag":[955,1959,1962,1961,85,86,1960],"class_list":{"0":"post-8512","1":"product","2":"type-product","3":"status-publish","4":"has-post-thumbnail","6":"product_cat-bagnoschiuma-donna","7":"product_tag-bagnoschiuma-donna","8":"product_tag-bagnoschiuma-lancome","9":"product_tag-gel-doccia-lancome","10":"product_tag-la-vie-est-belle-bagnoschiuma","11":"product_tag-profumeria-dolce-vita-copertino","12":"product_tag-profumeria-in-provincia-di-lecce","13":"product_tag-shower-gel-lancome","15":"first","16":"instock","17":"sale","18":"shipping-taxable","19":"purchasable","20":"product-type-simple"},"_links":{"self":[{"href":"https:\/\/www.profumeriadolcevita.com\/en\/wp-json\/wp\/v2\/product\/8512","targetHints":{"allow":["GET"]}}],"collection":[{"href":"https:\/\/www.profumeriadolcevita.com\/en\/wp-json\/wp\/v2\/product"}],"about":[{"href":"https:\/\/www.profumeriadolcevita.com\/en\/wp-json\/wp\/v2\/types\/product"}],"replies":[{"embeddable":true,"href":"https:\/\/www.profumeriadolcevita.com\/en\/wp-json\/wp\/v2\/comments?post=8512"}],"version-history":[{"count":0,"href":"https:\/\/www.profumeriadolcevita.com\/en\/wp-json\/wp\/v2\/product\/8512\/revisions"}],"wp:featuredmedia":[{"embeddable":true,"href":"https:\/\/www.profumeriadolcevita.com\/en\/wp-json\/wp\/v2\/media\/8514"}],"wp:attachment":[{"href":"https:\/\/www.profumeriadolcevita.com\/en\/wp-json\/wp\/v2\/media?parent=8512"}],"wp:term":[{"taxonomy":"product_cat","embeddable":true,"href":"https:\/\/www.profumeriadolcevita.com\/en\/wp-json\/wp\/v2\/product_cat?post=8512"},{"taxonomy":"product_tag","embeddable":true,"href":"https:\/\/www.profumeriadolcevita.com\/en\/wp-json\/wp\/v2\/product_tag?post=8512"}],"curies":[{"name":"wp","href":"https:\/\/api.w.org\/{rel}","templated":true}]}}